{"id":4594,"date":"2025-05-15T15:21:21","date_gmt":"2025-05-15T13:21:21","guid":{"rendered":"https:\/\/3mon.sk\/eshop\/?post_type=product&#038;p=4594"},"modified":"2026-05-05T20:59:45","modified_gmt":"2026-05-05T18:59:45","slug":"praskovy-hasiaci-pristroj-hastex-34a-6-kg-p6te","status":"publish","type":"product","link":"https:\/\/3mon.sk\/eshop\/produkt\/praskovy-hasiaci-pristroj-hastex-34a-6-kg-p6te\/","title":{"rendered":"Pr\u00e1\u0161kov\u00fd hasiaci pr\u00edstroj HASTEX 34A 6 kg- P6Te"},"content":{"rendered":"\t\t<div data-elementor-type=\"wp-post\" data-elementor-id=\"4594\" class=\"elementor elementor-4594\">\n\t\t\t\t\t\t<section class=\"elementor-section elementor-top-section elementor-element elementor-element-1e0ed39 elementor-section-boxed elementor-section-height-default elementor-section-height-default\" data-id=\"1e0ed39\" data-element_type=\"section\" data-e-type=\"section\">\r\n\t\t\r\n\t\t\t\t\t\t\t<div class=\"elementor-container elementor-column-gap-default\">\r\n\t\t\t\t\t\t\t\t\t\t\t<div class=\"elementor-column elementor-col-100 elementor-top-column elementor-element elementor-element-98b695a\" data-id=\"98b695a\" data-element_type=\"column\" data-e-type=\"column\">\r\n\t\t\t\t\t<div class=\"elementor-widget-wrap elementor-element-populated\">\r\n\t\t\t\t\t\t\t\t<div class=\"elementor-element elementor-element-951f517 elementor-widget elementor-widget-text-editor\" data-id=\"951f517\" data-element_type=\"widget\" data-e-type=\"widget\" data-widget_type=\"text-editor.default\">\n\t\t\t\t<div class=\"elementor-widget-container\">\n\t\t\t\t\t\t\t\t\t<h3 data-start=\"67\" data-end=\"108\">Pre\u010do si hasiaci pr\u00edstroj zaobstara\u0165?<\/h3><p data-start=\"110\" data-end=\"436\">Tento <strong data-start=\"116\" data-end=\"171\">pr\u00e1\u0161kov\u00fd hasiaci pr\u00edstroj s n\u00e1pl\u0148ou 6 kg ABC pr\u00e1\u0161ku<\/strong> patr\u00ed medzi na\u0161e najpred\u00e1vanej\u0161ie modely v\u010faka svojej univerz\u00e1lnosti a spo\u013eahlivosti. Je ide\u00e1lny ako prvok po\u017eiarnej ochrany do dom\u00e1cnost\u00ed, novostavieb aj prev\u00e1dzok. V\u010faka jednoduch\u00e9mu pou\u017eitiu a vysok\u00e9mu hasiacemu \u00fa\u010dinku je praktick\u00fdm pomocn\u00edkom takmer kdeko\u013evek.<\/p><h3 data-start=\"494\" data-end=\"532\">K \u010domu je hasiaci pr\u00edstroj vhodn\u00fd?<\/h3><p>Univerz\u00e1lne pou\u017eite\u013en\u00fd v <strong data-start=\"508\" data-end=\"602\">dom\u00e1cnostiach, obchodoch, priemysle, po\u013enohospod\u00e1rstve, slu\u017eb\u00e1ch, zdravotn\u00edctve aj m\u00faze\u00e1ch<\/strong>. Je ur\u010den\u00fd na hasenie po\u017eiarov v po\u010diato\u010dnej f\u00e1ze \u2013 triedy A (pevn\u00e9 l\u00e1tky), B (kvapaliny) a C (plyny).<\/p><p data-start=\"534\" data-end=\"982\"><span style=\"letter-spacing: normal;\">Bezpe\u010dn\u00fd aj na hasenie elektrick\u00fdch zariaden\u00ed pod nap\u00e4t\u00edm a\u017e <\/span><strong style=\"letter-spacing: normal;\" data-start=\"769\" data-end=\"782\">do 110 kV<\/strong><span style=\"letter-spacing: normal;\"> (pri dodr\u017ean\u00ed bezpe\u010dnostnej vzdialenosti). Pr\u00edstroj je pod st\u00e1lym tlakom, vybaven\u00fd manometrom na jednoduch\u00fa kontrolu stavu.<\/span><\/p><h3 data-start=\"534\" data-end=\"982\"><span style=\"font-size: 18px; letter-spacing: -0.18px;\">Balenie obsahuje<\/span><\/h3><ul data-start=\"1011\" data-end=\"1146\"><li data-start=\"935\" data-end=\"973\"><p data-start=\"937\" data-end=\"973\">Pr\u00e1\u0161kov\u00fd hasiaci pr\u00edstroj 6 kg ABC<\/p><\/li><li data-start=\"974\" data-end=\"1018\"><p data-start=\"976\" data-end=\"1018\">Dr\u017eiak na stenu pre jednoduch\u00e9 uchytenie<\/p><\/li><li data-start=\"974\" data-end=\"1018\"><p data-start=\"976\" data-end=\"1018\"><span style=\"color: inherit; font-family: inherit; letter-spacing: 0.005em;\">Typov\u00fd \u0161t\u00edtok s n\u00e1vodom na pou\u017eitie<\/span><\/p><\/li><\/ul><h3 data-start=\"1153\" data-end=\"1168\">Upozornenie<\/h3><p data-start=\"1170\" data-end=\"1328\">Hasiaci pr\u00edstroj je vyroben\u00fd v s\u00falade s eur\u00f3pskou normou<strong data-start=\"1139\" data-end=\"1151\">\u00a0EN 3<\/strong> a sp\u013a\u0148a v\u0161etky po\u017eiadavky na bezpe\u010dnos\u0165 a funk\u010dnos\u0165 v r\u00e1mci legislat\u00edvy E\u00da.<\/p>\t\t\t\t\t\t\t\t<\/div>\n\t\t\t\t<\/div>\n\t\t\t\t\t<\/div>\r\n\t\t\t\t<\/div>\r\n\t\t\t\t\t<\/div>\r\n\t\t\t\t<\/section>\r\n\t\t\t\t<\/div>\n\t\t","protected":false},"excerpt":{"rendered":"<p>Tento\u00a0<strong data-start=\"116\" data-end=\"171\">pr\u00e1\u0161kov\u00fd hasiaci pr\u00edstroj s n\u00e1pl\u0148ou 6 kg ABC pr\u00e1\u0161ku<\/strong> patr\u00ed medzi na\u0161e najpred\u00e1vanej\u0161ie modely v\u010faka svojej univerz\u00e1lnosti a spo\u013eahlivosti. Je ide\u00e1lny ako prvok po\u017eiarnej ochrany do dom\u00e1cnost\u00ed, novostavieb aj prev\u00e1dzok.<\/p>\n","protected":false},"featured_media":4606,"comment_status":"open","ping_status":"closed","template":"","meta":{"_acf_changed":false,"_uf_show_specific_survey":0,"_uf_disable_surveys":false},"product_brand":[],"product_cat":[18,19,20],"product_tag":[335,336],"class_list":{"0":"post-4594","1":"product","2":"type-product","3":"status-publish","4":"has-post-thumbnail","6":"product_cat-hasiace-pristroje","7":"product_cat-prenosne-hasiace-pristroje","8":"product_cat-praskove-hasiace-pristroje","9":"product_tag-hastexhaspr","10":"product_tag-p6te","11":"wcpa_has_options","13":"first","14":"instock","15":"sale","16":"taxable","17":"shipping-taxable","18":"purchasable","19":"product-type-simple"},"acf":[],"wcpa_form_fields":{"rules":{"pric_overide_base_price":false,"pric_overide_base_price_if_gt_zero":false,"pric_overide_base_price_fully":false,"pric_cal_option_once":false,"pric_use_as_fee":false,"bind_quantity":false,"quantity_bind_formula":false},"fields":[{"type":"text","elementId":"wcpa-text-1701694932704","label":"POZOR!","value":"Hasiace pr\u00edstroje pred\u00e1vame iba na osobn\u00fd odber, tlakov\u00e9 n\u00e1doby nie je mo\u017en\u00e9 zasiela\u0165 kuri\u00e9rom.","pricingType":"fixed","name":"text-1701694932704","subtype":"text","cl_rule":"show","col":6,"relations":false,"form_id":3854,"form_rules":{"pric_cal_option_once":false,"exclude_from_discount":false,"pric_use_as_fee":false,"fee_label":"Poplatok","render_after_acb":false,"disp_hide_options_price":false}},{"type":"checkbox-group","elementId":"wcpa-checkbox-group-1674660255438","label":"Dar\u010dek k n\u00e1kupu","priceOptions":"fixed_for_all","pricingType":"multiply","price":"3","name":"checkbox-group-1674660255438","other_text":"Other","cl_rule":"show","col":6,"values":[{"label":"Dr\u017eiak k pr\u00edstroju","value":"option-1","price":"","pimage":"","pimage_id":"","pthumb":"","selected":true},{"label":"Skompletizovanie PHP","value":"","price":"","pimage":"","pimage_id":"","pthumb":"","selected":true}],"relations":false,"form_id":994,"form_rules":{"pric_cal_option_once":false,"exclude_from_discount":false,"pric_use_as_fee":false,"fee_label":"Poplatok","render_after_acb":false,"disp_hide_options_price":false}},{"type":"checkbox-group","elementId":"wcpa-checkbox-group-1674658740881","label":"Doplnkov\u00e1 slu\u017eba","description":"Povinn\u00e9, ak budete hasiace pr\u00edstroje pou\u017e\u00edva\u0165 v podnikate\u013esk\u00fdch priestoroch.","desc_type":true,"enablePrice":true,"priceOptions":"fixed_for_all","pricingType":"multiply","price":"3,5","name":"checkbox-group-1674658740881","other_text":"Ostatn\u00e9","cl_rule":"show","col":6,"values":[{"label":"K\u00fapi\u0165 s rev\u00edziou (3,5\u20ac)","value":"option-1","price":"2,5","pimage":"","pimage_id":"","pthumb":""}],"relations":false,"form_id":994,"form_rules":{"pric_cal_option_once":false,"exclude_from_discount":false,"pric_use_as_fee":false,"fee_label":"Poplatok","render_after_acb":false,"disp_hide_options_price":false}},{"type":"checkbox-group","elementId":"wcpa-checkbox-group-1691055912438","label":"Mo\u017enos\u0165 doobjedna\u0165","description":"Piktogram Hasiaci pr\u00edstroj na ozna\u010denie miesta, kde bude HP umiestnen\u00fd.","desc_type":true,"enablePrice":true,"priceOptions":"fixed_for_all","pricingType":"multiply","price":"1,5","name":"checkbox-group-1691055912437","other_text":"Ostatn\u00e9","cl_rule":"show","col":6,"values":[{"label":"K\u00fapi\u0165 s piktogramom (1,5 \u20ac)","value":"option-1","price":"2,5","pimage":"","pimage_id":"","pthumb":""}],"relations":false,"form_id":994,"form_rules":{"pric_cal_option_once":false,"exclude_from_discount":false,"pric_use_as_fee":false,"fee_label":"Poplatok","render_after_acb":false,"disp_hide_options_price":false}}]},"yoast_head":"<!-- This site is optimized with the Yoast SEO plugin v27.1.1 - https:\/\/yoast.com\/product\/yoast-seo-wordpress\/ -->\n<title>Pr\u00e1\u0161kov\u00fd hasiaci pr\u00edstroj HASTEX 34A 6 kg- P6Te - 3MON Eshop<\/title>\n<meta name=\"description\" content=\"Pr\u00e1\u0161kov\u00fd hasiaci pr\u00edstroj HASTEX 34A 6kg \u2013 spo\u013eahliv\u00fd pomocn\u00edk pri po\u017eiari. Vhodn\u00fd do dom\u00e1cnost\u00ed, kancel\u00e1ri\u00ed aj prev\u00e1dzok. Overen\u00e1 kvalita a v\u00fdkon.\" \/>\n<meta name=\"robots\" content=\"index, follow, max-snippet:-1, max-image-preview:large, max-video-preview:-1\" \/>\n<link rel=\"canonical\" href=\"https:\/\/3mon.sk\/eshop\/produkt\/praskovy-hasiaci-pristroj-hastex-34a-6-kg-p6te\/\" \/>\n<meta property=\"og:locale\" content=\"sk_SK\" \/>\n<meta property=\"og:type\" content=\"article\" \/>\n<meta property=\"og:title\" content=\"Pr\u00e1\u0161kov\u00fd hasiaci pr\u00edstroj HASTEX 34A 6 kg- P6Te - 3MON Eshop\" \/>\n<meta property=\"og:description\" content=\"Pr\u00e1\u0161kov\u00fd hasiaci pr\u00edstroj HASTEX 34A 6kg \u2013 spo\u013eahliv\u00fd pomocn\u00edk pri po\u017eiari. Vhodn\u00fd do dom\u00e1cnost\u00ed, kancel\u00e1ri\u00ed aj prev\u00e1dzok. Overen\u00e1 kvalita a v\u00fdkon.\" \/>\n<meta property=\"og:url\" content=\"https:\/\/3mon.sk\/eshop\/produkt\/praskovy-hasiaci-pristroj-hastex-34a-6-kg-p6te\/\" \/>\n<meta property=\"og:site_name\" content=\"3MON Eshop\" \/>\n<meta property=\"article:publisher\" content=\"https:\/\/www.facebook.com\/3MONsro\" \/>\n<meta property=\"article:modified_time\" content=\"2026-05-05T18:59:45+00:00\" \/>\n<meta property=\"og:image\" content=\"https:\/\/3mon.sk\/eshop\/wp-content\/uploads\/2025\/05\/hastex-p6te.webp\" \/>\n\t<meta property=\"og:image:width\" content=\"1000\" \/>\n\t<meta property=\"og:image:height\" content=\"1000\" \/>\n\t<meta property=\"og:image:type\" content=\"image\/webp\" \/>\n<meta name=\"twitter:card\" content=\"summary_large_image\" \/>\n<meta name=\"twitter:label1\" content=\"Predpokladan\u00fd \u010das \u010d\u00edtania\" \/>\n\t<meta name=\"twitter:data1\" content=\"2 min\u00faty\" \/>\n<script type=\"application\/ld+json\" class=\"yoast-schema-graph\">{\"@context\":\"https:\/\/schema.org\",\"@graph\":[{\"@type\":\"WebPage\",\"@id\":\"https:\/\/3mon.sk\/eshop\/produkt\/praskovy-hasiaci-pristroj-hastex-34a-6-kg-p6te\/\",\"url\":\"https:\/\/3mon.sk\/eshop\/produkt\/praskovy-hasiaci-pristroj-hastex-34a-6-kg-p6te\/\",\"name\":\"Pr\u00e1\u0161kov\u00fd hasiaci pr\u00edstroj HASTEX 34A 6 kg- P6Te - 3MON Eshop\",\"isPartOf\":{\"@id\":\"https:\/\/3mon.sk\/eshop\/#website\"},\"primaryImageOfPage\":{\"@id\":\"https:\/\/3mon.sk\/eshop\/produkt\/praskovy-hasiaci-pristroj-hastex-34a-6-kg-p6te\/#primaryimage\"},\"image\":{\"@id\":\"https:\/\/3mon.sk\/eshop\/produkt\/praskovy-hasiaci-pristroj-hastex-34a-6-kg-p6te\/#primaryimage\"},\"thumbnailUrl\":\"https:\/\/3mon.sk\/eshop\/wp-content\/uploads\/2025\/05\/hastex-p6te.webp\",\"datePublished\":\"2025-05-15T13:21:21+00:00\",\"dateModified\":\"2026-05-05T18:59:45+00:00\",\"description\":\"Pr\u00e1\u0161kov\u00fd hasiaci pr\u00edstroj HASTEX 34A 6kg \u2013 spo\u013eahliv\u00fd pomocn\u00edk pri po\u017eiari. Vhodn\u00fd do dom\u00e1cnost\u00ed, kancel\u00e1ri\u00ed aj prev\u00e1dzok. Overen\u00e1 kvalita a v\u00fdkon.\",\"breadcrumb\":{\"@id\":\"https:\/\/3mon.sk\/eshop\/produkt\/praskovy-hasiaci-pristroj-hastex-34a-6-kg-p6te\/#breadcrumb\"},\"inLanguage\":\"sk-SK\",\"potentialAction\":[{\"@type\":\"ReadAction\",\"target\":[\"https:\/\/3mon.sk\/eshop\/produkt\/praskovy-hasiaci-pristroj-hastex-34a-6-kg-p6te\/\"]}]},{\"@type\":\"ImageObject\",\"inLanguage\":\"sk-SK\",\"@id\":\"https:\/\/3mon.sk\/eshop\/produkt\/praskovy-hasiaci-pristroj-hastex-34a-6-kg-p6te\/#primaryimage\",\"url\":\"https:\/\/3mon.sk\/eshop\/wp-content\/uploads\/2025\/05\/hastex-p6te.webp\",\"contentUrl\":\"https:\/\/3mon.sk\/eshop\/wp-content\/uploads\/2025\/05\/hastex-p6te.webp\",\"width\":1000,\"height\":1000,\"caption\":\"HASTEX 34A 6 kg- P6Te - 3MON\"},{\"@type\":\"BreadcrumbList\",\"@id\":\"https:\/\/3mon.sk\/eshop\/produkt\/praskovy-hasiaci-pristroj-hastex-34a-6-kg-p6te\/#breadcrumb\",\"itemListElement\":[{\"@type\":\"ListItem\",\"position\":1,\"name\":\"Domovsk\u00e1 str\u00e1nka\",\"item\":\"https:\/\/3mon.sk\/eshop\/\"},{\"@type\":\"ListItem\",\"position\":2,\"name\":\"OBCHOD\",\"item\":\"https:\/\/3mon.sk\/eshop\/obchod\/\"},{\"@type\":\"ListItem\",\"position\":3,\"name\":\"Pr\u00e1\u0161kov\u00fd hasiaci pr\u00edstroj HASTEX 34A 6 kg- P6Te\"}]},{\"@type\":\"WebSite\",\"@id\":\"https:\/\/3mon.sk\/eshop\/#website\",\"url\":\"https:\/\/3mon.sk\/eshop\/\",\"name\":\"3MON Eshop\",\"description\":\"\",\"publisher\":{\"@id\":\"https:\/\/3mon.sk\/eshop\/#organization\"},\"potentialAction\":[{\"@type\":\"SearchAction\",\"target\":{\"@type\":\"EntryPoint\",\"urlTemplate\":\"https:\/\/3mon.sk\/eshop\/?s={search_term_string}\"},\"query-input\":{\"@type\":\"PropertyValueSpecification\",\"valueRequired\":true,\"valueName\":\"search_term_string\"}}],\"inLanguage\":\"sk-SK\"},{\"@type\":\"Organization\",\"@id\":\"https:\/\/3mon.sk\/eshop\/#organization\",\"name\":\"3MON, s. r. o.\",\"url\":\"https:\/\/3mon.sk\/eshop\/\",\"logo\":{\"@type\":\"ImageObject\",\"inLanguage\":\"sk-SK\",\"@id\":\"https:\/\/3mon.sk\/eshop\/#\/schema\/logo\/image\/\",\"url\":\"https:\/\/3mon.sk\/eshop\/wp-content\/uploads\/2024\/06\/3mon_logo_new.png\",\"contentUrl\":\"https:\/\/3mon.sk\/eshop\/wp-content\/uploads\/2024\/06\/3mon_logo_new.png\",\"width\":656,\"height\":206,\"caption\":\"3MON, s. r. o.\"},\"image\":{\"@id\":\"https:\/\/3mon.sk\/eshop\/#\/schema\/logo\/image\/\"},\"sameAs\":[\"https:\/\/www.facebook.com\/3MONsro\",\"https:\/\/www.instagram.com\/3mon_rescue\/\"]}]}<\/script>\n<!-- \/ Yoast SEO plugin. -->","yoast_head_json":{"title":"Pr\u00e1\u0161kov\u00fd hasiaci pr\u00edstroj HASTEX 34A 6 kg- P6Te - 3MON Eshop","description":"Pr\u00e1\u0161kov\u00fd hasiaci pr\u00edstroj HASTEX 34A 6kg \u2013 spo\u013eahliv\u00fd pomocn\u00edk pri po\u017eiari. Vhodn\u00fd do dom\u00e1cnost\u00ed, kancel\u00e1ri\u00ed aj prev\u00e1dzok. Overen\u00e1 kvalita a v\u00fdkon.","robots":{"index":"index","follow":"follow","max-snippet":"max-snippet:-1","max-image-preview":"max-image-preview:large","max-video-preview":"max-video-preview:-1"},"canonical":"https:\/\/3mon.sk\/eshop\/produkt\/praskovy-hasiaci-pristroj-hastex-34a-6-kg-p6te\/","og_locale":"sk_SK","og_type":"article","og_title":"Pr\u00e1\u0161kov\u00fd hasiaci pr\u00edstroj HASTEX 34A 6 kg- P6Te - 3MON Eshop","og_description":"Pr\u00e1\u0161kov\u00fd hasiaci pr\u00edstroj HASTEX 34A 6kg \u2013 spo\u013eahliv\u00fd pomocn\u00edk pri po\u017eiari. Vhodn\u00fd do dom\u00e1cnost\u00ed, kancel\u00e1ri\u00ed aj prev\u00e1dzok. Overen\u00e1 kvalita a v\u00fdkon.","og_url":"https:\/\/3mon.sk\/eshop\/produkt\/praskovy-hasiaci-pristroj-hastex-34a-6-kg-p6te\/","og_site_name":"3MON Eshop","article_publisher":"https:\/\/www.facebook.com\/3MONsro","article_modified_time":"2026-05-05T18:59:45+00:00","og_image":[{"width":1000,"height":1000,"url":"https:\/\/3mon.sk\/eshop\/wp-content\/uploads\/2025\/05\/hastex-p6te.webp","type":"image\/webp"}],"twitter_card":"summary_large_image","twitter_misc":{"Predpokladan\u00fd \u010das \u010d\u00edtania":"2 min\u00faty"},"schema":{"@context":"https:\/\/schema.org","@graph":[{"@type":"WebPage","@id":"https:\/\/3mon.sk\/eshop\/produkt\/praskovy-hasiaci-pristroj-hastex-34a-6-kg-p6te\/","url":"https:\/\/3mon.sk\/eshop\/produkt\/praskovy-hasiaci-pristroj-hastex-34a-6-kg-p6te\/","name":"Pr\u00e1\u0161kov\u00fd hasiaci pr\u00edstroj HASTEX 34A 6 kg- P6Te - 3MON Eshop","isPartOf":{"@id":"https:\/\/3mon.sk\/eshop\/#website"},"primaryImageOfPage":{"@id":"https:\/\/3mon.sk\/eshop\/produkt\/praskovy-hasiaci-pristroj-hastex-34a-6-kg-p6te\/#primaryimage"},"image":{"@id":"https:\/\/3mon.sk\/eshop\/produkt\/praskovy-hasiaci-pristroj-hastex-34a-6-kg-p6te\/#primaryimage"},"thumbnailUrl":"https:\/\/3mon.sk\/eshop\/wp-content\/uploads\/2025\/05\/hastex-p6te.webp","datePublished":"2025-05-15T13:21:21+00:00","dateModified":"2026-05-05T18:59:45+00:00","description":"Pr\u00e1\u0161kov\u00fd hasiaci pr\u00edstroj HASTEX 34A 6kg \u2013 spo\u013eahliv\u00fd pomocn\u00edk pri po\u017eiari. Vhodn\u00fd do dom\u00e1cnost\u00ed, kancel\u00e1ri\u00ed aj prev\u00e1dzok. Overen\u00e1 kvalita a v\u00fdkon.","breadcrumb":{"@id":"https:\/\/3mon.sk\/eshop\/produkt\/praskovy-hasiaci-pristroj-hastex-34a-6-kg-p6te\/#breadcrumb"},"inLanguage":"sk-SK","potentialAction":[{"@type":"ReadAction","target":["https:\/\/3mon.sk\/eshop\/produkt\/praskovy-hasiaci-pristroj-hastex-34a-6-kg-p6te\/"]}]},{"@type":"ImageObject","inLanguage":"sk-SK","@id":"https:\/\/3mon.sk\/eshop\/produkt\/praskovy-hasiaci-pristroj-hastex-34a-6-kg-p6te\/#primaryimage","url":"https:\/\/3mon.sk\/eshop\/wp-content\/uploads\/2025\/05\/hastex-p6te.webp","contentUrl":"https:\/\/3mon.sk\/eshop\/wp-content\/uploads\/2025\/05\/hastex-p6te.webp","width":1000,"height":1000,"caption":"HASTEX 34A 6 kg- P6Te - 3MON"},{"@type":"BreadcrumbList","@id":"https:\/\/3mon.sk\/eshop\/produkt\/praskovy-hasiaci-pristroj-hastex-34a-6-kg-p6te\/#breadcrumb","itemListElement":[{"@type":"ListItem","position":1,"name":"Domovsk\u00e1 str\u00e1nka","item":"https:\/\/3mon.sk\/eshop\/"},{"@type":"ListItem","position":2,"name":"OBCHOD","item":"https:\/\/3mon.sk\/eshop\/obchod\/"},{"@type":"ListItem","position":3,"name":"Pr\u00e1\u0161kov\u00fd hasiaci pr\u00edstroj HASTEX 34A 6 kg- P6Te"}]},{"@type":"WebSite","@id":"https:\/\/3mon.sk\/eshop\/#website","url":"https:\/\/3mon.sk\/eshop\/","name":"3MON Eshop","description":"","publisher":{"@id":"https:\/\/3mon.sk\/eshop\/#organization"},"potentialAction":[{"@type":"SearchAction","target":{"@type":"EntryPoint","urlTemplate":"https:\/\/3mon.sk\/eshop\/?s={search_term_string}"},"query-input":{"@type":"PropertyValueSpecification","valueRequired":true,"valueName":"search_term_string"}}],"inLanguage":"sk-SK"},{"@type":"Organization","@id":"https:\/\/3mon.sk\/eshop\/#organization","name":"3MON, s. r. o.","url":"https:\/\/3mon.sk\/eshop\/","logo":{"@type":"ImageObject","inLanguage":"sk-SK","@id":"https:\/\/3mon.sk\/eshop\/#\/schema\/logo\/image\/","url":"https:\/\/3mon.sk\/eshop\/wp-content\/uploads\/2024\/06\/3mon_logo_new.png","contentUrl":"https:\/\/3mon.sk\/eshop\/wp-content\/uploads\/2024\/06\/3mon_logo_new.png","width":656,"height":206,"caption":"3MON, s. r. o."},"image":{"@id":"https:\/\/3mon.sk\/eshop\/#\/schema\/logo\/image\/"},"sameAs":["https:\/\/www.facebook.com\/3MONsro","https:\/\/www.instagram.com\/3mon_rescue\/"]}]}},"_links":{"self":[{"href":"https:\/\/3mon.sk\/eshop\/wp-json\/wp\/v2\/product\/4594","targetHints":{"allow":["GET"]}}],"collection":[{"href":"https:\/\/3mon.sk\/eshop\/wp-json\/wp\/v2\/product"}],"about":[{"href":"https:\/\/3mon.sk\/eshop\/wp-json\/wp\/v2\/types\/product"}],"replies":[{"embeddable":true,"href":"https:\/\/3mon.sk\/eshop\/wp-json\/wp\/v2\/comments?post=4594"}],"version-history":[{"count":15,"href":"https:\/\/3mon.sk\/eshop\/wp-json\/wp\/v2\/product\/4594\/revisions"}],"predecessor-version":[{"id":4788,"href":"https:\/\/3mon.sk\/eshop\/wp-json\/wp\/v2\/product\/4594\/revisions\/4788"}],"wp:featuredmedia":[{"embeddable":true,"href":"https:\/\/3mon.sk\/eshop\/wp-json\/wp\/v2\/media\/4606"}],"wp:attachment":[{"href":"https:\/\/3mon.sk\/eshop\/wp-json\/wp\/v2\/media?parent=4594"}],"wp:term":[{"taxonomy":"product_brand","embeddable":true,"href":"https:\/\/3mon.sk\/eshop\/wp-json\/wp\/v2\/product_brand?post=4594"},{"taxonomy":"product_cat","embeddable":true,"href":"https:\/\/3mon.sk\/eshop\/wp-json\/wp\/v2\/product_cat?post=4594"},{"taxonomy":"product_tag","embeddable":true,"href":"https:\/\/3mon.sk\/eshop\/wp-json\/wp\/v2\/product_tag?post=4594"}],"curies":[{"name":"wp","href":"https:\/\/api.w.org\/{rel}","templated":true}]}}