{"id":457,"date":"2021-10-07T09:34:49","date_gmt":"2021-10-07T07:34:49","guid":{"rendered":"https:\/\/3mon.sk\/eshop\/?post_type=product&#038;p=457"},"modified":"2026-01-16T11:21:28","modified_gmt":"2026-01-16T10:21:28","slug":"kontrola-hasiaceho-pristroja","status":"publish","type":"product","link":"https:\/\/3mon.sk\/eshop\/produkt\/kontrola-hasiaceho-pristroja\/","title":{"rendered":"Kontrola hasiaceho pr\u00edstroja"},"content":{"rendered":"\t\t<div data-elementor-type=\"wp-post\" data-elementor-id=\"457\" class=\"elementor elementor-457\">\n\t\t\t\t\t\t<section class=\"elementor-section elementor-top-section elementor-element elementor-element-89eb02f elementor-section-boxed elementor-section-height-default elementor-section-height-default\" data-id=\"89eb02f\" data-element_type=\"section\" data-e-type=\"section\">\r\n\t\t\r\n\t\t\t\t\t\t\t<div class=\"elementor-container elementor-column-gap-default\">\r\n\t\t\t\t\t\t\t\t\t\t\t<div class=\"elementor-column elementor-col-100 elementor-top-column elementor-element elementor-element-e3a7a99\" data-id=\"e3a7a99\" data-element_type=\"column\" data-e-type=\"column\">\r\n\t\t\t\t\t<div class=\"elementor-widget-wrap elementor-element-populated\">\r\n\t\t\t\t\t\t\t\t<div class=\"elementor-element elementor-element-92259be elementor-widget elementor-widget-text-editor\" data-id=\"92259be\" data-element_type=\"widget\" data-e-type=\"widget\" data-widget_type=\"text-editor.default\">\n\t\t\t\t<div class=\"elementor-widget-container\">\n\t\t\t\t\t\t\t\t\t<p>Podmienky prev\u00e1dzkovania a zabezpe\u010denia pravidelnej kontroly hasiacich pr\u00edstrojov upravuje vyhl\u00e1\u0161ka MVSR \u010d. 719\/2002 Z.z..<\/p><p><strong>Vykon\u00e1vame kontrolu a opravy hasiacich pr\u00edstrojov od v\u00fdrobcov:<\/strong><\/p><p>\u010cervinka \u2013 Czech Republic s.r.o,<br \/>BETA Corporation s.r.o.,<br \/>KODRETA \u0160tefanov, s. r. o.<br \/>V\u00cdTKOVICE HTB a.s.<br \/>Tatra Commerce s.r.o.<br \/>BAVARIA<br \/>Kovoslu\u017eba hasic\u00ed p\u0159\u00edstroje, a.s.<\/p>\t\t\t\t\t\t\t\t<\/div>\n\t\t\t\t<\/div>\n\t\t\t\t\t<\/div>\r\n\t\t\t\t<\/div>\r\n\t\t\t\t\t<\/div>\r\n\t\t\t\t<\/section>\r\n\t\t\t\t<section class=\"elementor-section elementor-top-section elementor-element elementor-element-951aa6f elementor-section-boxed elementor-section-height-default elementor-section-height-default\" data-id=\"951aa6f\" data-element_type=\"section\" data-e-type=\"section\">\r\n\t\t\r\n\t\t\t\t\t\t\t<div class=\"elementor-container elementor-column-gap-default\">\r\n\t\t\t\t\t\t\t\t\t\t\t<div class=\"elementor-column elementor-col-100 elementor-top-column elementor-element elementor-element-1adccfd\" data-id=\"1adccfd\" data-element_type=\"column\" data-e-type=\"column\">\r\n\t\t\t\t\t<div class=\"elementor-widget-wrap elementor-element-populated\">\r\n\t\t\t\t\t\t\t\t<div class=\"elementor-element elementor-element-8608be5 elementor-widget elementor-widget-text-editor\" data-id=\"8608be5\" data-element_type=\"widget\" data-e-type=\"widget\" data-widget_type=\"text-editor.default\">\n\t\t\t\t<div class=\"elementor-widget-container\">\n\t\t\t\t\t\t\t\t\t<h3 style=\"font-size: 2em;\"><strong>Typy hasiacich pr\u00edstrojov<\/strong><\/h3><h4><strong>Pr\u00e1\u0161kov\u00fd hasiaci pr\u00edstroj<\/strong><\/h4><p>Vhodn\u00fd na hasenie prop\u00e1nu, but\u00e1nu, vod\u00edka, a takisto vhodn\u00fd aj na hasenie zariaden\u00ed pod elektrick\u00fdm pr\u00fadom.<\/p><h4><strong>Vodn\u00fd hasiaci pr\u00edstroj<\/strong><\/h4><p>Vhodn\u00fd na hasenie t\u00fdchto materi\u00e1lov: papier, drevo, textil, plasty, guma, slama, uhlie.<\/p><h4><strong>Penov\u00fd hasiaci pr\u00edstroj<\/strong><\/h4><p>Vhodn\u00fd na hasenie t\u00fdchto materi\u00e1lov: benz\u00edn, olej, benzol, lak, alkoholy, ket\u00f3ny, aldehydy.<\/p><h4><strong>CO2 \u2013 snehov\u00fd hasiaci pr\u00edstroj<\/strong><\/h4><p>Vhodn\u00fd na hasenie prop\u00e1nu, but\u00e1nu, vod\u00edka a do miestnost\u00ed s ve\u013ek\u00fdm mno\u017estvom elektroniky, napr\u00edklad do serverovn\u00ed.<\/p>\t\t\t\t\t\t\t\t<\/div>\n\t\t\t\t<\/div>\n\t\t\t\t\t<\/div>\r\n\t\t\t\t<\/div>\r\n\t\t\t\t\t<\/div>\r\n\t\t\t\t<\/section>\r\n\t\t\t\t<section class=\"elementor-section elementor-top-section elementor-element elementor-element-b90b8ec elementor-section-boxed elementor-section-height-default elementor-section-height-default\" data-id=\"b90b8ec\" data-element_type=\"section\" data-e-type=\"section\" data-settings=\"{&quot;background_background&quot;:&quot;classic&quot;}\">\r\n\t\t\r\n\t\t\t\t\t\t\t<div class=\"elementor-container elementor-column-gap-default\">\r\n\t\t\t\t\t\t\t\t\t\t\t<div class=\"elementor-column elementor-col-100 elementor-top-column elementor-element elementor-element-f8f7011\" data-id=\"f8f7011\" data-element_type=\"column\" data-e-type=\"column\">\r\n\t\t\t\t\t<div class=\"elementor-widget-wrap elementor-element-populated\">\r\n\t\t\t\t\t\t\t\t<div class=\"elementor-element elementor-element-5206447 elementor-widget elementor-widget-heading\" data-id=\"5206447\" data-element_type=\"widget\" data-e-type=\"widget\" data-widget_type=\"heading.default\">\n\t\t\t\t<div class=\"elementor-widget-container\">\n\t\t\t\t\t<h3 class=\"elementor-heading-title elementor-size-medium\">\u010casto kladen\u00e9 ot\u00e1zky pri kontrole hasiacich pr\u00edstrojov<\/h3>\t\t\t\t<\/div>\n\t\t\t\t<\/div>\n\t\t\t\t\t<\/div>\r\n\t\t\t\t<\/div>\r\n\t\t\t\t\t<\/div>\r\n\t\t\t\t<\/section>\r\n\t\t\t\t<\/div>\n\t\t","protected":false},"excerpt":{"rendered":"<p>Aj objedn\u00e1vate kontrolu napr\u00edklad pre 5 hasiacich pr\u00edstrojov, vlo\u017ete do ko\u0161\u00edka 5ks tejto slu\u017eby.<\/p>\n","protected":false},"featured_media":447,"comment_status":"open","ping_status":"closed","template":"","meta":{"_acf_changed":false,"_uf_show_specific_survey":0,"_uf_disable_surveys":false},"product_brand":[],"product_cat":[93],"product_tag":[],"class_list":{"0":"post-457","1":"product","2":"type-product","3":"status-publish","4":"has-post-thumbnail","6":"product_cat-sluzby","8":"first","9":"instock","10":"taxable","11":"shipping-taxable","12":"purchasable","13":"product-type-simple"},"acf":[],"wcpa_form_fields":null,"yoast_head":"<!-- This site is optimized with the Yoast SEO plugin v27.1.1 - https:\/\/yoast.com\/product\/yoast-seo-wordpress\/ -->\n<title>Kontrola hasiaceho pr\u00edstroja - 3MON Eshop<\/title>\n<meta name=\"robots\" content=\"index, follow, max-snippet:-1, max-image-preview:large, max-video-preview:-1\" \/>\n<link rel=\"canonical\" href=\"https:\/\/3mon.sk\/eshop\/produkt\/kontrola-hasiaceho-pristroja\/\" \/>\n<meta property=\"og:locale\" content=\"sk_SK\" \/>\n<meta property=\"og:type\" content=\"article\" \/>\n<meta property=\"og:title\" content=\"Kontrola hasiaceho pr\u00edstroja - 3MON Eshop\" \/>\n<meta property=\"og:description\" content=\"Aj objedn\u00e1vate kontrolu napr\u00edklad pre 5 hasiacich pr\u00edstrojov, vlo\u017ete do ko\u0161\u00edka 5ks tejto slu\u017eby.\" \/>\n<meta property=\"og:url\" content=\"https:\/\/3mon.sk\/eshop\/produkt\/kontrola-hasiaceho-pristroja\/\" \/>\n<meta property=\"og:site_name\" content=\"3MON Eshop\" \/>\n<meta property=\"article:publisher\" content=\"https:\/\/www.facebook.com\/3MONsro\" \/>\n<meta property=\"article:modified_time\" content=\"2026-01-16T10:21:28+00:00\" \/>\n<meta property=\"og:image\" content=\"https:\/\/3mon.sk\/eshop\/wp-content\/uploads\/2021\/10\/revize_manometer.jpg\" \/>\n\t<meta property=\"og:image:width\" content=\"1920\" \/>\n\t<meta property=\"og:image:height\" content=\"1280\" \/>\n\t<meta property=\"og:image:type\" content=\"image\/jpeg\" \/>\n<meta name=\"twitter:card\" content=\"summary_large_image\" \/>\n<meta name=\"twitter:label1\" content=\"Predpokladan\u00fd \u010das \u010d\u00edtania\" \/>\n\t<meta name=\"twitter:data1\" content=\"2 min\u00faty\" \/>\n<script type=\"application\/ld+json\" class=\"yoast-schema-graph\">{\"@context\":\"https:\/\/schema.org\",\"@graph\":[{\"@type\":\"WebPage\",\"@id\":\"https:\/\/3mon.sk\/eshop\/produkt\/kontrola-hasiaceho-pristroja\/\",\"url\":\"https:\/\/3mon.sk\/eshop\/produkt\/kontrola-hasiaceho-pristroja\/\",\"name\":\"Kontrola hasiaceho pr\u00edstroja - 3MON Eshop\",\"isPartOf\":{\"@id\":\"https:\/\/3mon.sk\/eshop\/#website\"},\"primaryImageOfPage\":{\"@id\":\"https:\/\/3mon.sk\/eshop\/produkt\/kontrola-hasiaceho-pristroja\/#primaryimage\"},\"image\":{\"@id\":\"https:\/\/3mon.sk\/eshop\/produkt\/kontrola-hasiaceho-pristroja\/#primaryimage\"},\"thumbnailUrl\":\"https:\/\/3mon.sk\/eshop\/wp-content\/uploads\/2021\/10\/revize_manometer.jpg\",\"datePublished\":\"2021-10-07T07:34:49+00:00\",\"dateModified\":\"2026-01-16T10:21:28+00:00\",\"breadcrumb\":{\"@id\":\"https:\/\/3mon.sk\/eshop\/produkt\/kontrola-hasiaceho-pristroja\/#breadcrumb\"},\"inLanguage\":\"sk-SK\",\"potentialAction\":[{\"@type\":\"ReadAction\",\"target\":[\"https:\/\/3mon.sk\/eshop\/produkt\/kontrola-hasiaceho-pristroja\/\"]}]},{\"@type\":\"ImageObject\",\"inLanguage\":\"sk-SK\",\"@id\":\"https:\/\/3mon.sk\/eshop\/produkt\/kontrola-hasiaceho-pristroja\/#primaryimage\",\"url\":\"https:\/\/3mon.sk\/eshop\/wp-content\/uploads\/2021\/10\/revize_manometer.jpg\",\"contentUrl\":\"https:\/\/3mon.sk\/eshop\/wp-content\/uploads\/2021\/10\/revize_manometer.jpg\",\"width\":1920,\"height\":1280,\"caption\":\"Manometer of a fire extinguisher. The pressure gauge is in the ideal range\"},{\"@type\":\"BreadcrumbList\",\"@id\":\"https:\/\/3mon.sk\/eshop\/produkt\/kontrola-hasiaceho-pristroja\/#breadcrumb\",\"itemListElement\":[{\"@type\":\"ListItem\",\"position\":1,\"name\":\"Domovsk\u00e1 str\u00e1nka\",\"item\":\"https:\/\/3mon.sk\/eshop\/\"},{\"@type\":\"ListItem\",\"position\":2,\"name\":\"OBCHOD\",\"item\":\"https:\/\/3mon.sk\/eshop\/obchod\/\"},{\"@type\":\"ListItem\",\"position\":3,\"name\":\"Kontrola hasiaceho pr\u00edstroja\"}]},{\"@type\":\"WebSite\",\"@id\":\"https:\/\/3mon.sk\/eshop\/#website\",\"url\":\"https:\/\/3mon.sk\/eshop\/\",\"name\":\"3MON Eshop\",\"description\":\"\",\"publisher\":{\"@id\":\"https:\/\/3mon.sk\/eshop\/#organization\"},\"potentialAction\":[{\"@type\":\"SearchAction\",\"target\":{\"@type\":\"EntryPoint\",\"urlTemplate\":\"https:\/\/3mon.sk\/eshop\/?s={search_term_string}\"},\"query-input\":{\"@type\":\"PropertyValueSpecification\",\"valueRequired\":true,\"valueName\":\"search_term_string\"}}],\"inLanguage\":\"sk-SK\"},{\"@type\":\"Organization\",\"@id\":\"https:\/\/3mon.sk\/eshop\/#organization\",\"name\":\"3MON, s. r. o.\",\"url\":\"https:\/\/3mon.sk\/eshop\/\",\"logo\":{\"@type\":\"ImageObject\",\"inLanguage\":\"sk-SK\",\"@id\":\"https:\/\/3mon.sk\/eshop\/#\/schema\/logo\/image\/\",\"url\":\"https:\/\/3mon.sk\/eshop\/wp-content\/uploads\/2024\/06\/3mon_logo_new.png\",\"contentUrl\":\"https:\/\/3mon.sk\/eshop\/wp-content\/uploads\/2024\/06\/3mon_logo_new.png\",\"width\":656,\"height\":206,\"caption\":\"3MON, s. r. o.\"},\"image\":{\"@id\":\"https:\/\/3mon.sk\/eshop\/#\/schema\/logo\/image\/\"},\"sameAs\":[\"https:\/\/www.facebook.com\/3MONsro\",\"https:\/\/www.instagram.com\/3mon_rescue\/\"]}]}<\/script>\n<!-- \/ Yoast SEO plugin. -->","yoast_head_json":{"title":"Kontrola hasiaceho pr\u00edstroja - 3MON Eshop","robots":{"index":"index","follow":"follow","max-snippet":"max-snippet:-1","max-image-preview":"max-image-preview:large","max-video-preview":"max-video-preview:-1"},"canonical":"https:\/\/3mon.sk\/eshop\/produkt\/kontrola-hasiaceho-pristroja\/","og_locale":"sk_SK","og_type":"article","og_title":"Kontrola hasiaceho pr\u00edstroja - 3MON Eshop","og_description":"Aj objedn\u00e1vate kontrolu napr\u00edklad pre 5 hasiacich pr\u00edstrojov, vlo\u017ete do ko\u0161\u00edka 5ks tejto slu\u017eby.","og_url":"https:\/\/3mon.sk\/eshop\/produkt\/kontrola-hasiaceho-pristroja\/","og_site_name":"3MON Eshop","article_publisher":"https:\/\/www.facebook.com\/3MONsro","article_modified_time":"2026-01-16T10:21:28+00:00","og_image":[{"width":1920,"height":1280,"url":"https:\/\/3mon.sk\/eshop\/wp-content\/uploads\/2021\/10\/revize_manometer.jpg","type":"image\/jpeg"}],"twitter_card":"summary_large_image","twitter_misc":{"Predpokladan\u00fd \u010das \u010d\u00edtania":"2 min\u00faty"},"schema":{"@context":"https:\/\/schema.org","@graph":[{"@type":"WebPage","@id":"https:\/\/3mon.sk\/eshop\/produkt\/kontrola-hasiaceho-pristroja\/","url":"https:\/\/3mon.sk\/eshop\/produkt\/kontrola-hasiaceho-pristroja\/","name":"Kontrola hasiaceho pr\u00edstroja - 3MON Eshop","isPartOf":{"@id":"https:\/\/3mon.sk\/eshop\/#website"},"primaryImageOfPage":{"@id":"https:\/\/3mon.sk\/eshop\/produkt\/kontrola-hasiaceho-pristroja\/#primaryimage"},"image":{"@id":"https:\/\/3mon.sk\/eshop\/produkt\/kontrola-hasiaceho-pristroja\/#primaryimage"},"thumbnailUrl":"https:\/\/3mon.sk\/eshop\/wp-content\/uploads\/2021\/10\/revize_manometer.jpg","datePublished":"2021-10-07T07:34:49+00:00","dateModified":"2026-01-16T10:21:28+00:00","breadcrumb":{"@id":"https:\/\/3mon.sk\/eshop\/produkt\/kontrola-hasiaceho-pristroja\/#breadcrumb"},"inLanguage":"sk-SK","potentialAction":[{"@type":"ReadAction","target":["https:\/\/3mon.sk\/eshop\/produkt\/kontrola-hasiaceho-pristroja\/"]}]},{"@type":"ImageObject","inLanguage":"sk-SK","@id":"https:\/\/3mon.sk\/eshop\/produkt\/kontrola-hasiaceho-pristroja\/#primaryimage","url":"https:\/\/3mon.sk\/eshop\/wp-content\/uploads\/2021\/10\/revize_manometer.jpg","contentUrl":"https:\/\/3mon.sk\/eshop\/wp-content\/uploads\/2021\/10\/revize_manometer.jpg","width":1920,"height":1280,"caption":"Manometer of a fire extinguisher. The pressure gauge is in the ideal range"},{"@type":"BreadcrumbList","@id":"https:\/\/3mon.sk\/eshop\/produkt\/kontrola-hasiaceho-pristroja\/#breadcrumb","itemListElement":[{"@type":"ListItem","position":1,"name":"Domovsk\u00e1 str\u00e1nka","item":"https:\/\/3mon.sk\/eshop\/"},{"@type":"ListItem","position":2,"name":"OBCHOD","item":"https:\/\/3mon.sk\/eshop\/obchod\/"},{"@type":"ListItem","position":3,"name":"Kontrola hasiaceho pr\u00edstroja"}]},{"@type":"WebSite","@id":"https:\/\/3mon.sk\/eshop\/#website","url":"https:\/\/3mon.sk\/eshop\/","name":"3MON Eshop","description":"","publisher":{"@id":"https:\/\/3mon.sk\/eshop\/#organization"},"potentialAction":[{"@type":"SearchAction","target":{"@type":"EntryPoint","urlTemplate":"https:\/\/3mon.sk\/eshop\/?s={search_term_string}"},"query-input":{"@type":"PropertyValueSpecification","valueRequired":true,"valueName":"search_term_string"}}],"inLanguage":"sk-SK"},{"@type":"Organization","@id":"https:\/\/3mon.sk\/eshop\/#organization","name":"3MON, s. r. o.","url":"https:\/\/3mon.sk\/eshop\/","logo":{"@type":"ImageObject","inLanguage":"sk-SK","@id":"https:\/\/3mon.sk\/eshop\/#\/schema\/logo\/image\/","url":"https:\/\/3mon.sk\/eshop\/wp-content\/uploads\/2024\/06\/3mon_logo_new.png","contentUrl":"https:\/\/3mon.sk\/eshop\/wp-content\/uploads\/2024\/06\/3mon_logo_new.png","width":656,"height":206,"caption":"3MON, s. r. o."},"image":{"@id":"https:\/\/3mon.sk\/eshop\/#\/schema\/logo\/image\/"},"sameAs":["https:\/\/www.facebook.com\/3MONsro","https:\/\/www.instagram.com\/3mon_rescue\/"]}]}},"_links":{"self":[{"href":"https:\/\/3mon.sk\/eshop\/wp-json\/wp\/v2\/product\/457","targetHints":{"allow":["GET"]}}],"collection":[{"href":"https:\/\/3mon.sk\/eshop\/wp-json\/wp\/v2\/product"}],"about":[{"href":"https:\/\/3mon.sk\/eshop\/wp-json\/wp\/v2\/types\/product"}],"replies":[{"embeddable":true,"href":"https:\/\/3mon.sk\/eshop\/wp-json\/wp\/v2\/comments?post=457"}],"version-history":[{"count":29,"href":"https:\/\/3mon.sk\/eshop\/wp-json\/wp\/v2\/product\/457\/revisions"}],"predecessor-version":[{"id":4808,"href":"https:\/\/3mon.sk\/eshop\/wp-json\/wp\/v2\/product\/457\/revisions\/4808"}],"wp:featuredmedia":[{"embeddable":true,"href":"https:\/\/3mon.sk\/eshop\/wp-json\/wp\/v2\/media\/447"}],"wp:attachment":[{"href":"https:\/\/3mon.sk\/eshop\/wp-json\/wp\/v2\/media?parent=457"}],"wp:term":[{"taxonomy":"product_brand","embeddable":true,"href":"https:\/\/3mon.sk\/eshop\/wp-json\/wp\/v2\/product_brand?post=457"},{"taxonomy":"product_cat","embeddable":true,"href":"https:\/\/3mon.sk\/eshop\/wp-json\/wp\/v2\/product_cat?post=457"},{"taxonomy":"product_tag","embeddable":true,"href":"https:\/\/3mon.sk\/eshop\/wp-json\/wp\/v2\/product_tag?post=457"}],"curies":[{"name":"wp","href":"https:\/\/api.w.org\/{rel}","templated":true}]}}