{"id":4398,"date":"2024-11-28T15:47:28","date_gmt":"2024-11-28T14:47:28","guid":{"rendered":"https:\/\/3mon.sk\/eshop\/?post_type=product&#038;p=4398"},"modified":"2026-01-22T12:11:20","modified_gmt":"2026-01-22T11:11:20","slug":"penovy-hasiaci-pristroj-bez-fluoru-neuruppin-06-fsp-6l","status":"publish","type":"product","link":"https:\/\/3mon.sk\/eshop\/produkt\/penovy-hasiaci-pristroj-bez-fluoru-neuruppin-06-fsp-6l\/","title":{"rendered":"Penov\u00fd hasiaci pr\u00edstroj bez flu\u00f3ru Neuruppin 06 FSP 6l"},"content":{"rendered":"\t\t<div data-elementor-type=\"wp-post\" data-elementor-id=\"4398\" class=\"elementor elementor-4398\">\n\t\t\t\t\t\t<section class=\"elementor-section elementor-top-section elementor-element elementor-element-a75626c elementor-section-boxed elementor-section-height-default elementor-section-height-default\" data-id=\"a75626c\" data-element_type=\"section\" data-e-type=\"section\">\r\n\t\t\r\n\t\t\t\t\t\t\t<div class=\"elementor-container elementor-column-gap-default\">\r\n\t\t\t\t\t\t\t\t\t\t\t<div class=\"elementor-column elementor-col-100 elementor-top-column elementor-element elementor-element-1234c4d\" data-id=\"1234c4d\" data-element_type=\"column\" data-e-type=\"column\">\r\n\t\t\t\t\t<div class=\"elementor-widget-wrap elementor-element-populated\">\r\n\t\t\t\t\t\t\t\t<div class=\"elementor-element elementor-element-31b3a62 elementor-widget elementor-widget-text-editor\" data-id=\"31b3a62\" data-element_type=\"widget\" data-e-type=\"widget\" data-widget_type=\"text-editor.default\">\n\t\t\t\t<div class=\"elementor-widget-container\">\n\t\t\t\t\t\t\t\t\t<h2><strong>Nekompromisne zlikviduje po\u017eiar, ale nepo\u0161kodzuje \u017eivotn\u00e9 prostredie<\/strong><\/h2><p>V pr\u00edpade vznietenia pevn\u00fdch alebo tekut\u00fdch l\u00e1tok s\u00fa na \u00fa\u010dinn\u00e9 hasenie tak\u00fdchto po\u017eiarov t\u00fdm ide\u00e1lnym rie\u0161en\u00edm penov\u00e9 hasiace pr\u00edstroje bez flu\u00f3ru* zna\u010dky NEURUPPIN. Umo\u017e\u0148uj\u00fa dosiahnu\u0165 \u00fa\u010dinn\u00e9 uhasenie po\u017eiarov triedy A a B, ako aj elektrick\u00fdch zariaden\u00ed, zaru\u010duj\u00fa dlh\u00fa \u017eivotnos\u0165 \u201emade in Germany&#8220; a vynikaj\u00fa svojou ekologickos\u0165ou.<\/p><h2><strong>\u00da\u010dinn\u00e9, netoxick\u00e9 a \u0161etriace pr\u00edrodn\u00e9 zdroje<\/strong><\/h2><p>Pou\u017eit\u00e9 hasiace prostriedky NEURUPPIN nie s\u00fa klasifikovan\u00e9 ako nebezpe\u010dn\u00e9 a s\u00fa vyroben\u00e9 z obnovite\u013en\u00fdch surov\u00edn \u0161etriacich pr\u00edrodn\u00e9 zdroje. \u010eal\u0161ia d\u00f4le\u017eit\u00e1 prednos\u0165: V porovnan\u00ed s pr\u00e1\u0161kov\u00fdmi hasiacimi pr\u00edstrojmi zni\u017euje n\u00e1mahu pri \u010disten\u00ed po pou\u017eit\u00ed na minimum &#8211; uvo\u013enen\u00fa penu je mo\u017en\u00e9 \u013eahko odstr\u00e1ni\u0165 a zmy\u0165.<\/p><h2><strong>Ekologick\u00e9 biorozlo\u017eite\u013en\u00e9 modely pre r\u00f4zne miesta nasadenia<\/strong><\/h2><p>Penov\u00e9 hasiace pr\u00edstroje bez flu\u00f3ru* zna\u010dky NEURUPPIN pre ka\u017ed\u00e9 miesto nasadenia s\u00fa dostupn\u00e9 vo verzii s mo\u017enos\u0165ou plnenia, ako aj vo verzii pod st\u00e1lym tlakom. Dovo\u013euj\u00fa aj nesk\u00fasen\u00fdm pou\u017e\u00edvate\u013eom intuit\u00edvnu a bezpe\u010dn\u00fa obsluhu.<\/p><p>V\u010faka ich dlh\u00fdm dob\u00e1m hasenia umo\u017e\u0148uj\u00fa tieto pr\u00edstroje \u00faspe\u0161ne zvl\u00e1dnu\u0165 hasenie po\u017eiarov.<\/p><h2><strong>Oblasti pou\u017eitia<\/strong><\/h2><ul><li>Hasenie po\u017eiarov triedy A a B, ako aj elektrick\u00fdch zariaden\u00ed<\/li><li>V\u00fdrobn\u00fd a spracovate\u013esk\u00fd priemysel<\/li><li>Servisy a dielne<\/li><li>Remeseln\u00e9 a \u017eivnostensk\u00e9 prev\u00e1dzkarne<\/li><li>Kancel\u00e1rske priestory<\/li><li>Predajn\u00e9 zariadenia<\/li><li>Sklady a logistick\u00e9 centr\u00e1<\/li><li>Kin\u00e1, divadl\u00e1 a in\u00e9 z\u00e1bavn\u00e9 priestory<\/li><li>Spr\u00e1vne budovy<\/li><li>Zdravotn\u00edcke zariadenia a zariadenia opatrovate\u013eskej slu\u017eby<\/li><li>Vzdel\u00e1vacie in\u0161tit\u00facie<\/li><li>Gastron\u00f3mia<\/li><\/ul>\t\t\t\t\t\t\t\t<\/div>\n\t\t\t\t<\/div>\n\t\t\t\t\t<\/div>\r\n\t\t\t\t<\/div>\r\n\t\t\t\t\t<\/div>\r\n\t\t\t\t<\/section>\r\n\t\t\t\t<section class=\"elementor-section elementor-top-section elementor-element elementor-element-7b76f17 elementor-section-boxed elementor-section-height-default elementor-section-height-default\" data-id=\"7b76f17\" data-element_type=\"section\" data-e-type=\"section\">\r\n\t\t\r\n\t\t\t\t\t\t\t<div class=\"elementor-container elementor-column-gap-default\">\r\n\t\t\t\t\t\t\t\t\t\t\t<div class=\"elementor-column elementor-col-100 elementor-top-column elementor-element elementor-element-c780f0a\" data-id=\"c780f0a\" data-element_type=\"column\" data-e-type=\"column\">\r\n\t\t\t\t\t<div class=\"elementor-widget-wrap elementor-element-populated\">\r\n\t\t\t\t\t\t\t\t<div class=\"elementor-element elementor-element-29afcac elementor-widget elementor-widget-text-editor\" data-id=\"29afcac\" data-element_type=\"widget\" data-e-type=\"widget\" data-widget_type=\"text-editor.default\">\n\t\t\t\t<div class=\"elementor-widget-container\">\n\t\t\t\t\t\t\t\t\t<h2><strong>Zauj\u00edmav\u00e9 vlastnosti hasiaceho pr\u00edstroja<\/strong><\/h2>\n<ul>\n \t<li><strong>Ekologick\u00fd hasiaci prostriedok <\/strong>\u2013 hasiace prostriedky neobsahuj\u00fa \u017eiadne zl\u00fa\u010deniny flu\u00f3ru ani zl\u00fa\u010deniny PFOS, PFOA, PFHxA, \u010di PFAS. Nako\u013eko s\u00fa vyroben\u00e9 z obnovite\u013en\u00fdch pr\u00edrodn\u00fdch zdrojov, s\u00fa \u013eahko biologicky odb\u00farate\u013en\u00e9.<\/li>\n \t<li><strong>Intuit\u00edvne fungovanie <\/strong>\u2013 osved\u010den\u00e1 a bezpe\u010dn\u00e1 ovl\u00e1date\u013enos\u0165.<\/li>\n \t<li><strong>Bez obmedzenia vidite<\/strong><strong>\u013e<\/strong><strong>nosti pri hasen\u00ed <\/strong>\u2013 ve\u013ek\u00e1 v\u00fdhoda v porovnan\u00ed s pr\u00e1\u0161kov\u00fdmi hasiacimi pr\u00edstrojmi.<\/li>\n \t<li><strong>Bezpe<\/strong><strong>\u010d<\/strong><strong>n\u00e1 obsluha <\/strong>\u2013 v\u010faka hasiacej pi\u0161toli s funkciou ochrany proti pretlaku (na plnite\u013en\u00fdch hasiacich pr\u00edstrojoch).<\/li>\n \t<li><strong>Zistite<\/strong><strong>\u013e<\/strong><strong>n\u00e1 schopnos<\/strong><strong>\u0165 <\/strong><strong>nasadenia <\/strong>\u2013 manometer zobrazuje vn\u00fatorn\u00fd tlak n\u00e1doby, a poskytuje tak ochranu pred nepozorovan\u00fdm poklesom tlaku, napr\u00edklad v d\u00f4sledku predch\u00e1dzaj\u00faceho pou\u017eitia, podcenenej \u00fadr\u017eby alebo sabot\u00e1\u017ee (v pr\u00edpade hasiacich pr\u00edstrojov pod st\u00e1lym tlakom).<\/li>\n \t<li><strong>Vr\u00e1tane ochrany proti kor\u00f3zii<\/strong>\u2013 oce\u013eov\u00e1 n\u00e1doba potiahnut\u00e1 vysoko kvalitn\u00fdm \u010derven\u00fdm pr\u00e1\u0161kom (neobsahuje TGIC),<\/li>\n<\/ul>\ns pr\u00eddavnou 1 mm PE vn\u00fatornou povrchovou \u00fapravou zaru\u010denej kvality.\n<ul>\n \t<li><strong>Jednoduch\u00e1 \u00fadr\u017eba <\/strong>\u2013 v\u010faka ve\u013ek\u00e9mu otvoru n\u00e1doby a namie\u0161an\u00e9mu roztoku.<\/li>\n \t<li><strong>Ochrana pred pret\u00e1<\/strong><strong>\u010d<\/strong><strong>an\u00edm pri \u00fadr\u017ebe <\/strong>\u2013 robustn\u00fd mosadzn\u00fd ventil (pochr\u00f3movan\u00fd) s prevle\u010dnou maticou.<\/li>\n \t<li><strong>Dlh\u00e1 \u017eivotnos<\/strong><strong>\u0165 <\/strong>\u2013 robustn\u00e1 kon\u0161trukcia z u\u0161\u013eachtil\u00fdch materi\u00e1lov.<\/li>\n \t<li><strong>N\u00e1stenn\u00fd dr\u017eiak a plastov\u00e1 z\u00e1klad<\/strong><strong>\u0148<\/strong><strong>a <\/strong>\u2013 s\u00fa s\u00fa\u010das\u0165ou dod\u00e1vky pr\u00edstrojov.<\/li>\n<\/ul>\t\t\t\t\t\t\t\t<\/div>\n\t\t\t\t<\/div>\n\t\t\t\t\t<\/div>\r\n\t\t\t\t<\/div>\r\n\t\t\t\t\t<\/div>\r\n\t\t\t\t<\/section>\r\n\t\t\t\t<\/div>\n\t\t","protected":false},"excerpt":{"rendered":"<p>Nekompromisne zlikviduje po\u017eiar, ale nepo\u0161kodzuje \u017eivotn\u00e9 prostredie V pr\u00edpade vznietenia pevn\u00fdch alebo tekut\u00fdch l\u00e1tok s\u00fa na \u00fa\u010dinn\u00e9 hasenie tak\u00fdchto po\u017eiarov t\u00fdm ide\u00e1lnym rie\u0161en\u00edm penov\u00e9 hasiace pr\u00edstroje bez flu\u00f3ru* zna\u010dky NEURUPPIN. Umo\u017e\u0148uj\u00fa dosiahnu\u0165 \u00fa\u010dinn\u00e9 uhasenie po\u017eiarov triedy A a B, ako aj elektrick\u00fdch zariaden\u00ed, zaru\u010duj\u00fa dlh\u00fa \u017eivotnos\u0165 \u201emade in Germany&#8220; a vynikaj\u00fa svojou ekologickos\u0165ou. \u00da\u010dinn\u00e9, netoxick\u00e9 [&hellip;]<\/p>\n","protected":false},"featured_media":4835,"comment_status":"open","ping_status":"closed","template":"","meta":{"_acf_changed":false,"_uf_show_specific_survey":0,"_uf_disable_surveys":false},"product_brand":[],"product_cat":[332,18,19,22],"product_tag":[],"class_list":{"0":"post-4398","1":"product","2":"type-product","3":"status-publish","4":"has-post-thumbnail","6":"product_cat-hasiace-pristroje-bez-fluoru","7":"product_cat-hasiace-pristroje","8":"product_cat-prenosne-hasiace-pristroje","9":"product_cat-penove-hasiace-pristroje","10":"wcpa_has_options","12":"first","13":"onbackorder","14":"taxable","15":"shipping-taxable","16":"purchasable","17":"product-type-simple"},"acf":[],"wcpa_form_fields":{"rules":{"pric_overide_base_price":false,"pric_overide_base_price_if_gt_zero":false,"pric_overide_base_price_fully":false,"pric_cal_option_once":false,"pric_use_as_fee":false,"bind_quantity":false,"quantity_bind_formula":false},"fields":[{"type":"text","elementId":"wcpa-text-1701694932704","label":"POZOR!","value":"Hasiace pr\u00edstroje pred\u00e1vame iba na osobn\u00fd odber, tlakov\u00e9 n\u00e1doby nie je mo\u017en\u00e9 zasiela\u0165 kuri\u00e9rom.","pricingType":"fixed","name":"text-1701694932704","subtype":"text","cl_rule":"show","col":6,"relations":false,"form_id":3854,"form_rules":{"pric_cal_option_once":false,"exclude_from_discount":false,"pric_use_as_fee":false,"fee_label":"Poplatok","render_after_acb":false,"disp_hide_options_price":false}},{"type":"checkbox-group","elementId":"wcpa-checkbox-group-1674660255438","label":"Dar\u010dek k n\u00e1kupu","priceOptions":"fixed_for_all","pricingType":"multiply","price":"3","name":"checkbox-group-1674660255438","other_text":"Other","cl_rule":"show","col":6,"values":[{"label":"Dr\u017eiak k pr\u00edstroju","value":"option-1","price":"","pimage":"","pimage_id":"","pthumb":"","selected":true},{"label":"Skompletizovanie PHP","value":"","price":"","pimage":"","pimage_id":"","pthumb":"","selected":true}],"relations":false,"form_id":994,"form_rules":{"pric_cal_option_once":false,"exclude_from_discount":false,"pric_use_as_fee":false,"fee_label":"Poplatok","render_after_acb":false,"disp_hide_options_price":false}},{"type":"checkbox-group","elementId":"wcpa-checkbox-group-1674658740881","label":"Doplnkov\u00e1 slu\u017eba","description":"Povinn\u00e9, ak budete hasiace pr\u00edstroje pou\u017e\u00edva\u0165 v podnikate\u013esk\u00fdch priestoroch.","desc_type":true,"enablePrice":true,"priceOptions":"fixed_for_all","pricingType":"multiply","price":"3,5","name":"checkbox-group-1674658740881","other_text":"Ostatn\u00e9","cl_rule":"show","col":6,"values":[{"label":"K\u00fapi\u0165 s rev\u00edziou (3,5\u20ac)","value":"option-1","price":"2,5","pimage":"","pimage_id":"","pthumb":""}],"relations":false,"form_id":994,"form_rules":{"pric_cal_option_once":false,"exclude_from_discount":false,"pric_use_as_fee":false,"fee_label":"Poplatok","render_after_acb":false,"disp_hide_options_price":false}},{"type":"checkbox-group","elementId":"wcpa-checkbox-group-1691055912438","label":"Mo\u017enos\u0165 doobjedna\u0165","description":"Piktogram Hasiaci pr\u00edstroj na ozna\u010denie miesta, kde bude HP umiestnen\u00fd.","desc_type":true,"enablePrice":true,"priceOptions":"fixed_for_all","pricingType":"multiply","price":"1,5","name":"checkbox-group-1691055912437","other_text":"Ostatn\u00e9","cl_rule":"show","col":6,"values":[{"label":"K\u00fapi\u0165 s piktogramom (1,5 \u20ac)","value":"option-1","price":"2,5","pimage":"","pimage_id":"","pthumb":""}],"relations":false,"form_id":994,"form_rules":{"pric_cal_option_once":false,"exclude_from_discount":false,"pric_use_as_fee":false,"fee_label":"Poplatok","render_after_acb":false,"disp_hide_options_price":false}}]},"yoast_head":"<!-- This site is optimized with the Yoast SEO plugin v27.1.1 - https:\/\/yoast.com\/product\/yoast-seo-wordpress\/ -->\n<title>Penov\u00fd hasiaci pr\u00edstroj bez flu\u00f3ru Neuruppin 06 FSP 6l - 3MON Eshop<\/title>\n<meta name=\"robots\" content=\"index, follow, max-snippet:-1, max-image-preview:large, max-video-preview:-1\" \/>\n<link rel=\"canonical\" href=\"https:\/\/3mon.sk\/eshop\/produkt\/penovy-hasiaci-pristroj-bez-fluoru-neuruppin-06-fsp-6l\/\" \/>\n<meta property=\"og:locale\" content=\"sk_SK\" \/>\n<meta property=\"og:type\" content=\"article\" \/>\n<meta property=\"og:title\" content=\"Penov\u00fd hasiaci pr\u00edstroj bez flu\u00f3ru Neuruppin 06 FSP 6l - 3MON Eshop\" \/>\n<meta property=\"og:description\" content=\"Nekompromisne zlikviduje po\u017eiar, ale nepo\u0161kodzuje \u017eivotn\u00e9 prostredie V pr\u00edpade vznietenia pevn\u00fdch alebo tekut\u00fdch l\u00e1tok s\u00fa na \u00fa\u010dinn\u00e9 hasenie tak\u00fdchto po\u017eiarov t\u00fdm ide\u00e1lnym rie\u0161en\u00edm penov\u00e9 hasiace pr\u00edstroje bez flu\u00f3ru* zna\u010dky NEURUPPIN. Umo\u017e\u0148uj\u00fa dosiahnu\u0165 \u00fa\u010dinn\u00e9 uhasenie po\u017eiarov triedy A a B, ako aj elektrick\u00fdch zariaden\u00ed, zaru\u010duj\u00fa dlh\u00fa \u017eivotnos\u0165 \u201emade in Germany&#8220; a vynikaj\u00fa svojou ekologickos\u0165ou. \u00da\u010dinn\u00e9, netoxick\u00e9 [&hellip;]\" \/>\n<meta property=\"og:url\" content=\"https:\/\/3mon.sk\/eshop\/produkt\/penovy-hasiaci-pristroj-bez-fluoru-neuruppin-06-fsp-6l\/\" \/>\n<meta property=\"og:site_name\" content=\"3MON Eshop\" \/>\n<meta property=\"article:publisher\" content=\"https:\/\/www.facebook.com\/3MONsro\" \/>\n<meta property=\"article:modified_time\" content=\"2026-01-22T11:11:20+00:00\" \/>\n<meta property=\"og:image\" content=\"https:\/\/3mon.sk\/eshop\/wp-content\/uploads\/2024\/11\/Penovy-hasiaci-pristroj-bez-fluoru-Neuruppin-06-FSP-6l.webp\" \/>\n\t<meta property=\"og:image:width\" content=\"880\" \/>\n\t<meta property=\"og:image:height\" content=\"880\" \/>\n\t<meta property=\"og:image:type\" content=\"image\/webp\" \/>\n<meta name=\"twitter:card\" content=\"summary_large_image\" \/>\n<meta name=\"twitter:label1\" content=\"Predpokladan\u00fd \u010das \u010d\u00edtania\" \/>\n\t<meta name=\"twitter:data1\" content=\"3 min\u00faty\" \/>\n<script type=\"application\/ld+json\" class=\"yoast-schema-graph\">{\"@context\":\"https:\/\/schema.org\",\"@graph\":[{\"@type\":\"WebPage\",\"@id\":\"https:\/\/3mon.sk\/eshop\/produkt\/penovy-hasiaci-pristroj-bez-fluoru-neuruppin-06-fsp-6l\/\",\"url\":\"https:\/\/3mon.sk\/eshop\/produkt\/penovy-hasiaci-pristroj-bez-fluoru-neuruppin-06-fsp-6l\/\",\"name\":\"Penov\u00fd hasiaci pr\u00edstroj bez flu\u00f3ru Neuruppin 06 FSP 6l - 3MON Eshop\",\"isPartOf\":{\"@id\":\"https:\/\/3mon.sk\/eshop\/#website\"},\"primaryImageOfPage\":{\"@id\":\"https:\/\/3mon.sk\/eshop\/produkt\/penovy-hasiaci-pristroj-bez-fluoru-neuruppin-06-fsp-6l\/#primaryimage\"},\"image\":{\"@id\":\"https:\/\/3mon.sk\/eshop\/produkt\/penovy-hasiaci-pristroj-bez-fluoru-neuruppin-06-fsp-6l\/#primaryimage\"},\"thumbnailUrl\":\"https:\/\/3mon.sk\/eshop\/wp-content\/uploads\/2024\/11\/Penovy-hasiaci-pristroj-bez-fluoru-Neuruppin-06-FSP-6l.webp\",\"datePublished\":\"2024-11-28T14:47:28+00:00\",\"dateModified\":\"2026-01-22T11:11:20+00:00\",\"breadcrumb\":{\"@id\":\"https:\/\/3mon.sk\/eshop\/produkt\/penovy-hasiaci-pristroj-bez-fluoru-neuruppin-06-fsp-6l\/#breadcrumb\"},\"inLanguage\":\"sk-SK\",\"potentialAction\":[{\"@type\":\"ReadAction\",\"target\":[\"https:\/\/3mon.sk\/eshop\/produkt\/penovy-hasiaci-pristroj-bez-fluoru-neuruppin-06-fsp-6l\/\"]}]},{\"@type\":\"ImageObject\",\"inLanguage\":\"sk-SK\",\"@id\":\"https:\/\/3mon.sk\/eshop\/produkt\/penovy-hasiaci-pristroj-bez-fluoru-neuruppin-06-fsp-6l\/#primaryimage\",\"url\":\"https:\/\/3mon.sk\/eshop\/wp-content\/uploads\/2024\/11\/Penovy-hasiaci-pristroj-bez-fluoru-Neuruppin-06-FSP-6l.webp\",\"contentUrl\":\"https:\/\/3mon.sk\/eshop\/wp-content\/uploads\/2024\/11\/Penovy-hasiaci-pristroj-bez-fluoru-Neuruppin-06-FSP-6l.webp\",\"width\":880,\"height\":880,\"caption\":\"Penov\u00fd hasiaci pr\u00edstroj bez flu\u00f3ru Neuruppin 06 FSP 6l\"},{\"@type\":\"BreadcrumbList\",\"@id\":\"https:\/\/3mon.sk\/eshop\/produkt\/penovy-hasiaci-pristroj-bez-fluoru-neuruppin-06-fsp-6l\/#breadcrumb\",\"itemListElement\":[{\"@type\":\"ListItem\",\"position\":1,\"name\":\"Domovsk\u00e1 str\u00e1nka\",\"item\":\"https:\/\/3mon.sk\/eshop\/\"},{\"@type\":\"ListItem\",\"position\":2,\"name\":\"OBCHOD\",\"item\":\"https:\/\/3mon.sk\/eshop\/obchod\/\"},{\"@type\":\"ListItem\",\"position\":3,\"name\":\"Penov\u00fd hasiaci pr\u00edstroj bez flu\u00f3ru Neuruppin 06 FSP 6l\"}]},{\"@type\":\"WebSite\",\"@id\":\"https:\/\/3mon.sk\/eshop\/#website\",\"url\":\"https:\/\/3mon.sk\/eshop\/\",\"name\":\"3MON Eshop\",\"description\":\"\",\"publisher\":{\"@id\":\"https:\/\/3mon.sk\/eshop\/#organization\"},\"potentialAction\":[{\"@type\":\"SearchAction\",\"target\":{\"@type\":\"EntryPoint\",\"urlTemplate\":\"https:\/\/3mon.sk\/eshop\/?s={search_term_string}\"},\"query-input\":{\"@type\":\"PropertyValueSpecification\",\"valueRequired\":true,\"valueName\":\"search_term_string\"}}],\"inLanguage\":\"sk-SK\"},{\"@type\":\"Organization\",\"@id\":\"https:\/\/3mon.sk\/eshop\/#organization\",\"name\":\"3MON, s. r. o.\",\"url\":\"https:\/\/3mon.sk\/eshop\/\",\"logo\":{\"@type\":\"ImageObject\",\"inLanguage\":\"sk-SK\",\"@id\":\"https:\/\/3mon.sk\/eshop\/#\/schema\/logo\/image\/\",\"url\":\"https:\/\/3mon.sk\/eshop\/wp-content\/uploads\/2024\/06\/3mon_logo_new.png\",\"contentUrl\":\"https:\/\/3mon.sk\/eshop\/wp-content\/uploads\/2024\/06\/3mon_logo_new.png\",\"width\":656,\"height\":206,\"caption\":\"3MON, s. r. o.\"},\"image\":{\"@id\":\"https:\/\/3mon.sk\/eshop\/#\/schema\/logo\/image\/\"},\"sameAs\":[\"https:\/\/www.facebook.com\/3MONsro\",\"https:\/\/www.instagram.com\/3mon_rescue\/\"]}]}<\/script>\n<!-- \/ Yoast SEO plugin. -->","yoast_head_json":{"title":"Penov\u00fd hasiaci pr\u00edstroj bez flu\u00f3ru Neuruppin 06 FSP 6l - 3MON Eshop","robots":{"index":"index","follow":"follow","max-snippet":"max-snippet:-1","max-image-preview":"max-image-preview:large","max-video-preview":"max-video-preview:-1"},"canonical":"https:\/\/3mon.sk\/eshop\/produkt\/penovy-hasiaci-pristroj-bez-fluoru-neuruppin-06-fsp-6l\/","og_locale":"sk_SK","og_type":"article","og_title":"Penov\u00fd hasiaci pr\u00edstroj bez flu\u00f3ru Neuruppin 06 FSP 6l - 3MON Eshop","og_description":"Nekompromisne zlikviduje po\u017eiar, ale nepo\u0161kodzuje \u017eivotn\u00e9 prostredie V pr\u00edpade vznietenia pevn\u00fdch alebo tekut\u00fdch l\u00e1tok s\u00fa na \u00fa\u010dinn\u00e9 hasenie tak\u00fdchto po\u017eiarov t\u00fdm ide\u00e1lnym rie\u0161en\u00edm penov\u00e9 hasiace pr\u00edstroje bez flu\u00f3ru* zna\u010dky NEURUPPIN. Umo\u017e\u0148uj\u00fa dosiahnu\u0165 \u00fa\u010dinn\u00e9 uhasenie po\u017eiarov triedy A a B, ako aj elektrick\u00fdch zariaden\u00ed, zaru\u010duj\u00fa dlh\u00fa \u017eivotnos\u0165 \u201emade in Germany&#8220; a vynikaj\u00fa svojou ekologickos\u0165ou. \u00da\u010dinn\u00e9, netoxick\u00e9 [&hellip;]","og_url":"https:\/\/3mon.sk\/eshop\/produkt\/penovy-hasiaci-pristroj-bez-fluoru-neuruppin-06-fsp-6l\/","og_site_name":"3MON Eshop","article_publisher":"https:\/\/www.facebook.com\/3MONsro","article_modified_time":"2026-01-22T11:11:20+00:00","og_image":[{"width":880,"height":880,"url":"https:\/\/3mon.sk\/eshop\/wp-content\/uploads\/2024\/11\/Penovy-hasiaci-pristroj-bez-fluoru-Neuruppin-06-FSP-6l.webp","type":"image\/webp"}],"twitter_card":"summary_large_image","twitter_misc":{"Predpokladan\u00fd \u010das \u010d\u00edtania":"3 min\u00faty"},"schema":{"@context":"https:\/\/schema.org","@graph":[{"@type":"WebPage","@id":"https:\/\/3mon.sk\/eshop\/produkt\/penovy-hasiaci-pristroj-bez-fluoru-neuruppin-06-fsp-6l\/","url":"https:\/\/3mon.sk\/eshop\/produkt\/penovy-hasiaci-pristroj-bez-fluoru-neuruppin-06-fsp-6l\/","name":"Penov\u00fd hasiaci pr\u00edstroj bez flu\u00f3ru Neuruppin 06 FSP 6l - 3MON Eshop","isPartOf":{"@id":"https:\/\/3mon.sk\/eshop\/#website"},"primaryImageOfPage":{"@id":"https:\/\/3mon.sk\/eshop\/produkt\/penovy-hasiaci-pristroj-bez-fluoru-neuruppin-06-fsp-6l\/#primaryimage"},"image":{"@id":"https:\/\/3mon.sk\/eshop\/produkt\/penovy-hasiaci-pristroj-bez-fluoru-neuruppin-06-fsp-6l\/#primaryimage"},"thumbnailUrl":"https:\/\/3mon.sk\/eshop\/wp-content\/uploads\/2024\/11\/Penovy-hasiaci-pristroj-bez-fluoru-Neuruppin-06-FSP-6l.webp","datePublished":"2024-11-28T14:47:28+00:00","dateModified":"2026-01-22T11:11:20+00:00","breadcrumb":{"@id":"https:\/\/3mon.sk\/eshop\/produkt\/penovy-hasiaci-pristroj-bez-fluoru-neuruppin-06-fsp-6l\/#breadcrumb"},"inLanguage":"sk-SK","potentialAction":[{"@type":"ReadAction","target":["https:\/\/3mon.sk\/eshop\/produkt\/penovy-hasiaci-pristroj-bez-fluoru-neuruppin-06-fsp-6l\/"]}]},{"@type":"ImageObject","inLanguage":"sk-SK","@id":"https:\/\/3mon.sk\/eshop\/produkt\/penovy-hasiaci-pristroj-bez-fluoru-neuruppin-06-fsp-6l\/#primaryimage","url":"https:\/\/3mon.sk\/eshop\/wp-content\/uploads\/2024\/11\/Penovy-hasiaci-pristroj-bez-fluoru-Neuruppin-06-FSP-6l.webp","contentUrl":"https:\/\/3mon.sk\/eshop\/wp-content\/uploads\/2024\/11\/Penovy-hasiaci-pristroj-bez-fluoru-Neuruppin-06-FSP-6l.webp","width":880,"height":880,"caption":"Penov\u00fd hasiaci pr\u00edstroj bez flu\u00f3ru Neuruppin 06 FSP 6l"},{"@type":"BreadcrumbList","@id":"https:\/\/3mon.sk\/eshop\/produkt\/penovy-hasiaci-pristroj-bez-fluoru-neuruppin-06-fsp-6l\/#breadcrumb","itemListElement":[{"@type":"ListItem","position":1,"name":"Domovsk\u00e1 str\u00e1nka","item":"https:\/\/3mon.sk\/eshop\/"},{"@type":"ListItem","position":2,"name":"OBCHOD","item":"https:\/\/3mon.sk\/eshop\/obchod\/"},{"@type":"ListItem","position":3,"name":"Penov\u00fd hasiaci pr\u00edstroj bez flu\u00f3ru Neuruppin 06 FSP 6l"}]},{"@type":"WebSite","@id":"https:\/\/3mon.sk\/eshop\/#website","url":"https:\/\/3mon.sk\/eshop\/","name":"3MON Eshop","description":"","publisher":{"@id":"https:\/\/3mon.sk\/eshop\/#organization"},"potentialAction":[{"@type":"SearchAction","target":{"@type":"EntryPoint","urlTemplate":"https:\/\/3mon.sk\/eshop\/?s={search_term_string}"},"query-input":{"@type":"PropertyValueSpecification","valueRequired":true,"valueName":"search_term_string"}}],"inLanguage":"sk-SK"},{"@type":"Organization","@id":"https:\/\/3mon.sk\/eshop\/#organization","name":"3MON, s. r. o.","url":"https:\/\/3mon.sk\/eshop\/","logo":{"@type":"ImageObject","inLanguage":"sk-SK","@id":"https:\/\/3mon.sk\/eshop\/#\/schema\/logo\/image\/","url":"https:\/\/3mon.sk\/eshop\/wp-content\/uploads\/2024\/06\/3mon_logo_new.png","contentUrl":"https:\/\/3mon.sk\/eshop\/wp-content\/uploads\/2024\/06\/3mon_logo_new.png","width":656,"height":206,"caption":"3MON, s. r. o."},"image":{"@id":"https:\/\/3mon.sk\/eshop\/#\/schema\/logo\/image\/"},"sameAs":["https:\/\/www.facebook.com\/3MONsro","https:\/\/www.instagram.com\/3mon_rescue\/"]}]}},"_links":{"self":[{"href":"https:\/\/3mon.sk\/eshop\/wp-json\/wp\/v2\/product\/4398","targetHints":{"allow":["GET"]}}],"collection":[{"href":"https:\/\/3mon.sk\/eshop\/wp-json\/wp\/v2\/product"}],"about":[{"href":"https:\/\/3mon.sk\/eshop\/wp-json\/wp\/v2\/types\/product"}],"replies":[{"embeddable":true,"href":"https:\/\/3mon.sk\/eshop\/wp-json\/wp\/v2\/comments?post=4398"}],"version-history":[{"count":17,"href":"https:\/\/3mon.sk\/eshop\/wp-json\/wp\/v2\/product\/4398\/revisions"}],"predecessor-version":[{"id":4803,"href":"https:\/\/3mon.sk\/eshop\/wp-json\/wp\/v2\/product\/4398\/revisions\/4803"}],"wp:featuredmedia":[{"embeddable":true,"href":"https:\/\/3mon.sk\/eshop\/wp-json\/wp\/v2\/media\/4835"}],"wp:attachment":[{"href":"https:\/\/3mon.sk\/eshop\/wp-json\/wp\/v2\/media?parent=4398"}],"wp:term":[{"taxonomy":"product_brand","embeddable":true,"href":"https:\/\/3mon.sk\/eshop\/wp-json\/wp\/v2\/product_brand?post=4398"},{"taxonomy":"product_cat","embeddable":true,"href":"https:\/\/3mon.sk\/eshop\/wp-json\/wp\/v2\/product_cat?post=4398"},{"taxonomy":"product_tag","embeddable":true,"href":"https:\/\/3mon.sk\/eshop\/wp-json\/wp\/v2\/product_tag?post=4398"}],"curies":[{"name":"wp","href":"https:\/\/api.w.org\/{rel}","templated":true}]}}