{"id":3969,"date":"2024-03-03T00:32:26","date_gmt":"2024-03-02T23:32:26","guid":{"rendered":"https:\/\/3mon.sk\/eshop\/?post_type=product&#038;p=3969"},"modified":"2026-04-25T14:42:03","modified_gmt":"2026-04-25T12:42:03","slug":"hasicska-maska-pre-zasah-pri-poziaroch-lithiovych-baterii","status":"publish","type":"product","link":"https:\/\/3mon.sk\/eshop\/produkt\/hasicska-maska-pre-zasah-pri-poziaroch-lithiovych-baterii\/","title":{"rendered":"Hasi\u010dsk\u00e1 maska pre z\u00e1sah pri po\u017eiaroch l\u00edthiov\u00fdch bat\u00e9ri\u00ed"},"content":{"rendered":"\t\t<div data-elementor-type=\"wp-post\" data-elementor-id=\"3969\" class=\"elementor elementor-3969\">\n\t\t\t\t\t\t<section class=\"elementor-section elementor-top-section elementor-element elementor-element-d31965f elementor-section-boxed elementor-section-height-default elementor-section-height-default\" data-id=\"d31965f\" data-element_type=\"section\" data-e-type=\"section\">\r\n\t\t\r\n\t\t\t\t\t\t\t<div class=\"elementor-container elementor-column-gap-default\">\r\n\t\t\t\t\t\t\t\t\t\t\t<div class=\"elementor-column elementor-col-100 elementor-top-column elementor-element elementor-element-a030315\" data-id=\"a030315\" data-element_type=\"column\" data-e-type=\"column\">\r\n\t\t\t\t\t<div class=\"elementor-widget-wrap elementor-element-populated\">\r\n\t\t\t\t\t\t\t\t<div class=\"elementor-element elementor-element-de4f29e elementor-widget elementor-widget-text-editor\" data-id=\"de4f29e\" data-element_type=\"widget\" data-e-type=\"widget\" data-widget_type=\"text-editor.default\">\n\t\t\t\t<div class=\"elementor-widget-container\">\n\t\t\t\t\t\t\t\t\t<p><strong>LFIM<\/strong> je ochrann\u00e1 maska ur\u010den\u00e1 na ochranu pred rizikami spojen\u00fdmi s po\u017eiarmi a incidentmi <strong>l\u00edtium-i\u00f3nov\u00fdch bat\u00e9ri\u00ed<\/strong>. Je navrhnut\u00e1 tak, aby poskytovala ochranu pred toxick\u00fdmi plynmi, vysokor\u00fdchlostn\u00fdmi \u010dasticami a \u010fal\u0161\u00edmi nebezpe\u010denstvami, ktor\u00e9 m\u00f4\u017eu vznikn\u00fa\u0165 po\u010das incidentov s l\u00edtium-i\u00f3nov\u00fdmi bat\u00e9riami.<\/p><p>Nev\u00fdhodou l\u00edtium-i\u00f3nov\u00fdch bat\u00e9ri\u00ed je, \u017ee ich zlo\u017eenie a \u0161trukt\u00fara pozost\u00e1va z kon\u0161trukcie a materi\u00e1lov, ktor\u00e9: pod vplyvom teploty, n\u00e1razu alebo zlyhania syst\u00e9mu BMS (syst\u00e9m mana\u017ementu \u010dl\u00e1nkov bat\u00e9rie) m\u00f4\u017eu sp\u00f4sobi\u0165 tepeln\u00fd v\u00fdboj, \u010do vedie k vytvoreniu tlaku s n\u00e1sledn\u00fdm prasknut\u00edm, alebo expl\u00f3ziou \u010dl\u00e1nku bat\u00e9rie pri\u010dom d\u00f4jde k exotermickej reakcii, ktor\u00e1 m\u00f4\u017ee iniciova\u0165 prudk\u00fd po\u017eiar.<\/p><p><strong> Pou\u017eitie LFIM poskytuje 15 min\u00fat ochrany proti toxick\u00fdm plynom uvo\u013enen\u00fdm z l\u00edtium-i\u00f3nov\u00fdch bat\u00e9ri\u00ed a \u010dl\u00e1nkov<\/strong> a chr\u00e1ni tv\u00e1r proti vysokor\u00fdchlostn\u00fdm \u010dasticiam uvo\u013enen\u00fdm pri expl\u00f3zii bat\u00e9rie.<\/p><p>Maska je preto \u00fa\u010dinn\u00fdm doplnkom k hasiacim syst\u00e9mom <a href=\"https:\/\/3mon.sk\/eshop\/?s=f-500\">F500<\/a> a pon\u00faka optim\u00e1lnu ochranu pre \u013eud\u00ed, ktor\u00ed s\u00fa vystaven\u00ed rizik\u00e1m spojen\u00fdm s l\u00edtium-i\u00f3nov\u00fdmi bat\u00e9riami. Maska je vybaven\u00e1 filtrami, ktor\u00e9 poskytuj\u00fa ochranu proti \u0161kodliv\u00fdm a toxick\u00fdm l\u00e1tkam uvo\u013enen\u00fdm pri po\u017eiaroch, ako s\u00fa CO2, oxid uhelnat\u00fd a pri po\u017eiaroch l\u00edthia, ako s\u00fa HF, fluorovod\u00edk, HCL, kyselina chlorovod\u00edkov\u00e1, LiOH, hydroxid l\u00edtia, C<em>H<\/em>, uh\u013eovod\u00edky, NH3, amoniak a deriv\u00e1ty, SO2, oxid siri\u010dit\u00fd, sadze a \u010dastice.<\/p><p><strong>Sektory, v ktor\u00fdch mo\u017eno LFIM pou\u017e\u00edva\u0165 okrem hasiacich syst\u00e9mov F500 s\u00fa<\/strong>:<\/p><ul><li>Hasiace z\u00e1sahy pri l\u00edtium-i\u00f3nov\u00fdch bat\u00e9ri\u00e1ch<\/li><li>Parkovacie gar\u00e1\u017ee a nab\u00edjacie miesta pre EV<\/li><li>Spolo\u010dnosti pre recykl\u00e1ciu a spr\u00e1vu odpadov<\/li><li>Slu\u017eby zdv\u00edhania a \u0165ahania<\/li><li>Oprav\u00e1rensk\u00e9 dielne<\/li><li>Stanice na nab\u00edjanie n\u00e1strojov pre stavebn\u00edctvo a \u00fapravu krajiny<\/li><li>Nab\u00edjacie stanice pre bat\u00e9rie<\/li><li>Skladovanie bat\u00e9ri\u00ed<\/li><li>N\u00e1kladn\u00e9 aut\u00e1, osobn\u00e9 aut\u00e1, autobusy a vlaky<\/li><li>Elektrobicykle a elektromobilita vo v\u0161eobecnosti<\/li><li>Dod\u00e1vate\u013esk\u00e9 oblasti a prekl\u00e1dkov\u00e9 body<\/li><\/ul><p>Maska je certifikovan\u00e1 v s\u00falade s pr\u00edslu\u0161n\u00fdmi eur\u00f3pskymi a medzin\u00e1rodn\u00fdmi normami pre osobn\u00e9 ochrann\u00e9 prostriedky. Zabezpe\u010duje, \u017ee produkt sp\u013a\u0148a v\u0161etky potrebn\u00e9 bezpe\u010dnostn\u00e9 po\u017eiadavky.<\/p>\t\t\t\t\t\t\t\t<\/div>\n\t\t\t\t<\/div>\n\t\t\t\t<div class=\"elementor-element elementor-element-c57e4bc elementor-widget elementor-widget-text-editor\" data-id=\"c57e4bc\" data-element_type=\"widget\" data-e-type=\"widget\" data-widget_type=\"text-editor.default\">\n\t\t\t\t<div class=\"elementor-widget-container\">\n\t\t\t\t\t\t\t\t\t<p><strong>Cerfitik\u00e1cia:<\/strong><\/p><table width=\"212\"><tbody><tr><td width=\"64\"><strong>EN136: 1998<\/strong><\/td><td width=\"148\">Celotv\u00e1rov\u00e1 maska<\/td><\/tr><tr><td><strong>Mod. C2 EU reg. 2016\/425<\/strong><\/td><td>Balenie<\/td><\/tr><tr><td><strong>EN143387+A1 &#8211; 2008<\/strong><\/td><td>Plynov\u00e9 a \u010dasticov\u00e9 filtre<\/td><\/tr><tr><td><strong>EN168<\/strong><\/td><td>Vysokorychlostn\u00e1 sk\u00fa\u0161ka \u010dast\u00edc<\/td><\/tr><tr><td><strong>EN166<\/strong><\/td><td>Ochrana o\u010d\u00ed a tv\u00e1re<\/td><\/tr><tr><td><strong>CE0161<\/strong><\/td><td>NoBo EU reg. 305\/2011<\/td><\/tr><\/tbody><\/table>\t\t\t\t\t\t\t\t<\/div>\n\t\t\t\t<\/div>\n\t\t\t\t\t<\/div>\r\n\t\t\t\t<\/div>\r\n\t\t\t\t\t<\/div>\r\n\t\t\t\t<\/section>\r\n\t\t\t\t<\/div>\n\t\t","protected":false},"excerpt":{"rendered":"<p>LFIM je ochrann\u00e1 maska ur\u010den\u00e1 na ochranu pred rizikami spojen\u00fdmi s po\u017eiarmi a incidentmi l\u00edtium-i\u00f3nov\u00fdch bat\u00e9ri\u00ed. Je navrhnut\u00e1 tak, aby poskytovala ochranu pred toxick\u00fdmi plynmi, vysokor\u00fdchlostn\u00fdmi \u010dasticami a \u010fal\u0161\u00edmi nebezpe\u010denstvami, ktor\u00e9 m\u00f4\u017eu vznikn\u00fa\u0165 po\u010das incidentov s l\u00edtium-i\u00f3nov\u00fdmi bat\u00e9riami. Nev\u00fdhodou l\u00edtium-i\u00f3nov\u00fdch bat\u00e9ri\u00ed je, \u017ee ich zlo\u017eenie a \u0161trukt\u00fara pozost\u00e1va z kon\u0161trukcie a materi\u00e1lov, ktor\u00e9: pod vplyvom [&hellip;]<\/p>\n","protected":false},"featured_media":3970,"comment_status":"open","ping_status":"closed","template":"","meta":{"_acf_changed":false,"_uf_show_specific_survey":0,"_uf_disable_surveys":false},"product_brand":[],"product_cat":[64,102,323],"product_tag":[],"class_list":{"0":"post-3969","1":"product","2":"type-product","3":"status-publish","4":"has-post-thumbnail","6":"product_cat-hasenie-lithiovych-baterii","7":"product_cat-hasicska-vystroj","8":"product_cat-zasahove-masky","9":"wcpa_has_options","11":"first","12":"instock","13":"taxable","14":"shipping-taxable","15":"purchasable","16":"product-type-simple"},"acf":[],"wcpa_form_fields":{"rules":{"pric_overide_base_price":false,"pric_overide_base_price_if_gt_zero":false,"pric_overide_base_price_fully":false,"pric_cal_option_once":false,"pric_use_as_fee":false,"bind_quantity":false,"quantity_bind_formula":false},"fields":[{"type":"text","elementId":"wcpa-text-1701694932704","label":"POZOR!","value":"Hasiace pr\u00edstroje pred\u00e1vame iba na osobn\u00fd odber, tlakov\u00e9 n\u00e1doby nie je mo\u017en\u00e9 zasiela\u0165 kuri\u00e9rom.","pricingType":"fixed","name":"text-1701694932704","subtype":"text","cl_rule":"show","col":6,"relations":false,"form_id":3854,"form_rules":{"pric_cal_option_once":false,"exclude_from_discount":false,"pric_use_as_fee":false,"fee_label":"Poplatok","render_after_acb":false,"disp_hide_options_price":false}}]},"yoast_head":"<!-- This site is optimized with the Yoast SEO plugin v27.1.1 - https:\/\/yoast.com\/product\/yoast-seo-wordpress\/ -->\n<title>Hasi\u010dsk\u00e1 maska pre z\u00e1sah pri po\u017eiaroch l\u00edthiov\u00fdch bat\u00e9ri\u00ed - 3MON Eshop<\/title>\n<meta name=\"robots\" content=\"index, follow, max-snippet:-1, max-image-preview:large, max-video-preview:-1\" \/>\n<link rel=\"canonical\" href=\"https:\/\/3mon.sk\/eshop\/produkt\/hasicska-maska-pre-zasah-pri-poziaroch-lithiovych-baterii\/\" \/>\n<meta property=\"og:locale\" content=\"sk_SK\" \/>\n<meta property=\"og:type\" content=\"article\" \/>\n<meta property=\"og:title\" content=\"Hasi\u010dsk\u00e1 maska pre z\u00e1sah pri po\u017eiaroch l\u00edthiov\u00fdch bat\u00e9ri\u00ed - 3MON Eshop\" \/>\n<meta property=\"og:description\" content=\"LFIM je ochrann\u00e1 maska ur\u010den\u00e1 na ochranu pred rizikami spojen\u00fdmi s po\u017eiarmi a incidentmi l\u00edtium-i\u00f3nov\u00fdch bat\u00e9ri\u00ed. Je navrhnut\u00e1 tak, aby poskytovala ochranu pred toxick\u00fdmi plynmi, vysokor\u00fdchlostn\u00fdmi \u010dasticami a \u010fal\u0161\u00edmi nebezpe\u010denstvami, ktor\u00e9 m\u00f4\u017eu vznikn\u00fa\u0165 po\u010das incidentov s l\u00edtium-i\u00f3nov\u00fdmi bat\u00e9riami. Nev\u00fdhodou l\u00edtium-i\u00f3nov\u00fdch bat\u00e9ri\u00ed je, \u017ee ich zlo\u017eenie a \u0161trukt\u00fara pozost\u00e1va z kon\u0161trukcie a materi\u00e1lov, ktor\u00e9: pod vplyvom [&hellip;]\" \/>\n<meta property=\"og:url\" content=\"https:\/\/3mon.sk\/eshop\/produkt\/hasicska-maska-pre-zasah-pri-poziaroch-lithiovych-baterii\/\" \/>\n<meta property=\"og:site_name\" content=\"3MON Eshop\" \/>\n<meta property=\"article:publisher\" content=\"https:\/\/www.facebook.com\/3MONsro\" \/>\n<meta property=\"article:modified_time\" content=\"2026-04-25T12:42:03+00:00\" \/>\n<meta property=\"og:image\" content=\"https:\/\/3mon.sk\/eshop\/wp-content\/uploads\/2024\/03\/lfim_maska.jpg\" \/>\n\t<meta property=\"og:image:width\" content=\"1000\" \/>\n\t<meta property=\"og:image:height\" content=\"1000\" \/>\n\t<meta property=\"og:image:type\" content=\"image\/jpeg\" \/>\n<meta name=\"twitter:card\" content=\"summary_large_image\" \/>\n<meta name=\"twitter:label1\" content=\"Predpokladan\u00fd \u010das \u010d\u00edtania\" \/>\n\t<meta name=\"twitter:data1\" content=\"2 min\u00faty\" \/>\n<script type=\"application\/ld+json\" class=\"yoast-schema-graph\">{\"@context\":\"https:\/\/schema.org\",\"@graph\":[{\"@type\":\"WebPage\",\"@id\":\"https:\/\/3mon.sk\/eshop\/produkt\/hasicska-maska-pre-zasah-pri-poziaroch-lithiovych-baterii\/\",\"url\":\"https:\/\/3mon.sk\/eshop\/produkt\/hasicska-maska-pre-zasah-pri-poziaroch-lithiovych-baterii\/\",\"name\":\"Hasi\u010dsk\u00e1 maska pre z\u00e1sah pri po\u017eiaroch l\u00edthiov\u00fdch bat\u00e9ri\u00ed - 3MON Eshop\",\"isPartOf\":{\"@id\":\"https:\/\/3mon.sk\/eshop\/#website\"},\"primaryImageOfPage\":{\"@id\":\"https:\/\/3mon.sk\/eshop\/produkt\/hasicska-maska-pre-zasah-pri-poziaroch-lithiovych-baterii\/#primaryimage\"},\"image\":{\"@id\":\"https:\/\/3mon.sk\/eshop\/produkt\/hasicska-maska-pre-zasah-pri-poziaroch-lithiovych-baterii\/#primaryimage\"},\"thumbnailUrl\":\"https:\/\/3mon.sk\/eshop\/wp-content\/uploads\/2024\/03\/lfim_maska.jpg\",\"datePublished\":\"2024-03-02T23:32:26+00:00\",\"dateModified\":\"2026-04-25T12:42:03+00:00\",\"breadcrumb\":{\"@id\":\"https:\/\/3mon.sk\/eshop\/produkt\/hasicska-maska-pre-zasah-pri-poziaroch-lithiovych-baterii\/#breadcrumb\"},\"inLanguage\":\"sk-SK\",\"potentialAction\":[{\"@type\":\"ReadAction\",\"target\":[\"https:\/\/3mon.sk\/eshop\/produkt\/hasicska-maska-pre-zasah-pri-poziaroch-lithiovych-baterii\/\"]}]},{\"@type\":\"ImageObject\",\"inLanguage\":\"sk-SK\",\"@id\":\"https:\/\/3mon.sk\/eshop\/produkt\/hasicska-maska-pre-zasah-pri-poziaroch-lithiovych-baterii\/#primaryimage\",\"url\":\"https:\/\/3mon.sk\/eshop\/wp-content\/uploads\/2024\/03\/lfim_maska.jpg\",\"contentUrl\":\"https:\/\/3mon.sk\/eshop\/wp-content\/uploads\/2024\/03\/lfim_maska.jpg\",\"width\":1000,\"height\":1000,\"caption\":\"Maska pre z\u00e1sah pri po\u017eiaroch l\u00edthiov\u00fdch bat\u00e9ri\u00ed\"},{\"@type\":\"BreadcrumbList\",\"@id\":\"https:\/\/3mon.sk\/eshop\/produkt\/hasicska-maska-pre-zasah-pri-poziaroch-lithiovych-baterii\/#breadcrumb\",\"itemListElement\":[{\"@type\":\"ListItem\",\"position\":1,\"name\":\"Domovsk\u00e1 str\u00e1nka\",\"item\":\"https:\/\/3mon.sk\/eshop\/\"},{\"@type\":\"ListItem\",\"position\":2,\"name\":\"OBCHOD\",\"item\":\"https:\/\/3mon.sk\/eshop\/obchod\/\"},{\"@type\":\"ListItem\",\"position\":3,\"name\":\"Hasi\u010dsk\u00e1 maska pre z\u00e1sah pri po\u017eiaroch l\u00edthiov\u00fdch bat\u00e9ri\u00ed\"}]},{\"@type\":\"WebSite\",\"@id\":\"https:\/\/3mon.sk\/eshop\/#website\",\"url\":\"https:\/\/3mon.sk\/eshop\/\",\"name\":\"3MON Eshop\",\"description\":\"\",\"publisher\":{\"@id\":\"https:\/\/3mon.sk\/eshop\/#organization\"},\"potentialAction\":[{\"@type\":\"SearchAction\",\"target\":{\"@type\":\"EntryPoint\",\"urlTemplate\":\"https:\/\/3mon.sk\/eshop\/?s={search_term_string}\"},\"query-input\":{\"@type\":\"PropertyValueSpecification\",\"valueRequired\":true,\"valueName\":\"search_term_string\"}}],\"inLanguage\":\"sk-SK\"},{\"@type\":\"Organization\",\"@id\":\"https:\/\/3mon.sk\/eshop\/#organization\",\"name\":\"3MON, s. r. o.\",\"url\":\"https:\/\/3mon.sk\/eshop\/\",\"logo\":{\"@type\":\"ImageObject\",\"inLanguage\":\"sk-SK\",\"@id\":\"https:\/\/3mon.sk\/eshop\/#\/schema\/logo\/image\/\",\"url\":\"https:\/\/3mon.sk\/eshop\/wp-content\/uploads\/2024\/06\/3mon_logo_new.png\",\"contentUrl\":\"https:\/\/3mon.sk\/eshop\/wp-content\/uploads\/2024\/06\/3mon_logo_new.png\",\"width\":656,\"height\":206,\"caption\":\"3MON, s. r. o.\"},\"image\":{\"@id\":\"https:\/\/3mon.sk\/eshop\/#\/schema\/logo\/image\/\"},\"sameAs\":[\"https:\/\/www.facebook.com\/3MONsro\",\"https:\/\/www.instagram.com\/3mon_rescue\/\"]}]}<\/script>\n<!-- \/ Yoast SEO plugin. -->","yoast_head_json":{"title":"Hasi\u010dsk\u00e1 maska pre z\u00e1sah pri po\u017eiaroch l\u00edthiov\u00fdch bat\u00e9ri\u00ed - 3MON Eshop","robots":{"index":"index","follow":"follow","max-snippet":"max-snippet:-1","max-image-preview":"max-image-preview:large","max-video-preview":"max-video-preview:-1"},"canonical":"https:\/\/3mon.sk\/eshop\/produkt\/hasicska-maska-pre-zasah-pri-poziaroch-lithiovych-baterii\/","og_locale":"sk_SK","og_type":"article","og_title":"Hasi\u010dsk\u00e1 maska pre z\u00e1sah pri po\u017eiaroch l\u00edthiov\u00fdch bat\u00e9ri\u00ed - 3MON Eshop","og_description":"LFIM je ochrann\u00e1 maska ur\u010den\u00e1 na ochranu pred rizikami spojen\u00fdmi s po\u017eiarmi a incidentmi l\u00edtium-i\u00f3nov\u00fdch bat\u00e9ri\u00ed. Je navrhnut\u00e1 tak, aby poskytovala ochranu pred toxick\u00fdmi plynmi, vysokor\u00fdchlostn\u00fdmi \u010dasticami a \u010fal\u0161\u00edmi nebezpe\u010denstvami, ktor\u00e9 m\u00f4\u017eu vznikn\u00fa\u0165 po\u010das incidentov s l\u00edtium-i\u00f3nov\u00fdmi bat\u00e9riami. Nev\u00fdhodou l\u00edtium-i\u00f3nov\u00fdch bat\u00e9ri\u00ed je, \u017ee ich zlo\u017eenie a \u0161trukt\u00fara pozost\u00e1va z kon\u0161trukcie a materi\u00e1lov, ktor\u00e9: pod vplyvom [&hellip;]","og_url":"https:\/\/3mon.sk\/eshop\/produkt\/hasicska-maska-pre-zasah-pri-poziaroch-lithiovych-baterii\/","og_site_name":"3MON Eshop","article_publisher":"https:\/\/www.facebook.com\/3MONsro","article_modified_time":"2026-04-25T12:42:03+00:00","og_image":[{"width":1000,"height":1000,"url":"https:\/\/3mon.sk\/eshop\/wp-content\/uploads\/2024\/03\/lfim_maska.jpg","type":"image\/jpeg"}],"twitter_card":"summary_large_image","twitter_misc":{"Predpokladan\u00fd \u010das \u010d\u00edtania":"2 min\u00faty"},"schema":{"@context":"https:\/\/schema.org","@graph":[{"@type":"WebPage","@id":"https:\/\/3mon.sk\/eshop\/produkt\/hasicska-maska-pre-zasah-pri-poziaroch-lithiovych-baterii\/","url":"https:\/\/3mon.sk\/eshop\/produkt\/hasicska-maska-pre-zasah-pri-poziaroch-lithiovych-baterii\/","name":"Hasi\u010dsk\u00e1 maska pre z\u00e1sah pri po\u017eiaroch l\u00edthiov\u00fdch bat\u00e9ri\u00ed - 3MON Eshop","isPartOf":{"@id":"https:\/\/3mon.sk\/eshop\/#website"},"primaryImageOfPage":{"@id":"https:\/\/3mon.sk\/eshop\/produkt\/hasicska-maska-pre-zasah-pri-poziaroch-lithiovych-baterii\/#primaryimage"},"image":{"@id":"https:\/\/3mon.sk\/eshop\/produkt\/hasicska-maska-pre-zasah-pri-poziaroch-lithiovych-baterii\/#primaryimage"},"thumbnailUrl":"https:\/\/3mon.sk\/eshop\/wp-content\/uploads\/2024\/03\/lfim_maska.jpg","datePublished":"2024-03-02T23:32:26+00:00","dateModified":"2026-04-25T12:42:03+00:00","breadcrumb":{"@id":"https:\/\/3mon.sk\/eshop\/produkt\/hasicska-maska-pre-zasah-pri-poziaroch-lithiovych-baterii\/#breadcrumb"},"inLanguage":"sk-SK","potentialAction":[{"@type":"ReadAction","target":["https:\/\/3mon.sk\/eshop\/produkt\/hasicska-maska-pre-zasah-pri-poziaroch-lithiovych-baterii\/"]}]},{"@type":"ImageObject","inLanguage":"sk-SK","@id":"https:\/\/3mon.sk\/eshop\/produkt\/hasicska-maska-pre-zasah-pri-poziaroch-lithiovych-baterii\/#primaryimage","url":"https:\/\/3mon.sk\/eshop\/wp-content\/uploads\/2024\/03\/lfim_maska.jpg","contentUrl":"https:\/\/3mon.sk\/eshop\/wp-content\/uploads\/2024\/03\/lfim_maska.jpg","width":1000,"height":1000,"caption":"Maska pre z\u00e1sah pri po\u017eiaroch l\u00edthiov\u00fdch bat\u00e9ri\u00ed"},{"@type":"BreadcrumbList","@id":"https:\/\/3mon.sk\/eshop\/produkt\/hasicska-maska-pre-zasah-pri-poziaroch-lithiovych-baterii\/#breadcrumb","itemListElement":[{"@type":"ListItem","position":1,"name":"Domovsk\u00e1 str\u00e1nka","item":"https:\/\/3mon.sk\/eshop\/"},{"@type":"ListItem","position":2,"name":"OBCHOD","item":"https:\/\/3mon.sk\/eshop\/obchod\/"},{"@type":"ListItem","position":3,"name":"Hasi\u010dsk\u00e1 maska pre z\u00e1sah pri po\u017eiaroch l\u00edthiov\u00fdch bat\u00e9ri\u00ed"}]},{"@type":"WebSite","@id":"https:\/\/3mon.sk\/eshop\/#website","url":"https:\/\/3mon.sk\/eshop\/","name":"3MON Eshop","description":"","publisher":{"@id":"https:\/\/3mon.sk\/eshop\/#organization"},"potentialAction":[{"@type":"SearchAction","target":{"@type":"EntryPoint","urlTemplate":"https:\/\/3mon.sk\/eshop\/?s={search_term_string}"},"query-input":{"@type":"PropertyValueSpecification","valueRequired":true,"valueName":"search_term_string"}}],"inLanguage":"sk-SK"},{"@type":"Organization","@id":"https:\/\/3mon.sk\/eshop\/#organization","name":"3MON, s. r. o.","url":"https:\/\/3mon.sk\/eshop\/","logo":{"@type":"ImageObject","inLanguage":"sk-SK","@id":"https:\/\/3mon.sk\/eshop\/#\/schema\/logo\/image\/","url":"https:\/\/3mon.sk\/eshop\/wp-content\/uploads\/2024\/06\/3mon_logo_new.png","contentUrl":"https:\/\/3mon.sk\/eshop\/wp-content\/uploads\/2024\/06\/3mon_logo_new.png","width":656,"height":206,"caption":"3MON, s. r. o."},"image":{"@id":"https:\/\/3mon.sk\/eshop\/#\/schema\/logo\/image\/"},"sameAs":["https:\/\/www.facebook.com\/3MONsro","https:\/\/www.instagram.com\/3mon_rescue\/"]}]}},"_links":{"self":[{"href":"https:\/\/3mon.sk\/eshop\/wp-json\/wp\/v2\/product\/3969","targetHints":{"allow":["GET"]}}],"collection":[{"href":"https:\/\/3mon.sk\/eshop\/wp-json\/wp\/v2\/product"}],"about":[{"href":"https:\/\/3mon.sk\/eshop\/wp-json\/wp\/v2\/types\/product"}],"replies":[{"embeddable":true,"href":"https:\/\/3mon.sk\/eshop\/wp-json\/wp\/v2\/comments?post=3969"}],"version-history":[{"count":12,"href":"https:\/\/3mon.sk\/eshop\/wp-json\/wp\/v2\/product\/3969\/revisions"}],"predecessor-version":[{"id":4280,"href":"https:\/\/3mon.sk\/eshop\/wp-json\/wp\/v2\/product\/3969\/revisions\/4280"}],"wp:featuredmedia":[{"embeddable":true,"href":"https:\/\/3mon.sk\/eshop\/wp-json\/wp\/v2\/media\/3970"}],"wp:attachment":[{"href":"https:\/\/3mon.sk\/eshop\/wp-json\/wp\/v2\/media?parent=3969"}],"wp:term":[{"taxonomy":"product_brand","embeddable":true,"href":"https:\/\/3mon.sk\/eshop\/wp-json\/wp\/v2\/product_brand?post=3969"},{"taxonomy":"product_cat","embeddable":true,"href":"https:\/\/3mon.sk\/eshop\/wp-json\/wp\/v2\/product_cat?post=3969"},{"taxonomy":"product_tag","embeddable":true,"href":"https:\/\/3mon.sk\/eshop\/wp-json\/wp\/v2\/product_tag?post=3969"}],"curies":[{"name":"wp","href":"https:\/\/api.w.org\/{rel}","templated":true}]}}