{"id":1758,"date":"2023-06-28T15:45:15","date_gmt":"2023-06-28T13:45:15","guid":{"rendered":"https:\/\/3mon.sk\/eshop\/?post_type=product&#038;p=1758"},"modified":"2023-07-11T15:59:03","modified_gmt":"2023-07-11T13:59:03","slug":"penidlo-skum-afff-3-mg","status":"publish","type":"product","link":"https:\/\/3mon.sk\/eshop\/produkt\/penidlo-skum-afff-3-mg\/","title":{"rendered":"Penidlo SKUM AFFF 3% MG"},"content":{"rendered":"<p><strong>Koncentr\u00e1t SKUM AFFF 3% MG<\/strong> (Aqueous Film-FormingFoam) kombinuje technol\u00f3gie flu\u00f3ru a uh\u013eovod\u00edkov\u00fdch povrchovo akt\u00edvnych l\u00e1tok, ktor\u00e9 poskytuj\u00fa vynikaj\u00face <strong>hasenie po\u017eiaru a v\u00fdparov pri po\u017eiaroch<\/strong> uh\u013eovod\u00edkov\u00fdch pal\u00edv <strong>triedy B<\/strong>. Tento synteticky <strong>penov\u00fd koncentr\u00e1t<\/strong> je ur\u010den\u00fd na hasenie po\u017eiarov v 3 % roztoku v sladkej, slanej alebo tvrdej vode.<\/p>\n<p><strong>Penov\u00fd roztok SKUM AFFF 3 % MG<\/strong> vyu\u017e\u00edva tri mechanizmy hasenia na r\u00fdchle potla\u010denie po\u017eiaru a vynikaj\u00facu odolnos\u0165&#8216; proti sp\u00e4tn\u00e9mu horeniu:<\/p>\n<p>&#8211; Penov\u00e1 prikr\u00fdvka blokuje pr\u00edsun kysl\u00edka do paliva.<\/p>\n<p>&#8211; Kvapalina odtek\u00e1 z penovej prikr\u00fdvky a vytv\u00e1ra vodn\u00fd film, ktor\u00fd potl\u00e1\u010da v\u00fdpary paliva a utes\u0148uje povrch paliva.<\/p>\n<p>&#8211; Obsah vody v penovom roztoku vytv\u00e1ra chladiaci \u00fa\u010dinok na dodato\u010dn\u00e9 potla\u010denie po\u017eiaru.<\/p>\n<p><span style=\"text-decoration: underline;\"><strong>Aplik\u00e1cia<\/strong><\/span><\/p>\n<p>Koncentr\u00e1t SKUM AFFF 3% MG je ur\u010den\u00fd na pou\u017eitie na po\u017eiare <strong>uh\u013eovod\u00edkov\u00fdch pal\u00edv triedy B<\/strong> s n\u00edzkou rozpustnos\u0165ou vo vode, ako s\u00fa surov\u00e9 oleje, benz\u00edn, motorov\u00e1 nafta a leteck\u00e9 paliv\u00e1. Nie je vhodn\u00fd na pou\u017eitie na pol\u00e1rne paliv\u00e1 so zna\u010dnou rozpustnos\u0165ou vo vode, ako s\u00fa metylalkohol a etylalkohol, acet\u00f3n a metyl\u00e9terket\u00f3n. M\u00f4\u017ee sa pou\u017e\u00edva\u0165&#8216; <strong>v kombin\u00e1cii so such\u00fdmi chemick\u00fdmi prostriedkami<\/strong> na zabezpe\u010denie e\u0161te v\u00e4\u010d\u0161ieho hasiaceho v\u00fdkonu.<\/p>\n<p><strong>Koncentr\u00e1t SKUM AFFF 3 % MG<\/strong> je ide\u00e1lny pre stacion\u00e1rne, \u010diasto\u010dne stacion\u00e1rne a z\u00e1sahov\u00e9 hasiace aplik\u00e1cie, ako napr.:<\/p>\n<p>&#8211; Pr\u00edstavy, palubn\u00e9 n\u00e1morn\u00e9 syst\u00e9my a prist\u00e1vacie plochy pre helikopt\u00e9ry<\/p>\n<p>&#8211; N\u00e1dr\u017ee na skladovanie paliva alebo chemik\u00e1li\u00ed<\/p>\n<p>&#8211; Zariadenia na priemyseln\u00e9 spracovanie chemik\u00e1li\u00ed a ropy<\/p>\n<p>&#8211; Zariadenia na nakladanie a vykladanie n\u00e1kladn\u00fdch vozidiel\/\u017delezn\u00edc<\/p>\n<p>&#8211; Priestory na zadr\u017eiavanie hor\u013eav\u00fdch kvapal\u00edn<\/p>\n<p><span style=\"text-decoration: underline;\"><strong>Schv\u00e1lenia, zoznamy a normy<\/strong><\/span><\/p>\n<p><strong>Koncentr\u00e1t SKUM AFFF 3% MG<\/strong> je schv\u00e1len\u00fd, uveden\u00fd v zozname, kvalifikovan\u00fd a sp\u013a\u0148a po\u017eiadavky nasleduj\u00facich \u0161pecifik\u00e1ci\u00ed a noriem:<\/p>\n<p>&#8211; ICAO<\/p>\n<p>&#8211; \u00darove\u0148 B<\/p>\n<p>&#8211; IMO MSC. 1\/Circ. 1312<\/p>\n<p>&#8211; Moduly MED B a D<\/p>\n","protected":false},"excerpt":{"rendered":"<h5><span style=\"color: #ff9900;\"><strong>Cena <\/strong>na vy\u017eiadanie<\/span><\/h5>\n<h5><span style=\"color: #ff9900;\">Dostupnos\u0165: Na objedn\u00e1vku<\/span><\/h5>\n<h5><span style=\"color: #ff9900;\"><strong>Dodac\u00ed term\u00edn:<\/strong> 1-2 t\u00fd\u017edne<\/span><\/h5>\n","protected":false},"featured_media":1759,"comment_status":"open","ping_status":"closed","template":"","meta":{"_acf_changed":false,"_uf_show_specific_survey":0,"_uf_disable_surveys":false},"product_brand":[],"product_cat":[234],"product_tag":[237,235,236],"class_list":{"0":"post-1758","1":"product","2":"type-product","3":"status-publish","4":"has-post-thumbnail","6":"product_cat-penidla","7":"product_tag-afff-3","8":"product_tag-penidlo","9":"product_tag-skum","10":"wcpa_has_options","12":"first","13":"onbackorder","14":"taxable","15":"shipping-taxable","16":"product-type-simple"},"acf":[],"wcpa_form_fields":{"rules":{"pric_overide_base_price":false,"pric_overide_base_price_if_gt_zero":false,"pric_overide_base_price_fully":false,"pric_cal_option_once":false,"pric_use_as_fee":false,"bind_quantity":false,"quantity_bind_formula":false},"fields":[{"type":"text","elementId":"wcpa-text-1701694932704","label":"POZOR!","value":"Hasiace pr\u00edstroje pred\u00e1vame iba na osobn\u00fd odber, tlakov\u00e9 n\u00e1doby nie je mo\u017en\u00e9 zasiela\u0165 kuri\u00e9rom.","pricingType":"fixed","name":"text-1701694932704","subtype":"text","cl_rule":"show","col":6,"relations":false,"form_id":3854,"form_rules":{"pric_cal_option_once":false,"exclude_from_discount":false,"pric_use_as_fee":false,"fee_label":"Poplatok","render_after_acb":false,"disp_hide_options_price":false}}]},"yoast_head":"<!-- This site is optimized with the Yoast SEO plugin v27.1.1 - https:\/\/yoast.com\/product\/yoast-seo-wordpress\/ -->\n<title>Penidlo SKUM AFFF 3% MG - 3MON Eshop<\/title>\n<meta name=\"robots\" content=\"index, follow, max-snippet:-1, max-image-preview:large, max-video-preview:-1\" \/>\n<link rel=\"canonical\" href=\"https:\/\/3mon.sk\/eshop\/produkt\/penidlo-skum-afff-3-mg\/\" \/>\n<meta property=\"og:locale\" content=\"sk_SK\" \/>\n<meta property=\"og:type\" content=\"article\" \/>\n<meta property=\"og:title\" content=\"Penidlo SKUM AFFF 3% MG - 3MON Eshop\" \/>\n<meta property=\"og:description\" content=\"Cena na vy\u017eiadanie Dostupnos\u0165: Na objedn\u00e1vku Dodac\u00ed term\u00edn: 1-2 t\u00fd\u017edne\" \/>\n<meta property=\"og:url\" content=\"https:\/\/3mon.sk\/eshop\/produkt\/penidlo-skum-afff-3-mg\/\" \/>\n<meta property=\"og:site_name\" content=\"3MON Eshop\" \/>\n<meta property=\"article:publisher\" content=\"https:\/\/www.facebook.com\/3MONsro\" \/>\n<meta property=\"article:modified_time\" content=\"2023-07-11T13:59:03+00:00\" \/>\n<meta property=\"og:image\" content=\"https:\/\/3mon.sk\/eshop\/wp-content\/uploads\/2023\/06\/Novy-projekt-19.jpg\" \/>\n\t<meta property=\"og:image:width\" content=\"1000\" \/>\n\t<meta property=\"og:image:height\" content=\"1000\" \/>\n\t<meta property=\"og:image:type\" content=\"image\/jpeg\" \/>\n<meta name=\"twitter:card\" content=\"summary_large_image\" \/>\n<meta name=\"twitter:label1\" content=\"Predpokladan\u00fd \u010das \u010d\u00edtania\" \/>\n\t<meta name=\"twitter:data1\" content=\"2 min\u00faty\" \/>\n<script type=\"application\/ld+json\" class=\"yoast-schema-graph\">{\"@context\":\"https:\/\/schema.org\",\"@graph\":[{\"@type\":\"WebPage\",\"@id\":\"https:\/\/3mon.sk\/eshop\/produkt\/penidlo-skum-afff-3-mg\/\",\"url\":\"https:\/\/3mon.sk\/eshop\/produkt\/penidlo-skum-afff-3-mg\/\",\"name\":\"Penidlo SKUM AFFF 3% MG - 3MON Eshop\",\"isPartOf\":{\"@id\":\"https:\/\/3mon.sk\/eshop\/#website\"},\"primaryImageOfPage\":{\"@id\":\"https:\/\/3mon.sk\/eshop\/produkt\/penidlo-skum-afff-3-mg\/#primaryimage\"},\"image\":{\"@id\":\"https:\/\/3mon.sk\/eshop\/produkt\/penidlo-skum-afff-3-mg\/#primaryimage\"},\"thumbnailUrl\":\"https:\/\/3mon.sk\/eshop\/wp-content\/uploads\/2023\/06\/Novy-projekt-19.jpg\",\"datePublished\":\"2023-06-28T13:45:15+00:00\",\"dateModified\":\"2023-07-11T13:59:03+00:00\",\"breadcrumb\":{\"@id\":\"https:\/\/3mon.sk\/eshop\/produkt\/penidlo-skum-afff-3-mg\/#breadcrumb\"},\"inLanguage\":\"sk-SK\",\"potentialAction\":[{\"@type\":\"ReadAction\",\"target\":[\"https:\/\/3mon.sk\/eshop\/produkt\/penidlo-skum-afff-3-mg\/\"]}]},{\"@type\":\"ImageObject\",\"inLanguage\":\"sk-SK\",\"@id\":\"https:\/\/3mon.sk\/eshop\/produkt\/penidlo-skum-afff-3-mg\/#primaryimage\",\"url\":\"https:\/\/3mon.sk\/eshop\/wp-content\/uploads\/2023\/06\/Novy-projekt-19.jpg\",\"contentUrl\":\"https:\/\/3mon.sk\/eshop\/wp-content\/uploads\/2023\/06\/Novy-projekt-19.jpg\",\"width\":1000,\"height\":1000,\"caption\":\"Penidlo SKUM AFFF 3% MG - hasenie.sk\"},{\"@type\":\"BreadcrumbList\",\"@id\":\"https:\/\/3mon.sk\/eshop\/produkt\/penidlo-skum-afff-3-mg\/#breadcrumb\",\"itemListElement\":[{\"@type\":\"ListItem\",\"position\":1,\"name\":\"Domovsk\u00e1 str\u00e1nka\",\"item\":\"https:\/\/3mon.sk\/eshop\/\"},{\"@type\":\"ListItem\",\"position\":2,\"name\":\"OBCHOD\",\"item\":\"https:\/\/3mon.sk\/eshop\/obchod\/\"},{\"@type\":\"ListItem\",\"position\":3,\"name\":\"Penidlo SKUM AFFF 3% MG\"}]},{\"@type\":\"WebSite\",\"@id\":\"https:\/\/3mon.sk\/eshop\/#website\",\"url\":\"https:\/\/3mon.sk\/eshop\/\",\"name\":\"3MON Eshop\",\"description\":\"\",\"publisher\":{\"@id\":\"https:\/\/3mon.sk\/eshop\/#organization\"},\"potentialAction\":[{\"@type\":\"SearchAction\",\"target\":{\"@type\":\"EntryPoint\",\"urlTemplate\":\"https:\/\/3mon.sk\/eshop\/?s={search_term_string}\"},\"query-input\":{\"@type\":\"PropertyValueSpecification\",\"valueRequired\":true,\"valueName\":\"search_term_string\"}}],\"inLanguage\":\"sk-SK\"},{\"@type\":\"Organization\",\"@id\":\"https:\/\/3mon.sk\/eshop\/#organization\",\"name\":\"3MON, s. r. o.\",\"url\":\"https:\/\/3mon.sk\/eshop\/\",\"logo\":{\"@type\":\"ImageObject\",\"inLanguage\":\"sk-SK\",\"@id\":\"https:\/\/3mon.sk\/eshop\/#\/schema\/logo\/image\/\",\"url\":\"https:\/\/3mon.sk\/eshop\/wp-content\/uploads\/2024\/06\/3mon_logo_new.png\",\"contentUrl\":\"https:\/\/3mon.sk\/eshop\/wp-content\/uploads\/2024\/06\/3mon_logo_new.png\",\"width\":656,\"height\":206,\"caption\":\"3MON, s. r. o.\"},\"image\":{\"@id\":\"https:\/\/3mon.sk\/eshop\/#\/schema\/logo\/image\/\"},\"sameAs\":[\"https:\/\/www.facebook.com\/3MONsro\",\"https:\/\/www.instagram.com\/3mon_rescue\/\"]}]}<\/script>\n<!-- \/ Yoast SEO plugin. -->","yoast_head_json":{"title":"Penidlo SKUM AFFF 3% MG - 3MON Eshop","robots":{"index":"index","follow":"follow","max-snippet":"max-snippet:-1","max-image-preview":"max-image-preview:large","max-video-preview":"max-video-preview:-1"},"canonical":"https:\/\/3mon.sk\/eshop\/produkt\/penidlo-skum-afff-3-mg\/","og_locale":"sk_SK","og_type":"article","og_title":"Penidlo SKUM AFFF 3% MG - 3MON Eshop","og_description":"Cena na vy\u017eiadanie Dostupnos\u0165: Na objedn\u00e1vku Dodac\u00ed term\u00edn: 1-2 t\u00fd\u017edne","og_url":"https:\/\/3mon.sk\/eshop\/produkt\/penidlo-skum-afff-3-mg\/","og_site_name":"3MON Eshop","article_publisher":"https:\/\/www.facebook.com\/3MONsro","article_modified_time":"2023-07-11T13:59:03+00:00","og_image":[{"width":1000,"height":1000,"url":"https:\/\/3mon.sk\/eshop\/wp-content\/uploads\/2023\/06\/Novy-projekt-19.jpg","type":"image\/jpeg"}],"twitter_card":"summary_large_image","twitter_misc":{"Predpokladan\u00fd \u010das \u010d\u00edtania":"2 min\u00faty"},"schema":{"@context":"https:\/\/schema.org","@graph":[{"@type":"WebPage","@id":"https:\/\/3mon.sk\/eshop\/produkt\/penidlo-skum-afff-3-mg\/","url":"https:\/\/3mon.sk\/eshop\/produkt\/penidlo-skum-afff-3-mg\/","name":"Penidlo SKUM AFFF 3% MG - 3MON Eshop","isPartOf":{"@id":"https:\/\/3mon.sk\/eshop\/#website"},"primaryImageOfPage":{"@id":"https:\/\/3mon.sk\/eshop\/produkt\/penidlo-skum-afff-3-mg\/#primaryimage"},"image":{"@id":"https:\/\/3mon.sk\/eshop\/produkt\/penidlo-skum-afff-3-mg\/#primaryimage"},"thumbnailUrl":"https:\/\/3mon.sk\/eshop\/wp-content\/uploads\/2023\/06\/Novy-projekt-19.jpg","datePublished":"2023-06-28T13:45:15+00:00","dateModified":"2023-07-11T13:59:03+00:00","breadcrumb":{"@id":"https:\/\/3mon.sk\/eshop\/produkt\/penidlo-skum-afff-3-mg\/#breadcrumb"},"inLanguage":"sk-SK","potentialAction":[{"@type":"ReadAction","target":["https:\/\/3mon.sk\/eshop\/produkt\/penidlo-skum-afff-3-mg\/"]}]},{"@type":"ImageObject","inLanguage":"sk-SK","@id":"https:\/\/3mon.sk\/eshop\/produkt\/penidlo-skum-afff-3-mg\/#primaryimage","url":"https:\/\/3mon.sk\/eshop\/wp-content\/uploads\/2023\/06\/Novy-projekt-19.jpg","contentUrl":"https:\/\/3mon.sk\/eshop\/wp-content\/uploads\/2023\/06\/Novy-projekt-19.jpg","width":1000,"height":1000,"caption":"Penidlo SKUM AFFF 3% MG - hasenie.sk"},{"@type":"BreadcrumbList","@id":"https:\/\/3mon.sk\/eshop\/produkt\/penidlo-skum-afff-3-mg\/#breadcrumb","itemListElement":[{"@type":"ListItem","position":1,"name":"Domovsk\u00e1 str\u00e1nka","item":"https:\/\/3mon.sk\/eshop\/"},{"@type":"ListItem","position":2,"name":"OBCHOD","item":"https:\/\/3mon.sk\/eshop\/obchod\/"},{"@type":"ListItem","position":3,"name":"Penidlo SKUM AFFF 3% MG"}]},{"@type":"WebSite","@id":"https:\/\/3mon.sk\/eshop\/#website","url":"https:\/\/3mon.sk\/eshop\/","name":"3MON Eshop","description":"","publisher":{"@id":"https:\/\/3mon.sk\/eshop\/#organization"},"potentialAction":[{"@type":"SearchAction","target":{"@type":"EntryPoint","urlTemplate":"https:\/\/3mon.sk\/eshop\/?s={search_term_string}"},"query-input":{"@type":"PropertyValueSpecification","valueRequired":true,"valueName":"search_term_string"}}],"inLanguage":"sk-SK"},{"@type":"Organization","@id":"https:\/\/3mon.sk\/eshop\/#organization","name":"3MON, s. r. o.","url":"https:\/\/3mon.sk\/eshop\/","logo":{"@type":"ImageObject","inLanguage":"sk-SK","@id":"https:\/\/3mon.sk\/eshop\/#\/schema\/logo\/image\/","url":"https:\/\/3mon.sk\/eshop\/wp-content\/uploads\/2024\/06\/3mon_logo_new.png","contentUrl":"https:\/\/3mon.sk\/eshop\/wp-content\/uploads\/2024\/06\/3mon_logo_new.png","width":656,"height":206,"caption":"3MON, s. r. o."},"image":{"@id":"https:\/\/3mon.sk\/eshop\/#\/schema\/logo\/image\/"},"sameAs":["https:\/\/www.facebook.com\/3MONsro","https:\/\/www.instagram.com\/3mon_rescue\/"]}]}},"_links":{"self":[{"href":"https:\/\/3mon.sk\/eshop\/wp-json\/wp\/v2\/product\/1758","targetHints":{"allow":["GET"]}}],"collection":[{"href":"https:\/\/3mon.sk\/eshop\/wp-json\/wp\/v2\/product"}],"about":[{"href":"https:\/\/3mon.sk\/eshop\/wp-json\/wp\/v2\/types\/product"}],"replies":[{"embeddable":true,"href":"https:\/\/3mon.sk\/eshop\/wp-json\/wp\/v2\/comments?post=1758"}],"version-history":[{"count":15,"href":"https:\/\/3mon.sk\/eshop\/wp-json\/wp\/v2\/product\/1758\/revisions"}],"predecessor-version":[{"id":3756,"href":"https:\/\/3mon.sk\/eshop\/wp-json\/wp\/v2\/product\/1758\/revisions\/3756"}],"wp:featuredmedia":[{"embeddable":true,"href":"https:\/\/3mon.sk\/eshop\/wp-json\/wp\/v2\/media\/1759"}],"wp:attachment":[{"href":"https:\/\/3mon.sk\/eshop\/wp-json\/wp\/v2\/media?parent=1758"}],"wp:term":[{"taxonomy":"product_brand","embeddable":true,"href":"https:\/\/3mon.sk\/eshop\/wp-json\/wp\/v2\/product_brand?post=1758"},{"taxonomy":"product_cat","embeddable":true,"href":"https:\/\/3mon.sk\/eshop\/wp-json\/wp\/v2\/product_cat?post=1758"},{"taxonomy":"product_tag","embeddable":true,"href":"https:\/\/3mon.sk\/eshop\/wp-json\/wp\/v2\/product_tag?post=1758"}],"curies":[{"name":"wp","href":"https:\/\/api.w.org\/{rel}","templated":true}]}}