{"id":1748,"date":"2023-06-27T12:09:12","date_gmt":"2023-06-27T10:09:12","guid":{"rendered":"https:\/\/3mon.sk\/eshop\/?post_type=product&#038;p=1748"},"modified":"2026-01-16T11:11:28","modified_gmt":"2026-01-16T10:11:28","slug":"hydrantova-hadica-b75-so-spojkami","status":"publish","type":"product","link":"https:\/\/3mon.sk\/eshop\/produkt\/hydrantova-hadica-b75-so-spojkami\/","title":{"rendered":"Hydrantov\u00e1 hadica B75 so spojkami"},"content":{"rendered":"<p>\u013dahk\u00e1 a flexibiln\u00e1 <strong>hydrantov\u00e1 hadica B75<\/strong> so spojkami, je vyroben\u00e1 z vysoko kvalitn\u00fdch materi\u00e1lov a odoln\u00fdch proti opotrebovaniu.<br \/>\nModern\u00e1 kon\u0161trukcia zlo\u017een\u00e1 z polyesterovej tkaniny a tenkostennej gumovej vlo\u017eky s obsahom\u00a0<strong>PVC<\/strong>.<\/p>\n<p>\u0160\u00edrka hydrantovej hadice je<strong>\u00a075 mm a d\u013a\u017eka 20 m<\/strong>. Hydrantov\u00e1 hadica B75 je v s\u00falade s normou PN-EN 14540:2014<br \/>\nHadica m\u00f4\u017ee operova\u0165 v teplotnom rozmedz\u00ed<strong>\u00a0-20 \u00b0 &#8211; 70 \u00b0 C. <\/strong><\/p>\n<p><strong>In\u00fa<\/strong>\u00a0<strong>d\u013a\u017eku<\/strong> hydrantovej hadice je mo\u017en\u00e9 zaisti\u0165 na objedn\u00e1vku.<\/p>\n<p><strong>Vhodnos\u0165 pou\u017eitia<\/strong> je napr. u vodn\u00fdch \u010derpadiel, auto \u010derpadiel, hydrantov, hydrantov\u00fdch skr\u00ed\u0148.<\/p>\n","protected":false},"excerpt":{"rendered":"<p>\u013dahk\u00e1 a flexibiln\u00e1 hydrantov\u00e1 hadica B75 so spojkami, je vyroben\u00e1 z vysoko kvalitn\u00fdch materi\u00e1lov a odoln\u00fdch proti opotrebovaniu. Modern\u00e1 kon\u0161trukcia zlo\u017een\u00e1 z polyesterovej tkaniny a tenkostennej gumovej vlo\u017eky s obsahom\u00a0PVC. \u0160\u00edrka hydrantovej hadice je\u00a075 mm a d\u013a\u017eka 20 m. Hydrantov\u00e1 hadica B75 je v s\u00falade s normou PN-EN 14540:2014 Hadica m\u00f4\u017ee operova\u0165 v teplotnom rozmedz\u00ed\u00a0-20 [&hellip;]<\/p>\n","protected":false},"featured_media":1752,"comment_status":"open","ping_status":"closed","template":"","meta":{"_acf_changed":false,"_uf_show_specific_survey":0,"_uf_disable_surveys":false},"product_brand":[],"product_cat":[163,231],"product_tag":[233,232],"class_list":{"0":"post-1748","1":"product","2":"type-product","3":"status-publish","4":"has-post-thumbnail","6":"product_cat-hydrantove-systemy","7":"product_cat-poziarne-hadice","8":"product_tag-b75","9":"product_tag-hydrantova-hadica","10":"wcpa_has_options","12":"first","13":"instock","14":"taxable","15":"shipping-taxable","16":"purchasable","17":"product-type-simple"},"acf":[],"wcpa_form_fields":{"rules":{"pric_overide_base_price":false,"pric_overide_base_price_if_gt_zero":false,"pric_overide_base_price_fully":false,"pric_cal_option_once":false,"pric_use_as_fee":false,"bind_quantity":false,"quantity_bind_formula":false},"fields":[{"type":"text","elementId":"wcpa-text-1701694932704","label":"POZOR!","value":"Hasiace pr\u00edstroje pred\u00e1vame iba na osobn\u00fd odber, tlakov\u00e9 n\u00e1doby nie je mo\u017en\u00e9 zasiela\u0165 kuri\u00e9rom.","pricingType":"fixed","name":"text-1701694932704","subtype":"text","cl_rule":"show","col":6,"relations":false,"form_id":3854,"form_rules":{"pric_cal_option_once":false,"exclude_from_discount":false,"pric_use_as_fee":false,"fee_label":"Poplatok","render_after_acb":false,"disp_hide_options_price":false}}]},"yoast_head":"<!-- This site is optimized with the Yoast SEO plugin v27.1.1 - https:\/\/yoast.com\/product\/yoast-seo-wordpress\/ -->\n<title>Hydrantov\u00e1 hadica B75 so spojkami - 3MON Eshop<\/title>\n<meta name=\"robots\" content=\"index, follow, max-snippet:-1, max-image-preview:large, max-video-preview:-1\" \/>\n<link rel=\"canonical\" href=\"https:\/\/3mon.sk\/eshop\/produkt\/hydrantova-hadica-b75-so-spojkami\/\" \/>\n<meta property=\"og:locale\" content=\"sk_SK\" \/>\n<meta property=\"og:type\" content=\"article\" \/>\n<meta property=\"og:title\" content=\"Hydrantov\u00e1 hadica B75 so spojkami - 3MON Eshop\" \/>\n<meta property=\"og:description\" content=\"\u013dahk\u00e1 a flexibiln\u00e1 hydrantov\u00e1 hadica B75 so spojkami, je vyroben\u00e1 z vysoko kvalitn\u00fdch materi\u00e1lov a odoln\u00fdch proti opotrebovaniu. Modern\u00e1 kon\u0161trukcia zlo\u017een\u00e1 z polyesterovej tkaniny a tenkostennej gumovej vlo\u017eky s obsahom\u00a0PVC. \u0160\u00edrka hydrantovej hadice je\u00a075 mm a d\u013a\u017eka 20 m. Hydrantov\u00e1 hadica B75 je v s\u00falade s normou PN-EN 14540:2014 Hadica m\u00f4\u017ee operova\u0165 v teplotnom rozmedz\u00ed\u00a0-20 [&hellip;]\" \/>\n<meta property=\"og:url\" content=\"https:\/\/3mon.sk\/eshop\/produkt\/hydrantova-hadica-b75-so-spojkami\/\" \/>\n<meta property=\"og:site_name\" content=\"3MON Eshop\" \/>\n<meta property=\"article:publisher\" content=\"https:\/\/www.facebook.com\/3MONsro\" \/>\n<meta property=\"article:modified_time\" content=\"2026-01-16T10:11:28+00:00\" \/>\n<meta property=\"og:image\" content=\"https:\/\/3mon.sk\/eshop\/wp-content\/uploads\/2023\/06\/b75.jpg\" \/>\n\t<meta property=\"og:image:width\" content=\"1000\" \/>\n\t<meta property=\"og:image:height\" content=\"1000\" \/>\n\t<meta property=\"og:image:type\" content=\"image\/jpeg\" \/>\n<meta name=\"twitter:card\" content=\"summary_large_image\" \/>\n<meta name=\"twitter:label1\" content=\"Predpokladan\u00fd \u010das \u010d\u00edtania\" \/>\n\t<meta name=\"twitter:data1\" content=\"1 min\u00fata\" \/>\n<script type=\"application\/ld+json\" class=\"yoast-schema-graph\">{\"@context\":\"https:\/\/schema.org\",\"@graph\":[{\"@type\":\"WebPage\",\"@id\":\"https:\/\/3mon.sk\/eshop\/produkt\/hydrantova-hadica-b75-so-spojkami\/\",\"url\":\"https:\/\/3mon.sk\/eshop\/produkt\/hydrantova-hadica-b75-so-spojkami\/\",\"name\":\"Hydrantov\u00e1 hadica B75 so spojkami - 3MON Eshop\",\"isPartOf\":{\"@id\":\"https:\/\/3mon.sk\/eshop\/#website\"},\"primaryImageOfPage\":{\"@id\":\"https:\/\/3mon.sk\/eshop\/produkt\/hydrantova-hadica-b75-so-spojkami\/#primaryimage\"},\"image\":{\"@id\":\"https:\/\/3mon.sk\/eshop\/produkt\/hydrantova-hadica-b75-so-spojkami\/#primaryimage\"},\"thumbnailUrl\":\"https:\/\/3mon.sk\/eshop\/wp-content\/uploads\/2023\/06\/b75.jpg\",\"datePublished\":\"2023-06-27T10:09:12+00:00\",\"dateModified\":\"2026-01-16T10:11:28+00:00\",\"breadcrumb\":{\"@id\":\"https:\/\/3mon.sk\/eshop\/produkt\/hydrantova-hadica-b75-so-spojkami\/#breadcrumb\"},\"inLanguage\":\"sk-SK\",\"potentialAction\":[{\"@type\":\"ReadAction\",\"target\":[\"https:\/\/3mon.sk\/eshop\/produkt\/hydrantova-hadica-b75-so-spojkami\/\"]}]},{\"@type\":\"ImageObject\",\"inLanguage\":\"sk-SK\",\"@id\":\"https:\/\/3mon.sk\/eshop\/produkt\/hydrantova-hadica-b75-so-spojkami\/#primaryimage\",\"url\":\"https:\/\/3mon.sk\/eshop\/wp-content\/uploads\/2023\/06\/b75.jpg\",\"contentUrl\":\"https:\/\/3mon.sk\/eshop\/wp-content\/uploads\/2023\/06\/b75.jpg\",\"width\":1000,\"height\":1000,\"caption\":\"Hydrantov\u00e1 hadica B75 - hasenie.sk\"},{\"@type\":\"BreadcrumbList\",\"@id\":\"https:\/\/3mon.sk\/eshop\/produkt\/hydrantova-hadica-b75-so-spojkami\/#breadcrumb\",\"itemListElement\":[{\"@type\":\"ListItem\",\"position\":1,\"name\":\"Domovsk\u00e1 str\u00e1nka\",\"item\":\"https:\/\/3mon.sk\/eshop\/\"},{\"@type\":\"ListItem\",\"position\":2,\"name\":\"OBCHOD\",\"item\":\"https:\/\/3mon.sk\/eshop\/obchod\/\"},{\"@type\":\"ListItem\",\"position\":3,\"name\":\"Hydrantov\u00e1 hadica B75 so spojkami\"}]},{\"@type\":\"WebSite\",\"@id\":\"https:\/\/3mon.sk\/eshop\/#website\",\"url\":\"https:\/\/3mon.sk\/eshop\/\",\"name\":\"3MON Eshop\",\"description\":\"\",\"publisher\":{\"@id\":\"https:\/\/3mon.sk\/eshop\/#organization\"},\"potentialAction\":[{\"@type\":\"SearchAction\",\"target\":{\"@type\":\"EntryPoint\",\"urlTemplate\":\"https:\/\/3mon.sk\/eshop\/?s={search_term_string}\"},\"query-input\":{\"@type\":\"PropertyValueSpecification\",\"valueRequired\":true,\"valueName\":\"search_term_string\"}}],\"inLanguage\":\"sk-SK\"},{\"@type\":\"Organization\",\"@id\":\"https:\/\/3mon.sk\/eshop\/#organization\",\"name\":\"3MON, s. r. o.\",\"url\":\"https:\/\/3mon.sk\/eshop\/\",\"logo\":{\"@type\":\"ImageObject\",\"inLanguage\":\"sk-SK\",\"@id\":\"https:\/\/3mon.sk\/eshop\/#\/schema\/logo\/image\/\",\"url\":\"https:\/\/3mon.sk\/eshop\/wp-content\/uploads\/2024\/06\/3mon_logo_new.png\",\"contentUrl\":\"https:\/\/3mon.sk\/eshop\/wp-content\/uploads\/2024\/06\/3mon_logo_new.png\",\"width\":656,\"height\":206,\"caption\":\"3MON, s. r. o.\"},\"image\":{\"@id\":\"https:\/\/3mon.sk\/eshop\/#\/schema\/logo\/image\/\"},\"sameAs\":[\"https:\/\/www.facebook.com\/3MONsro\",\"https:\/\/www.instagram.com\/3mon_rescue\/\"]}]}<\/script>\n<!-- \/ Yoast SEO plugin. -->","yoast_head_json":{"title":"Hydrantov\u00e1 hadica B75 so spojkami - 3MON Eshop","robots":{"index":"index","follow":"follow","max-snippet":"max-snippet:-1","max-image-preview":"max-image-preview:large","max-video-preview":"max-video-preview:-1"},"canonical":"https:\/\/3mon.sk\/eshop\/produkt\/hydrantova-hadica-b75-so-spojkami\/","og_locale":"sk_SK","og_type":"article","og_title":"Hydrantov\u00e1 hadica B75 so spojkami - 3MON Eshop","og_description":"\u013dahk\u00e1 a flexibiln\u00e1 hydrantov\u00e1 hadica B75 so spojkami, je vyroben\u00e1 z vysoko kvalitn\u00fdch materi\u00e1lov a odoln\u00fdch proti opotrebovaniu. Modern\u00e1 kon\u0161trukcia zlo\u017een\u00e1 z polyesterovej tkaniny a tenkostennej gumovej vlo\u017eky s obsahom\u00a0PVC. \u0160\u00edrka hydrantovej hadice je\u00a075 mm a d\u013a\u017eka 20 m. Hydrantov\u00e1 hadica B75 je v s\u00falade s normou PN-EN 14540:2014 Hadica m\u00f4\u017ee operova\u0165 v teplotnom rozmedz\u00ed\u00a0-20 [&hellip;]","og_url":"https:\/\/3mon.sk\/eshop\/produkt\/hydrantova-hadica-b75-so-spojkami\/","og_site_name":"3MON Eshop","article_publisher":"https:\/\/www.facebook.com\/3MONsro","article_modified_time":"2026-01-16T10:11:28+00:00","og_image":[{"width":1000,"height":1000,"url":"https:\/\/3mon.sk\/eshop\/wp-content\/uploads\/2023\/06\/b75.jpg","type":"image\/jpeg"}],"twitter_card":"summary_large_image","twitter_misc":{"Predpokladan\u00fd \u010das \u010d\u00edtania":"1 min\u00fata"},"schema":{"@context":"https:\/\/schema.org","@graph":[{"@type":"WebPage","@id":"https:\/\/3mon.sk\/eshop\/produkt\/hydrantova-hadica-b75-so-spojkami\/","url":"https:\/\/3mon.sk\/eshop\/produkt\/hydrantova-hadica-b75-so-spojkami\/","name":"Hydrantov\u00e1 hadica B75 so spojkami - 3MON Eshop","isPartOf":{"@id":"https:\/\/3mon.sk\/eshop\/#website"},"primaryImageOfPage":{"@id":"https:\/\/3mon.sk\/eshop\/produkt\/hydrantova-hadica-b75-so-spojkami\/#primaryimage"},"image":{"@id":"https:\/\/3mon.sk\/eshop\/produkt\/hydrantova-hadica-b75-so-spojkami\/#primaryimage"},"thumbnailUrl":"https:\/\/3mon.sk\/eshop\/wp-content\/uploads\/2023\/06\/b75.jpg","datePublished":"2023-06-27T10:09:12+00:00","dateModified":"2026-01-16T10:11:28+00:00","breadcrumb":{"@id":"https:\/\/3mon.sk\/eshop\/produkt\/hydrantova-hadica-b75-so-spojkami\/#breadcrumb"},"inLanguage":"sk-SK","potentialAction":[{"@type":"ReadAction","target":["https:\/\/3mon.sk\/eshop\/produkt\/hydrantova-hadica-b75-so-spojkami\/"]}]},{"@type":"ImageObject","inLanguage":"sk-SK","@id":"https:\/\/3mon.sk\/eshop\/produkt\/hydrantova-hadica-b75-so-spojkami\/#primaryimage","url":"https:\/\/3mon.sk\/eshop\/wp-content\/uploads\/2023\/06\/b75.jpg","contentUrl":"https:\/\/3mon.sk\/eshop\/wp-content\/uploads\/2023\/06\/b75.jpg","width":1000,"height":1000,"caption":"Hydrantov\u00e1 hadica B75 - hasenie.sk"},{"@type":"BreadcrumbList","@id":"https:\/\/3mon.sk\/eshop\/produkt\/hydrantova-hadica-b75-so-spojkami\/#breadcrumb","itemListElement":[{"@type":"ListItem","position":1,"name":"Domovsk\u00e1 str\u00e1nka","item":"https:\/\/3mon.sk\/eshop\/"},{"@type":"ListItem","position":2,"name":"OBCHOD","item":"https:\/\/3mon.sk\/eshop\/obchod\/"},{"@type":"ListItem","position":3,"name":"Hydrantov\u00e1 hadica B75 so spojkami"}]},{"@type":"WebSite","@id":"https:\/\/3mon.sk\/eshop\/#website","url":"https:\/\/3mon.sk\/eshop\/","name":"3MON Eshop","description":"","publisher":{"@id":"https:\/\/3mon.sk\/eshop\/#organization"},"potentialAction":[{"@type":"SearchAction","target":{"@type":"EntryPoint","urlTemplate":"https:\/\/3mon.sk\/eshop\/?s={search_term_string}"},"query-input":{"@type":"PropertyValueSpecification","valueRequired":true,"valueName":"search_term_string"}}],"inLanguage":"sk-SK"},{"@type":"Organization","@id":"https:\/\/3mon.sk\/eshop\/#organization","name":"3MON, s. r. o.","url":"https:\/\/3mon.sk\/eshop\/","logo":{"@type":"ImageObject","inLanguage":"sk-SK","@id":"https:\/\/3mon.sk\/eshop\/#\/schema\/logo\/image\/","url":"https:\/\/3mon.sk\/eshop\/wp-content\/uploads\/2024\/06\/3mon_logo_new.png","contentUrl":"https:\/\/3mon.sk\/eshop\/wp-content\/uploads\/2024\/06\/3mon_logo_new.png","width":656,"height":206,"caption":"3MON, s. r. o."},"image":{"@id":"https:\/\/3mon.sk\/eshop\/#\/schema\/logo\/image\/"},"sameAs":["https:\/\/www.facebook.com\/3MONsro","https:\/\/www.instagram.com\/3mon_rescue\/"]}]}},"_links":{"self":[{"href":"https:\/\/3mon.sk\/eshop\/wp-json\/wp\/v2\/product\/1748","targetHints":{"allow":["GET"]}}],"collection":[{"href":"https:\/\/3mon.sk\/eshop\/wp-json\/wp\/v2\/product"}],"about":[{"href":"https:\/\/3mon.sk\/eshop\/wp-json\/wp\/v2\/types\/product"}],"replies":[{"embeddable":true,"href":"https:\/\/3mon.sk\/eshop\/wp-json\/wp\/v2\/comments?post=1748"}],"version-history":[{"count":4,"href":"https:\/\/3mon.sk\/eshop\/wp-json\/wp\/v2\/product\/1748\/revisions"}],"predecessor-version":[{"id":1757,"href":"https:\/\/3mon.sk\/eshop\/wp-json\/wp\/v2\/product\/1748\/revisions\/1757"}],"wp:featuredmedia":[{"embeddable":true,"href":"https:\/\/3mon.sk\/eshop\/wp-json\/wp\/v2\/media\/1752"}],"wp:attachment":[{"href":"https:\/\/3mon.sk\/eshop\/wp-json\/wp\/v2\/media?parent=1748"}],"wp:term":[{"taxonomy":"product_brand","embeddable":true,"href":"https:\/\/3mon.sk\/eshop\/wp-json\/wp\/v2\/product_brand?post=1748"},{"taxonomy":"product_cat","embeddable":true,"href":"https:\/\/3mon.sk\/eshop\/wp-json\/wp\/v2\/product_cat?post=1748"},{"taxonomy":"product_tag","embeddable":true,"href":"https:\/\/3mon.sk\/eshop\/wp-json\/wp\/v2\/product_tag?post=1748"}],"curies":[{"name":"wp","href":"https:\/\/api.w.org\/{rel}","templated":true}]}}