{"id":1561,"date":"2023-03-31T15:49:23","date_gmt":"2023-03-31T13:49:23","guid":{"rendered":"https:\/\/3mon.sk\/eshop\/?post_type=product&#038;p=1561"},"modified":"2026-01-16T11:12:35","modified_gmt":"2026-01-16T10:12:35","slug":"detektor-poziaru-a-dymu-s-alarmom-beta-pw-507","status":"publish","type":"product","link":"https:\/\/3mon.sk\/eshop\/produkt\/detektor-poziaru-a-dymu-s-alarmom-beta-pw-507\/","title":{"rendered":"Detektor po\u017eiaru a dymu s alarmom &#8211; Beta PW-507"},"content":{"rendered":"<p>Certifikovan\u00fd fotoelektrick\u00fd dymov\u00fd a po\u017eiarny hl\u00e1siaci syst\u00e9m; na bat\u00e9riu; pokro\u010dil\u00fd fotoelektrick\u00fd senzor; jednoduch\u00e1 in\u0161tal\u00e1cia; vhodn\u00fd i ku KOLAUD\u00c1CII<\/p>\n<p><strong>Pre\u010do si zaobstara\u0165 detektor?<\/strong><\/p>\n<p>Detektor po\u017eiaru a dymu je vhodn\u00fd na pou\u017eitie v r\u00f4znych prostrediach, ako s\u00fa <strong>domy, byty, karavany, lode \u010di priestory s krbmi, kach\u013eami alebo plynov\u00fdmi kotlami<\/strong>.\u00a0Nepretr\u017eite monitoruje okolie a zis\u0165uje pr\u00edtomnos\u0165 dymu a oh\u0148a v situ\u00e1ci\u00e1ch, kedy doch\u00e1dza k pomal\u00e9mu horeniu, pri ktorom hroz\u00ed aj nieko\u013ekohodinov\u00e9 tlenie, ne\u017e sa rozhoria plamene. V pr\u00edpade hroziaceho nebezpe\u010denstva okam\u017eite akusticky i vizu\u00e1lne upozorn\u00ed obyvate\u013eov.<\/p>\n<p>&nbsp;<\/p>\n<p><strong>Ako je detektor nap\u00e1jan\u00fd?<\/strong><\/p>\n<p>V\u010faka pou\u017eitiu<strong>\u00a0optick\u00e9ho \/ fotoelektrick\u00e9ho senzora<\/strong>, m\u00e1 ve\u013emi n\u00edzku spotrebu a je nap\u00e1jan\u00fd 9 V alkalickou bat\u00e9riou (sk\u00fa\u0161obn\u00e1 bat\u00e9ria je s\u00fa\u010das\u0165ou balenia).<\/p>\n<p>&nbsp;<\/p>\n<p><strong>\u010co v\u0161etko detektor dok\u00e1\u017ee?<\/strong><\/p>\n<p>Pri zaznamenan\u00ed dymu v ovzdu\u0161\u00ed spust\u00ed akustick\u00fd i vizu\u00e1lny \/ optick\u00fd poplach. Zaznie hlasn\u00fd pulzuj\u00faci zvuk a blik\u00e1 \u010derven\u00e1 LED di\u00f3da. Detektor je plne auton\u00f3mny a v\u010faka tomu s\u00e1m stlm\u00ed signaliz\u00e1ciu ihne\u010f po zlikvidovan\u00ed dymu v ovzdu\u0161\u00ed. Je presn\u00fd a odoln\u00fd. Vynik\u00e1 v\u010faka pridan\u00fdm funkci\u00e1m ako kontrola prev\u00e1dzkyschopnosti (TEST), zabudovan\u00fd alarm a detekcia konca \u017eivotnosti pri vyb\u00edjan\u00ed bat\u00e9ri\u00ed.<\/p>\n<p>&nbsp;<\/p>\n<p><strong>Kam detektor in\u0161talova\u0165?<\/strong><\/p>\n<p>Zrejme ka\u017ed\u00fd u\u017e\u00edvate\u013e ocen\u00ed jednoduch\u00fa in\u0161tal\u00e1ciu, \u00fadr\u017ebu a spo\u013eahlivos\u0165.\u00a0<strong>Jednoduch\u00e9 umiestnenie<\/strong> v podstate kdeko\u013evek: v karavane, dome, byte, na lodi, jednoducho v\u0161ade kde sa m\u00f4\u017eu nach\u00e1dza\u0165 spalova\u010de fos\u00edlnych pal\u00edv ako s\u00fa napr\u00edklad krby, kachle, plynov\u00e9 kotly, ohrieva\u010de, grily, benz\u00ednov\u00e9 gener\u00e1tory a \u010fal\u0161ie. Balenie obsahuje mont\u00e1\u017ene pr\u00edslu\u0161enstvo. Odpor\u00fa\u010dame nain\u0161talova\u0165 v\u017edy aspo\u0148 jeden detektor v ka\u017edej izbe, obytnej jednotke, skladovac\u00edch priestoroch, pivniciach aj podkroviach (hlavne pred priestory ur\u010den\u00e9 na spanie alebo v ich bezprostrednej bl\u00edzkosti). Poskytnete tak \u010das na zdolanie oh\u0148a, evaku\u00e1ciu \u013eud\u00ed z ohrozen\u00e9ho miesta a zdvojn\u00e1sob\u00edte tak \u0161ancu pre\u017eitia os\u00f4b v pr\u00edpade vzniku po\u017eiaru. Detektor in\u0161talujte na strop alebo stenu.<\/p>\n<p>&nbsp;<\/p>\n<p>* Certifikovan\u00fd: EN 14604: 2005 \/ AC: 2008, CE<\/p>\n<p>&nbsp;<\/p>\n<p><strong>V\u00fdhody:<\/strong><\/p>\n<ul>\n<li>Kompaktn\u00fd, \u010dist\u00fd a jednoduch\u00fd dizajn<\/li>\n<li>Signalizuje koniec \u017eivotnosti bat\u00e9ri\u00ed<\/li>\n<li>Nepretr\u017eit\u00e1 anal\u00fdza pr\u00edtomnosti dymu a oh\u0148a v ovzdu\u0161\u00ed<\/li>\n<li>Vizu\u00e1lna signaliz\u00e1cia v\u010faka \u010dervenej LED di\u00f3de<\/li>\n<li>Optick\u00fd (fotoelektrick\u00fd) senzor: pokro\u010dil\u00fd, spo\u013eahliv\u00fd, n\u00edzky odber energie<\/li>\n<li>Naj\u017eiadanej\u0161\u00ed produkt v\u010faka vyrovnan\u00e9mu pomeru cena \/ kvalita<\/li>\n<li>Hlasn\u00e1 sir\u00e9na a\u017e 85dB<\/li>\n<li>Nap\u00e1janie na 1x 9 V alkalick\u00fa bat\u00e9riu (s\u00fa\u010das\u0165 balenia)<\/li>\n<li>Zabudovan\u00e9 testovacie tla\u010didlo<\/li>\n<li>Certifikovan\u00fd<\/li>\n<li>Jednoduch\u00e1 mont\u00e1\u017e aj \u00fadr\u017eba<\/li>\n<\/ul>\n","protected":false},"excerpt":{"rendered":"<p>Certifikovan\u00fd fotoelektrick\u00fd dymov\u00fd a po\u017eiarny hl\u00e1siaci syst\u00e9m; na bat\u00e9riu; pokro\u010dil\u00fd fotoelektrick\u00fd senzor; jednoduch\u00e1 in\u0161tal\u00e1cia; vhodn\u00fd i ku KOLAUD\u00c1CII Pre\u010do si zaobstara\u0165 detektor? Detektor po\u017eiaru a dymu je vhodn\u00fd na pou\u017eitie v r\u00f4znych prostrediach, ako s\u00fa domy, byty, karavany, lode \u010di priestory s krbmi, kach\u013eami alebo plynov\u00fdmi kotlami.\u00a0Nepretr\u017eite monitoruje okolie a zis\u0165uje pr\u00edtomnos\u0165 dymu a oh\u0148a [&hellip;]<\/p>\n","protected":false},"featured_media":4512,"comment_status":"open","ping_status":"closed","template":"","meta":{"_acf_changed":false,"_uf_show_specific_survey":0,"_uf_disable_surveys":false},"product_brand":[],"product_cat":[46],"product_tag":[217,216,213,214,215],"class_list":{"0":"post-1561","1":"product","2":"type-product","3":"status-publish","4":"has-post-thumbnail","6":"product_cat-ostatne-hasiace-prostriedky","7":"product_tag-b1","8":"product_tag-beta","9":"product_tag-detektor","10":"product_tag-dymu","11":"product_tag-poziaru","13":"first","14":"instock","15":"taxable","16":"shipping-taxable","17":"purchasable","18":"product-type-simple"},"acf":[],"wcpa_form_fields":null,"yoast_head":"<!-- This site is optimized with the Yoast SEO plugin v27.1.1 - https:\/\/yoast.com\/product\/yoast-seo-wordpress\/ -->\n<title>Detektor po\u017eiaru a dymu s alarmom - Beta PW-507 - 3MON Eshop<\/title>\n<meta name=\"description\" content=\"Certifikovan\u00fd fotoelektrick\u00fd dymov\u00fd a po\u017eiarny hl\u00e1siaci syst\u00e9m; na bat\u00e9riu; pokro\u010dil\u00fd fotoelektrick\u00fd senzor; jednoduch\u00e1 in\u0161tal\u00e1cia; vhodn\u00fd i ku KOLAUD\u00c1CII\" \/>\n<meta name=\"robots\" content=\"index, follow, max-snippet:-1, max-image-preview:large, max-video-preview:-1\" \/>\n<link rel=\"canonical\" href=\"https:\/\/3mon.sk\/eshop\/produkt\/detektor-poziaru-a-dymu-s-alarmom-beta-pw-507\/\" \/>\n<meta property=\"og:locale\" content=\"sk_SK\" \/>\n<meta property=\"og:type\" content=\"article\" \/>\n<meta property=\"og:title\" content=\"Detektor po\u017eiaru a dymu s alarmom - Beta PW-507 - 3MON Eshop\" \/>\n<meta property=\"og:description\" content=\"Certifikovan\u00fd fotoelektrick\u00fd dymov\u00fd a po\u017eiarny hl\u00e1siaci syst\u00e9m; na bat\u00e9riu; pokro\u010dil\u00fd fotoelektrick\u00fd senzor; jednoduch\u00e1 in\u0161tal\u00e1cia; vhodn\u00fd i ku KOLAUD\u00c1CII\" \/>\n<meta property=\"og:url\" content=\"https:\/\/3mon.sk\/eshop\/produkt\/detektor-poziaru-a-dymu-s-alarmom-beta-pw-507\/\" \/>\n<meta property=\"og:site_name\" content=\"3MON Eshop\" \/>\n<meta property=\"article:publisher\" content=\"https:\/\/www.facebook.com\/3MONsro\" \/>\n<meta property=\"article:modified_time\" content=\"2026-01-16T10:12:35+00:00\" \/>\n<meta property=\"og:image\" content=\"https:\/\/3mon.sk\/eshop\/wp-content\/uploads\/2023\/03\/Detektor-poziaru.jpg\" \/>\n\t<meta property=\"og:image:width\" content=\"800\" \/>\n\t<meta property=\"og:image:height\" content=\"800\" \/>\n\t<meta property=\"og:image:type\" content=\"image\/jpeg\" \/>\n<meta name=\"twitter:card\" content=\"summary_large_image\" \/>\n<meta name=\"twitter:label1\" content=\"Predpokladan\u00fd \u010das \u010d\u00edtania\" \/>\n\t<meta name=\"twitter:data1\" content=\"3 min\u00faty\" \/>\n<script type=\"application\/ld+json\" class=\"yoast-schema-graph\">{\"@context\":\"https:\/\/schema.org\",\"@graph\":[{\"@type\":\"WebPage\",\"@id\":\"https:\/\/3mon.sk\/eshop\/produkt\/detektor-poziaru-a-dymu-s-alarmom-beta-pw-507\/\",\"url\":\"https:\/\/3mon.sk\/eshop\/produkt\/detektor-poziaru-a-dymu-s-alarmom-beta-pw-507\/\",\"name\":\"Detektor po\u017eiaru a dymu s alarmom - Beta PW-507 - 3MON Eshop\",\"isPartOf\":{\"@id\":\"https:\/\/3mon.sk\/eshop\/#website\"},\"primaryImageOfPage\":{\"@id\":\"https:\/\/3mon.sk\/eshop\/produkt\/detektor-poziaru-a-dymu-s-alarmom-beta-pw-507\/#primaryimage\"},\"image\":{\"@id\":\"https:\/\/3mon.sk\/eshop\/produkt\/detektor-poziaru-a-dymu-s-alarmom-beta-pw-507\/#primaryimage\"},\"thumbnailUrl\":\"https:\/\/3mon.sk\/eshop\/wp-content\/uploads\/2023\/03\/Detektor-poziaru.jpg\",\"datePublished\":\"2023-03-31T13:49:23+00:00\",\"dateModified\":\"2026-01-16T10:12:35+00:00\",\"description\":\"Certifikovan\u00fd fotoelektrick\u00fd dymov\u00fd a po\u017eiarny hl\u00e1siaci syst\u00e9m; na bat\u00e9riu; pokro\u010dil\u00fd fotoelektrick\u00fd senzor; jednoduch\u00e1 in\u0161tal\u00e1cia; vhodn\u00fd i ku KOLAUD\u00c1CII\",\"breadcrumb\":{\"@id\":\"https:\/\/3mon.sk\/eshop\/produkt\/detektor-poziaru-a-dymu-s-alarmom-beta-pw-507\/#breadcrumb\"},\"inLanguage\":\"sk-SK\",\"potentialAction\":[{\"@type\":\"ReadAction\",\"target\":[\"https:\/\/3mon.sk\/eshop\/produkt\/detektor-poziaru-a-dymu-s-alarmom-beta-pw-507\/\"]}]},{\"@type\":\"ImageObject\",\"inLanguage\":\"sk-SK\",\"@id\":\"https:\/\/3mon.sk\/eshop\/produkt\/detektor-poziaru-a-dymu-s-alarmom-beta-pw-507\/#primaryimage\",\"url\":\"https:\/\/3mon.sk\/eshop\/wp-content\/uploads\/2023\/03\/Detektor-poziaru.jpg\",\"contentUrl\":\"https:\/\/3mon.sk\/eshop\/wp-content\/uploads\/2023\/03\/Detektor-poziaru.jpg\",\"width\":800,\"height\":800,\"caption\":\"Detektor po\u017eiaru\"},{\"@type\":\"BreadcrumbList\",\"@id\":\"https:\/\/3mon.sk\/eshop\/produkt\/detektor-poziaru-a-dymu-s-alarmom-beta-pw-507\/#breadcrumb\",\"itemListElement\":[{\"@type\":\"ListItem\",\"position\":1,\"name\":\"Domovsk\u00e1 str\u00e1nka\",\"item\":\"https:\/\/3mon.sk\/eshop\/\"},{\"@type\":\"ListItem\",\"position\":2,\"name\":\"OBCHOD\",\"item\":\"https:\/\/3mon.sk\/eshop\/obchod\/\"},{\"@type\":\"ListItem\",\"position\":3,\"name\":\"Detektor po\u017eiaru a dymu s alarmom &#8211; Beta PW-507\"}]},{\"@type\":\"WebSite\",\"@id\":\"https:\/\/3mon.sk\/eshop\/#website\",\"url\":\"https:\/\/3mon.sk\/eshop\/\",\"name\":\"3MON Eshop\",\"description\":\"\",\"publisher\":{\"@id\":\"https:\/\/3mon.sk\/eshop\/#organization\"},\"potentialAction\":[{\"@type\":\"SearchAction\",\"target\":{\"@type\":\"EntryPoint\",\"urlTemplate\":\"https:\/\/3mon.sk\/eshop\/?s={search_term_string}\"},\"query-input\":{\"@type\":\"PropertyValueSpecification\",\"valueRequired\":true,\"valueName\":\"search_term_string\"}}],\"inLanguage\":\"sk-SK\"},{\"@type\":\"Organization\",\"@id\":\"https:\/\/3mon.sk\/eshop\/#organization\",\"name\":\"3MON, s. r. o.\",\"url\":\"https:\/\/3mon.sk\/eshop\/\",\"logo\":{\"@type\":\"ImageObject\",\"inLanguage\":\"sk-SK\",\"@id\":\"https:\/\/3mon.sk\/eshop\/#\/schema\/logo\/image\/\",\"url\":\"https:\/\/3mon.sk\/eshop\/wp-content\/uploads\/2024\/06\/3mon_logo_new.png\",\"contentUrl\":\"https:\/\/3mon.sk\/eshop\/wp-content\/uploads\/2024\/06\/3mon_logo_new.png\",\"width\":656,\"height\":206,\"caption\":\"3MON, s. r. o.\"},\"image\":{\"@id\":\"https:\/\/3mon.sk\/eshop\/#\/schema\/logo\/image\/\"},\"sameAs\":[\"https:\/\/www.facebook.com\/3MONsro\",\"https:\/\/www.instagram.com\/3mon_rescue\/\"]}]}<\/script>\n<!-- \/ Yoast SEO plugin. -->","yoast_head_json":{"title":"Detektor po\u017eiaru a dymu s alarmom - Beta PW-507 - 3MON Eshop","description":"Certifikovan\u00fd fotoelektrick\u00fd dymov\u00fd a po\u017eiarny hl\u00e1siaci syst\u00e9m; na bat\u00e9riu; pokro\u010dil\u00fd fotoelektrick\u00fd senzor; jednoduch\u00e1 in\u0161tal\u00e1cia; vhodn\u00fd i ku KOLAUD\u00c1CII","robots":{"index":"index","follow":"follow","max-snippet":"max-snippet:-1","max-image-preview":"max-image-preview:large","max-video-preview":"max-video-preview:-1"},"canonical":"https:\/\/3mon.sk\/eshop\/produkt\/detektor-poziaru-a-dymu-s-alarmom-beta-pw-507\/","og_locale":"sk_SK","og_type":"article","og_title":"Detektor po\u017eiaru a dymu s alarmom - Beta PW-507 - 3MON Eshop","og_description":"Certifikovan\u00fd fotoelektrick\u00fd dymov\u00fd a po\u017eiarny hl\u00e1siaci syst\u00e9m; na bat\u00e9riu; pokro\u010dil\u00fd fotoelektrick\u00fd senzor; jednoduch\u00e1 in\u0161tal\u00e1cia; vhodn\u00fd i ku KOLAUD\u00c1CII","og_url":"https:\/\/3mon.sk\/eshop\/produkt\/detektor-poziaru-a-dymu-s-alarmom-beta-pw-507\/","og_site_name":"3MON Eshop","article_publisher":"https:\/\/www.facebook.com\/3MONsro","article_modified_time":"2026-01-16T10:12:35+00:00","og_image":[{"width":800,"height":800,"url":"https:\/\/3mon.sk\/eshop\/wp-content\/uploads\/2023\/03\/Detektor-poziaru.jpg","type":"image\/jpeg"}],"twitter_card":"summary_large_image","twitter_misc":{"Predpokladan\u00fd \u010das \u010d\u00edtania":"3 min\u00faty"},"schema":{"@context":"https:\/\/schema.org","@graph":[{"@type":"WebPage","@id":"https:\/\/3mon.sk\/eshop\/produkt\/detektor-poziaru-a-dymu-s-alarmom-beta-pw-507\/","url":"https:\/\/3mon.sk\/eshop\/produkt\/detektor-poziaru-a-dymu-s-alarmom-beta-pw-507\/","name":"Detektor po\u017eiaru a dymu s alarmom - Beta PW-507 - 3MON Eshop","isPartOf":{"@id":"https:\/\/3mon.sk\/eshop\/#website"},"primaryImageOfPage":{"@id":"https:\/\/3mon.sk\/eshop\/produkt\/detektor-poziaru-a-dymu-s-alarmom-beta-pw-507\/#primaryimage"},"image":{"@id":"https:\/\/3mon.sk\/eshop\/produkt\/detektor-poziaru-a-dymu-s-alarmom-beta-pw-507\/#primaryimage"},"thumbnailUrl":"https:\/\/3mon.sk\/eshop\/wp-content\/uploads\/2023\/03\/Detektor-poziaru.jpg","datePublished":"2023-03-31T13:49:23+00:00","dateModified":"2026-01-16T10:12:35+00:00","description":"Certifikovan\u00fd fotoelektrick\u00fd dymov\u00fd a po\u017eiarny hl\u00e1siaci syst\u00e9m; na bat\u00e9riu; pokro\u010dil\u00fd fotoelektrick\u00fd senzor; jednoduch\u00e1 in\u0161tal\u00e1cia; vhodn\u00fd i ku KOLAUD\u00c1CII","breadcrumb":{"@id":"https:\/\/3mon.sk\/eshop\/produkt\/detektor-poziaru-a-dymu-s-alarmom-beta-pw-507\/#breadcrumb"},"inLanguage":"sk-SK","potentialAction":[{"@type":"ReadAction","target":["https:\/\/3mon.sk\/eshop\/produkt\/detektor-poziaru-a-dymu-s-alarmom-beta-pw-507\/"]}]},{"@type":"ImageObject","inLanguage":"sk-SK","@id":"https:\/\/3mon.sk\/eshop\/produkt\/detektor-poziaru-a-dymu-s-alarmom-beta-pw-507\/#primaryimage","url":"https:\/\/3mon.sk\/eshop\/wp-content\/uploads\/2023\/03\/Detektor-poziaru.jpg","contentUrl":"https:\/\/3mon.sk\/eshop\/wp-content\/uploads\/2023\/03\/Detektor-poziaru.jpg","width":800,"height":800,"caption":"Detektor po\u017eiaru"},{"@type":"BreadcrumbList","@id":"https:\/\/3mon.sk\/eshop\/produkt\/detektor-poziaru-a-dymu-s-alarmom-beta-pw-507\/#breadcrumb","itemListElement":[{"@type":"ListItem","position":1,"name":"Domovsk\u00e1 str\u00e1nka","item":"https:\/\/3mon.sk\/eshop\/"},{"@type":"ListItem","position":2,"name":"OBCHOD","item":"https:\/\/3mon.sk\/eshop\/obchod\/"},{"@type":"ListItem","position":3,"name":"Detektor po\u017eiaru a dymu s alarmom &#8211; Beta PW-507"}]},{"@type":"WebSite","@id":"https:\/\/3mon.sk\/eshop\/#website","url":"https:\/\/3mon.sk\/eshop\/","name":"3MON Eshop","description":"","publisher":{"@id":"https:\/\/3mon.sk\/eshop\/#organization"},"potentialAction":[{"@type":"SearchAction","target":{"@type":"EntryPoint","urlTemplate":"https:\/\/3mon.sk\/eshop\/?s={search_term_string}"},"query-input":{"@type":"PropertyValueSpecification","valueRequired":true,"valueName":"search_term_string"}}],"inLanguage":"sk-SK"},{"@type":"Organization","@id":"https:\/\/3mon.sk\/eshop\/#organization","name":"3MON, s. r. o.","url":"https:\/\/3mon.sk\/eshop\/","logo":{"@type":"ImageObject","inLanguage":"sk-SK","@id":"https:\/\/3mon.sk\/eshop\/#\/schema\/logo\/image\/","url":"https:\/\/3mon.sk\/eshop\/wp-content\/uploads\/2024\/06\/3mon_logo_new.png","contentUrl":"https:\/\/3mon.sk\/eshop\/wp-content\/uploads\/2024\/06\/3mon_logo_new.png","width":656,"height":206,"caption":"3MON, s. r. o."},"image":{"@id":"https:\/\/3mon.sk\/eshop\/#\/schema\/logo\/image\/"},"sameAs":["https:\/\/www.facebook.com\/3MONsro","https:\/\/www.instagram.com\/3mon_rescue\/"]}]}},"_links":{"self":[{"href":"https:\/\/3mon.sk\/eshop\/wp-json\/wp\/v2\/product\/1561","targetHints":{"allow":["GET"]}}],"collection":[{"href":"https:\/\/3mon.sk\/eshop\/wp-json\/wp\/v2\/product"}],"about":[{"href":"https:\/\/3mon.sk\/eshop\/wp-json\/wp\/v2\/types\/product"}],"replies":[{"embeddable":true,"href":"https:\/\/3mon.sk\/eshop\/wp-json\/wp\/v2\/comments?post=1561"}],"version-history":[{"count":5,"href":"https:\/\/3mon.sk\/eshop\/wp-json\/wp\/v2\/product\/1561\/revisions"}],"predecessor-version":[{"id":4515,"href":"https:\/\/3mon.sk\/eshop\/wp-json\/wp\/v2\/product\/1561\/revisions\/4515"}],"wp:featuredmedia":[{"embeddable":true,"href":"https:\/\/3mon.sk\/eshop\/wp-json\/wp\/v2\/media\/4512"}],"wp:attachment":[{"href":"https:\/\/3mon.sk\/eshop\/wp-json\/wp\/v2\/media?parent=1561"}],"wp:term":[{"taxonomy":"product_brand","embeddable":true,"href":"https:\/\/3mon.sk\/eshop\/wp-json\/wp\/v2\/product_brand?post=1561"},{"taxonomy":"product_cat","embeddable":true,"href":"https:\/\/3mon.sk\/eshop\/wp-json\/wp\/v2\/product_cat?post=1561"},{"taxonomy":"product_tag","embeddable":true,"href":"https:\/\/3mon.sk\/eshop\/wp-json\/wp\/v2\/product_tag?post=1561"}],"curies":[{"name":"wp","href":"https:\/\/api.w.org\/{rel}","templated":true}]}}