{"id":1487,"date":"2023-03-20T09:45:41","date_gmt":"2023-03-20T08:45:41","guid":{"rendered":"https:\/\/3mon.sk\/eshop\/?post_type=product&#038;p=1487"},"modified":"2026-04-25T17:01:13","modified_gmt":"2026-04-25T15:01:13","slug":"uniex-penovy-hasiaci-pristroj-f6-beta-wli","status":"publish","type":"product","link":"https:\/\/3mon.sk\/eshop\/produkt\/uniex-penovy-hasiaci-pristroj-f6-beta-wli\/","title":{"rendered":"UNIEX Penov\u00fd hasiaci pr\u00edstroj F6 BETA WLi"},"content":{"rendered":"<p><strong>F6 BETA WLi<\/strong>\u00a0je penov\u00fd hasiaci pr\u00edstroj s ratingom 21A, 183B, D, 75F, s objemom hasiva 6 litrov &#8211; 6% koncentr\u00e1cie.<\/p>\n<p>Vhodnos\u0165 pou\u017eitia\u00a0<strong>F6 BETA WLi<\/strong>\u00a0: horiace tuky a oleje, L\u00edtium Bat\u00e9rie do 3 000 Wh, horiace kovy.<\/p>\n<p>V\u0161eobecn\u00e9 pou\u017eitie\u00a0<strong>F6 BETA WLi<\/strong>\u00a0: bat\u00e9ria z telef\u00f3nov, tabletov, bicyklov, kolobe\u017eiek, aut.<\/p>\n<p><strong>F6 BETA WLi<\/strong>\u00a0je naplnen\u00fd hasivom\u00a0<strong>BETA EFFEM<\/strong>\u00a0(1-6% hasiaca zmes pre kr\u00edzov\u00e9 aplik\u00e1cie, a to na hasenie pevn\u00fdch l\u00e1tok (napr. dreva, kovov, l\u00edtium-i\u00f3nov\u00fdch akumul\u00e1torov) l\u00e1tok kvapaln\u00fdch nepol\u00e1rnych, olejov a tukov)<\/p>\n","protected":false},"excerpt":{"rendered":"<p>F6 BETA WLi\u00a0je penov\u00fd hasiaci pr\u00edstroj s ratingom 21A, 183B, D, 75F, s objemom hasiva 6 litrov &#8211; 6% koncentr\u00e1cie. Vhodnos\u0165 pou\u017eitia\u00a0F6 BETA WLi\u00a0: horiace tuky a oleje, L\u00edtium Bat\u00e9rie do 3 000 Wh, horiace kovy. V\u0161eobecn\u00e9 pou\u017eitie\u00a0F6 BETA WLi\u00a0: bat\u00e9ria z telef\u00f3nov, tabletov, bicyklov, kolobe\u017eiek, aut. F6 BETA WLi\u00a0je naplnen\u00fd hasivom\u00a0BETA EFFEM\u00a0(1-6% hasiaca zmes [&hellip;]<\/p>\n","protected":false},"featured_media":1714,"comment_status":"open","ping_status":"closed","template":"","meta":{"_acf_changed":false,"_uf_show_specific_survey":0,"_uf_disable_surveys":false},"product_brand":[],"product_cat":[64,18,19,22],"product_tag":[172,43,142,202],"class_list":{"0":"post-1487","1":"product","2":"type-product","3":"status-publish","4":"has-post-thumbnail","6":"product_cat-hasenie-lithiovych-baterii","7":"product_cat-hasiace-pristroje","8":"product_cat-prenosne-hasiace-pristroje","9":"product_cat-penove-hasiace-pristroje","10":"product_tag-beta-corporation","11":"product_tag-hasiaci-pristroj","12":"product_tag-penovy","13":"product_tag-uniex","14":"wcpa_has_options","16":"first","17":"outofstock","18":"taxable","19":"shipping-taxable","20":"purchasable","21":"product-type-simple"},"acf":[],"wcpa_form_fields":{"rules":{"pric_overide_base_price":false,"pric_overide_base_price_if_gt_zero":false,"pric_overide_base_price_fully":false,"pric_cal_option_once":false,"pric_use_as_fee":false,"bind_quantity":false,"quantity_bind_formula":false},"fields":[{"type":"text","elementId":"wcpa-text-1701694932704","label":"POZOR!","value":"Hasiace pr\u00edstroje pred\u00e1vame iba na osobn\u00fd odber, tlakov\u00e9 n\u00e1doby nie je mo\u017en\u00e9 zasiela\u0165 kuri\u00e9rom.","pricingType":"fixed","name":"text-1701694932704","subtype":"text","cl_rule":"show","col":6,"relations":false,"form_id":3854,"form_rules":{"pric_cal_option_once":false,"exclude_from_discount":false,"pric_use_as_fee":false,"fee_label":"Poplatok","render_after_acb":false,"disp_hide_options_price":false}},{"type":"checkbox-group","elementId":"wcpa-checkbox-group-1674660255438","label":"Dar\u010dek k n\u00e1kupu","priceOptions":"fixed_for_all","pricingType":"multiply","price":"3","name":"checkbox-group-1674660255438","other_text":"Other","cl_rule":"show","col":6,"values":[{"label":"Dr\u017eiak k pr\u00edstroju","value":"option-1","price":"","pimage":"","pimage_id":"","pthumb":"","selected":true},{"label":"Skompletizovanie PHP","value":"","price":"","pimage":"","pimage_id":"","pthumb":"","selected":true}],"relations":false,"form_id":994,"form_rules":{"pric_cal_option_once":false,"exclude_from_discount":false,"pric_use_as_fee":false,"fee_label":"Poplatok","render_after_acb":false,"disp_hide_options_price":false}},{"type":"checkbox-group","elementId":"wcpa-checkbox-group-1674658740881","label":"Doplnkov\u00e1 slu\u017eba","description":"Povinn\u00e9, ak budete hasiace pr\u00edstroje pou\u017e\u00edva\u0165 v podnikate\u013esk\u00fdch priestoroch.","desc_type":true,"enablePrice":true,"priceOptions":"fixed_for_all","pricingType":"multiply","price":"3,5","name":"checkbox-group-1674658740881","other_text":"Ostatn\u00e9","cl_rule":"show","col":6,"values":[{"label":"K\u00fapi\u0165 s rev\u00edziou (3,5\u20ac)","value":"option-1","price":"2,5","pimage":"","pimage_id":"","pthumb":""}],"relations":false,"form_id":994,"form_rules":{"pric_cal_option_once":false,"exclude_from_discount":false,"pric_use_as_fee":false,"fee_label":"Poplatok","render_after_acb":false,"disp_hide_options_price":false}},{"type":"checkbox-group","elementId":"wcpa-checkbox-group-1691055912438","label":"Mo\u017enos\u0165 doobjedna\u0165","description":"Piktogram Hasiaci pr\u00edstroj na ozna\u010denie miesta, kde bude HP umiestnen\u00fd.","desc_type":true,"enablePrice":true,"priceOptions":"fixed_for_all","pricingType":"multiply","price":"1,5","name":"checkbox-group-1691055912437","other_text":"Ostatn\u00e9","cl_rule":"show","col":6,"values":[{"label":"K\u00fapi\u0165 s piktogramom (1,5 \u20ac)","value":"option-1","price":"2,5","pimage":"","pimage_id":"","pthumb":""}],"relations":false,"form_id":994,"form_rules":{"pric_cal_option_once":false,"exclude_from_discount":false,"pric_use_as_fee":false,"fee_label":"Poplatok","render_after_acb":false,"disp_hide_options_price":false}}]},"yoast_head":"<!-- This site is optimized with the Yoast SEO plugin v27.1.1 - https:\/\/yoast.com\/product\/yoast-seo-wordpress\/ -->\n<title>UNIEX Penov\u00fd hasiaci pr\u00edstroj F6 BETA WLi - 3MON Eshop<\/title>\n<meta name=\"robots\" content=\"index, follow, max-snippet:-1, max-image-preview:large, max-video-preview:-1\" \/>\n<link rel=\"canonical\" href=\"https:\/\/3mon.sk\/eshop\/produkt\/uniex-penovy-hasiaci-pristroj-f6-beta-wli\/\" \/>\n<meta property=\"og:locale\" content=\"sk_SK\" \/>\n<meta property=\"og:type\" content=\"article\" \/>\n<meta property=\"og:title\" content=\"UNIEX Penov\u00fd hasiaci pr\u00edstroj F6 BETA WLi - 3MON Eshop\" \/>\n<meta property=\"og:description\" content=\"F6 BETA WLi\u00a0je penov\u00fd hasiaci pr\u00edstroj s ratingom 21A, 183B, D, 75F, s objemom hasiva 6 litrov &#8211; 6% koncentr\u00e1cie. Vhodnos\u0165 pou\u017eitia\u00a0F6 BETA WLi\u00a0: horiace tuky a oleje, L\u00edtium Bat\u00e9rie do 3 000 Wh, horiace kovy. V\u0161eobecn\u00e9 pou\u017eitie\u00a0F6 BETA WLi\u00a0: bat\u00e9ria z telef\u00f3nov, tabletov, bicyklov, kolobe\u017eiek, aut. F6 BETA WLi\u00a0je naplnen\u00fd hasivom\u00a0BETA EFFEM\u00a0(1-6% hasiaca zmes [&hellip;]\" \/>\n<meta property=\"og:url\" content=\"https:\/\/3mon.sk\/eshop\/produkt\/uniex-penovy-hasiaci-pristroj-f6-beta-wli\/\" \/>\n<meta property=\"og:site_name\" content=\"3MON Eshop\" \/>\n<meta property=\"article:publisher\" content=\"https:\/\/www.facebook.com\/3MONsro\" \/>\n<meta property=\"article:modified_time\" content=\"2026-04-25T15:01:13+00:00\" \/>\n<meta property=\"og:image\" content=\"https:\/\/3mon.sk\/eshop\/wp-content\/uploads\/2023\/03\/uniex_produktovy.jpg\" \/>\n\t<meta property=\"og:image:width\" content=\"1000\" \/>\n\t<meta property=\"og:image:height\" content=\"1000\" \/>\n\t<meta property=\"og:image:type\" content=\"image\/jpeg\" \/>\n<meta name=\"twitter:card\" content=\"summary_large_image\" \/>\n<meta name=\"twitter:label1\" content=\"Predpokladan\u00fd \u010das \u010d\u00edtania\" \/>\n\t<meta name=\"twitter:data1\" content=\"1 min\u00fata\" \/>\n<script type=\"application\/ld+json\" class=\"yoast-schema-graph\">{\"@context\":\"https:\/\/schema.org\",\"@graph\":[{\"@type\":\"WebPage\",\"@id\":\"https:\/\/3mon.sk\/eshop\/produkt\/uniex-penovy-hasiaci-pristroj-f6-beta-wli\/\",\"url\":\"https:\/\/3mon.sk\/eshop\/produkt\/uniex-penovy-hasiaci-pristroj-f6-beta-wli\/\",\"name\":\"UNIEX Penov\u00fd hasiaci pr\u00edstroj F6 BETA WLi - 3MON Eshop\",\"isPartOf\":{\"@id\":\"https:\/\/3mon.sk\/eshop\/#website\"},\"primaryImageOfPage\":{\"@id\":\"https:\/\/3mon.sk\/eshop\/produkt\/uniex-penovy-hasiaci-pristroj-f6-beta-wli\/#primaryimage\"},\"image\":{\"@id\":\"https:\/\/3mon.sk\/eshop\/produkt\/uniex-penovy-hasiaci-pristroj-f6-beta-wli\/#primaryimage\"},\"thumbnailUrl\":\"https:\/\/3mon.sk\/eshop\/wp-content\/uploads\/2023\/03\/uniex_produktovy.jpg\",\"datePublished\":\"2023-03-20T08:45:41+00:00\",\"dateModified\":\"2026-04-25T15:01:13+00:00\",\"breadcrumb\":{\"@id\":\"https:\/\/3mon.sk\/eshop\/produkt\/uniex-penovy-hasiaci-pristroj-f6-beta-wli\/#breadcrumb\"},\"inLanguage\":\"sk-SK\",\"potentialAction\":[{\"@type\":\"ReadAction\",\"target\":[\"https:\/\/3mon.sk\/eshop\/produkt\/uniex-penovy-hasiaci-pristroj-f6-beta-wli\/\"]}]},{\"@type\":\"ImageObject\",\"inLanguage\":\"sk-SK\",\"@id\":\"https:\/\/3mon.sk\/eshop\/produkt\/uniex-penovy-hasiaci-pristroj-f6-beta-wli\/#primaryimage\",\"url\":\"https:\/\/3mon.sk\/eshop\/wp-content\/uploads\/2023\/03\/uniex_produktovy.jpg\",\"contentUrl\":\"https:\/\/3mon.sk\/eshop\/wp-content\/uploads\/2023\/03\/uniex_produktovy.jpg\",\"width\":1000,\"height\":1000,\"caption\":\"UNIEX Hasiaci pr\u00edstroj na hasenie l\u00edthiov\u00fdch bat\u00e9ri\u00ed - 3MON\"},{\"@type\":\"BreadcrumbList\",\"@id\":\"https:\/\/3mon.sk\/eshop\/produkt\/uniex-penovy-hasiaci-pristroj-f6-beta-wli\/#breadcrumb\",\"itemListElement\":[{\"@type\":\"ListItem\",\"position\":1,\"name\":\"Domovsk\u00e1 str\u00e1nka\",\"item\":\"https:\/\/3mon.sk\/eshop\/\"},{\"@type\":\"ListItem\",\"position\":2,\"name\":\"OBCHOD\",\"item\":\"https:\/\/3mon.sk\/eshop\/obchod\/\"},{\"@type\":\"ListItem\",\"position\":3,\"name\":\"UNIEX Penov\u00fd hasiaci pr\u00edstroj F6 BETA WLi\"}]},{\"@type\":\"WebSite\",\"@id\":\"https:\/\/3mon.sk\/eshop\/#website\",\"url\":\"https:\/\/3mon.sk\/eshop\/\",\"name\":\"3MON Eshop\",\"description\":\"\",\"publisher\":{\"@id\":\"https:\/\/3mon.sk\/eshop\/#organization\"},\"potentialAction\":[{\"@type\":\"SearchAction\",\"target\":{\"@type\":\"EntryPoint\",\"urlTemplate\":\"https:\/\/3mon.sk\/eshop\/?s={search_term_string}\"},\"query-input\":{\"@type\":\"PropertyValueSpecification\",\"valueRequired\":true,\"valueName\":\"search_term_string\"}}],\"inLanguage\":\"sk-SK\"},{\"@type\":\"Organization\",\"@id\":\"https:\/\/3mon.sk\/eshop\/#organization\",\"name\":\"3MON, s. r. o.\",\"url\":\"https:\/\/3mon.sk\/eshop\/\",\"logo\":{\"@type\":\"ImageObject\",\"inLanguage\":\"sk-SK\",\"@id\":\"https:\/\/3mon.sk\/eshop\/#\/schema\/logo\/image\/\",\"url\":\"https:\/\/3mon.sk\/eshop\/wp-content\/uploads\/2024\/06\/3mon_logo_new.png\",\"contentUrl\":\"https:\/\/3mon.sk\/eshop\/wp-content\/uploads\/2024\/06\/3mon_logo_new.png\",\"width\":656,\"height\":206,\"caption\":\"3MON, s. r. o.\"},\"image\":{\"@id\":\"https:\/\/3mon.sk\/eshop\/#\/schema\/logo\/image\/\"},\"sameAs\":[\"https:\/\/www.facebook.com\/3MONsro\",\"https:\/\/www.instagram.com\/3mon_rescue\/\"]}]}<\/script>\n<!-- \/ Yoast SEO plugin. -->","yoast_head_json":{"title":"UNIEX Penov\u00fd hasiaci pr\u00edstroj F6 BETA WLi - 3MON Eshop","robots":{"index":"index","follow":"follow","max-snippet":"max-snippet:-1","max-image-preview":"max-image-preview:large","max-video-preview":"max-video-preview:-1"},"canonical":"https:\/\/3mon.sk\/eshop\/produkt\/uniex-penovy-hasiaci-pristroj-f6-beta-wli\/","og_locale":"sk_SK","og_type":"article","og_title":"UNIEX Penov\u00fd hasiaci pr\u00edstroj F6 BETA WLi - 3MON Eshop","og_description":"F6 BETA WLi\u00a0je penov\u00fd hasiaci pr\u00edstroj s ratingom 21A, 183B, D, 75F, s objemom hasiva 6 litrov &#8211; 6% koncentr\u00e1cie. Vhodnos\u0165 pou\u017eitia\u00a0F6 BETA WLi\u00a0: horiace tuky a oleje, L\u00edtium Bat\u00e9rie do 3 000 Wh, horiace kovy. V\u0161eobecn\u00e9 pou\u017eitie\u00a0F6 BETA WLi\u00a0: bat\u00e9ria z telef\u00f3nov, tabletov, bicyklov, kolobe\u017eiek, aut. F6 BETA WLi\u00a0je naplnen\u00fd hasivom\u00a0BETA EFFEM\u00a0(1-6% hasiaca zmes [&hellip;]","og_url":"https:\/\/3mon.sk\/eshop\/produkt\/uniex-penovy-hasiaci-pristroj-f6-beta-wli\/","og_site_name":"3MON Eshop","article_publisher":"https:\/\/www.facebook.com\/3MONsro","article_modified_time":"2026-04-25T15:01:13+00:00","og_image":[{"width":1000,"height":1000,"url":"https:\/\/3mon.sk\/eshop\/wp-content\/uploads\/2023\/03\/uniex_produktovy.jpg","type":"image\/jpeg"}],"twitter_card":"summary_large_image","twitter_misc":{"Predpokladan\u00fd \u010das \u010d\u00edtania":"1 min\u00fata"},"schema":{"@context":"https:\/\/schema.org","@graph":[{"@type":"WebPage","@id":"https:\/\/3mon.sk\/eshop\/produkt\/uniex-penovy-hasiaci-pristroj-f6-beta-wli\/","url":"https:\/\/3mon.sk\/eshop\/produkt\/uniex-penovy-hasiaci-pristroj-f6-beta-wli\/","name":"UNIEX Penov\u00fd hasiaci pr\u00edstroj F6 BETA WLi - 3MON Eshop","isPartOf":{"@id":"https:\/\/3mon.sk\/eshop\/#website"},"primaryImageOfPage":{"@id":"https:\/\/3mon.sk\/eshop\/produkt\/uniex-penovy-hasiaci-pristroj-f6-beta-wli\/#primaryimage"},"image":{"@id":"https:\/\/3mon.sk\/eshop\/produkt\/uniex-penovy-hasiaci-pristroj-f6-beta-wli\/#primaryimage"},"thumbnailUrl":"https:\/\/3mon.sk\/eshop\/wp-content\/uploads\/2023\/03\/uniex_produktovy.jpg","datePublished":"2023-03-20T08:45:41+00:00","dateModified":"2026-04-25T15:01:13+00:00","breadcrumb":{"@id":"https:\/\/3mon.sk\/eshop\/produkt\/uniex-penovy-hasiaci-pristroj-f6-beta-wli\/#breadcrumb"},"inLanguage":"sk-SK","potentialAction":[{"@type":"ReadAction","target":["https:\/\/3mon.sk\/eshop\/produkt\/uniex-penovy-hasiaci-pristroj-f6-beta-wli\/"]}]},{"@type":"ImageObject","inLanguage":"sk-SK","@id":"https:\/\/3mon.sk\/eshop\/produkt\/uniex-penovy-hasiaci-pristroj-f6-beta-wli\/#primaryimage","url":"https:\/\/3mon.sk\/eshop\/wp-content\/uploads\/2023\/03\/uniex_produktovy.jpg","contentUrl":"https:\/\/3mon.sk\/eshop\/wp-content\/uploads\/2023\/03\/uniex_produktovy.jpg","width":1000,"height":1000,"caption":"UNIEX Hasiaci pr\u00edstroj na hasenie l\u00edthiov\u00fdch bat\u00e9ri\u00ed - 3MON"},{"@type":"BreadcrumbList","@id":"https:\/\/3mon.sk\/eshop\/produkt\/uniex-penovy-hasiaci-pristroj-f6-beta-wli\/#breadcrumb","itemListElement":[{"@type":"ListItem","position":1,"name":"Domovsk\u00e1 str\u00e1nka","item":"https:\/\/3mon.sk\/eshop\/"},{"@type":"ListItem","position":2,"name":"OBCHOD","item":"https:\/\/3mon.sk\/eshop\/obchod\/"},{"@type":"ListItem","position":3,"name":"UNIEX Penov\u00fd hasiaci pr\u00edstroj F6 BETA WLi"}]},{"@type":"WebSite","@id":"https:\/\/3mon.sk\/eshop\/#website","url":"https:\/\/3mon.sk\/eshop\/","name":"3MON Eshop","description":"","publisher":{"@id":"https:\/\/3mon.sk\/eshop\/#organization"},"potentialAction":[{"@type":"SearchAction","target":{"@type":"EntryPoint","urlTemplate":"https:\/\/3mon.sk\/eshop\/?s={search_term_string}"},"query-input":{"@type":"PropertyValueSpecification","valueRequired":true,"valueName":"search_term_string"}}],"inLanguage":"sk-SK"},{"@type":"Organization","@id":"https:\/\/3mon.sk\/eshop\/#organization","name":"3MON, s. r. o.","url":"https:\/\/3mon.sk\/eshop\/","logo":{"@type":"ImageObject","inLanguage":"sk-SK","@id":"https:\/\/3mon.sk\/eshop\/#\/schema\/logo\/image\/","url":"https:\/\/3mon.sk\/eshop\/wp-content\/uploads\/2024\/06\/3mon_logo_new.png","contentUrl":"https:\/\/3mon.sk\/eshop\/wp-content\/uploads\/2024\/06\/3mon_logo_new.png","width":656,"height":206,"caption":"3MON, s. r. o."},"image":{"@id":"https:\/\/3mon.sk\/eshop\/#\/schema\/logo\/image\/"},"sameAs":["https:\/\/www.facebook.com\/3MONsro","https:\/\/www.instagram.com\/3mon_rescue\/"]}]}},"_links":{"self":[{"href":"https:\/\/3mon.sk\/eshop\/wp-json\/wp\/v2\/product\/1487","targetHints":{"allow":["GET"]}}],"collection":[{"href":"https:\/\/3mon.sk\/eshop\/wp-json\/wp\/v2\/product"}],"about":[{"href":"https:\/\/3mon.sk\/eshop\/wp-json\/wp\/v2\/types\/product"}],"replies":[{"embeddable":true,"href":"https:\/\/3mon.sk\/eshop\/wp-json\/wp\/v2\/comments?post=1487"}],"version-history":[{"count":2,"href":"https:\/\/3mon.sk\/eshop\/wp-json\/wp\/v2\/product\/1487\/revisions"}],"predecessor-version":[{"id":1490,"href":"https:\/\/3mon.sk\/eshop\/wp-json\/wp\/v2\/product\/1487\/revisions\/1490"}],"wp:featuredmedia":[{"embeddable":true,"href":"https:\/\/3mon.sk\/eshop\/wp-json\/wp\/v2\/media\/1714"}],"wp:attachment":[{"href":"https:\/\/3mon.sk\/eshop\/wp-json\/wp\/v2\/media?parent=1487"}],"wp:term":[{"taxonomy":"product_brand","embeddable":true,"href":"https:\/\/3mon.sk\/eshop\/wp-json\/wp\/v2\/product_brand?post=1487"},{"taxonomy":"product_cat","embeddable":true,"href":"https:\/\/3mon.sk\/eshop\/wp-json\/wp\/v2\/product_cat?post=1487"},{"taxonomy":"product_tag","embeddable":true,"href":"https:\/\/3mon.sk\/eshop\/wp-json\/wp\/v2\/product_tag?post=1487"}],"curies":[{"name":"wp","href":"https:\/\/api.w.org\/{rel}","templated":true}]}}