{"id":1392,"date":"2023-02-22T13:46:50","date_gmt":"2023-02-22T12:46:50","guid":{"rendered":"https:\/\/3mon.sk\/eshop\/?post_type=product&#038;p=1392"},"modified":"2026-01-16T10:40:05","modified_gmt":"2026-01-16T09:40:05","slug":"aerosolove-hasiace-zariadenia-fire-isolator-auca2","status":"publish","type":"product","link":"https:\/\/3mon.sk\/eshop\/produkt\/aerosolove-hasiace-zariadenia-fire-isolator-auca2\/","title":{"rendered":"Aeros\u00f3lov\u00e9 hasiace zariadenia Fire Isolator"},"content":{"rendered":"\t\t<div data-elementor-type=\"wp-post\" data-elementor-id=\"1392\" class=\"elementor elementor-1392\">\n\t\t\t\t\t\t<section class=\"elementor-section elementor-top-section elementor-element elementor-element-638588bc elementor-section-boxed elementor-section-height-default elementor-section-height-default\" data-id=\"638588bc\" data-element_type=\"section\" data-e-type=\"section\">\r\n\t\t\r\n\t\t\t\t\t\t\t<div class=\"elementor-container elementor-column-gap-default\">\r\n\t\t\t\t\t\t\t\t\t\t\t<div class=\"elementor-column elementor-col-100 elementor-top-column elementor-element elementor-element-779d8c4\" data-id=\"779d8c4\" data-element_type=\"column\" data-e-type=\"column\">\r\n\t\t\t\t\t<div class=\"elementor-widget-wrap elementor-element-populated\">\r\n\t\t\t\t\t\t\t\t<div class=\"elementor-element elementor-element-41648c8b elementor-widget elementor-widget-text-editor\" data-id=\"41648c8b\" data-element_type=\"widget\" data-e-type=\"widget\" data-widget_type=\"text-editor.default\">\n\t\t\t\t<div class=\"elementor-widget-container\">\n\t\t\t\t\t\t\t\t\t<p><strong>Aeros\u00f3lov\u00e9 hasiace zariadenia<\/strong>\u00a0s\u00fa \u013eahk\u00e9, prenosn\u00e9 jednotky ur\u010den\u00e9 na hasenie r\u00fdchlo \u0161\u00edriacich sa po\u017eiarov.<br \/>Aeros\u00f3lov\u00e9 hasiace jednotky s\u00fa ide\u00e1lne na zabezpe\u010denie kontroly nad po\u017eiarom spolu s protipo\u017eiarnou izola\u010dnou <strong>dekou FIREISOLATOR<\/strong> m\u00f4\u017eu u\u0161etri\u0165 drahocenn\u00fd \u010das, zabr\u00e1ni\u0165 vzniku bleskov\u00e9ho v\u00fdbuchu a v\u00fdrazne zn\u00ed\u017ei\u0165 teplotu po\u017eiaru na pribli\u017ene <strong>200 \u00b0C.<\/strong><\/p><p><strong>Aeros\u00f3lov\u00e9 hasiace zariadenia<\/strong>\u00a0poskytuj\u00fa testovan\u00e9 a osved\u010den\u00e9 sp\u00f4soby preru\u0161enia chemick\u00e9ho re\u0165azca reakcie prebiehaj\u00face v l\u00edtium-i\u00f3novej bat\u00e9rii a potl\u00e1\u010daj\u00fa po\u017eiar.<\/p><p><strong>Aeros\u00f3lov\u00e9 hasiace zariadenia<\/strong>\u00a0maj\u00fa najlep\u0161iu \u00fa\u010dinnos\u0165 spolu s protipo\u017eiarnou <a href=\"https:\/\/3mon.sk\/eshop\/produkt\/fire-isolator-protipoziarna-deka\/?_gl=1*1323m1j*_ga*NDExNTIwMzM0LjE2NzcwNjYwMTk.*_up*MQ..\"><strong>dekou FIREISOLATOR<\/strong><\/a>.<\/p><p>Balenie obsahuje 2 aeros\u00f3lov\u00e9 hasiace zariadenia.<\/p>\t\t\t\t\t\t\t\t<\/div>\n\t\t\t\t<\/div>\n\t\t\t\t\t<\/div>\r\n\t\t\t\t<\/div>\r\n\t\t\t\t\t<\/div>\r\n\t\t\t\t<\/section>\r\n\t\t\t\t<section class=\"elementor-section elementor-top-section elementor-element elementor-element-59d003b elementor-section-boxed elementor-section-height-default elementor-section-height-default\" data-id=\"59d003b\" data-element_type=\"section\" data-e-type=\"section\">\r\n\t\t\r\n\t\t\t\t\t\t\t<div class=\"elementor-container elementor-column-gap-default\">\r\n\t\t\t\t\t\t\t\t\t\t\t<div class=\"elementor-column elementor-col-100 elementor-top-column elementor-element elementor-element-0bf90d4\" data-id=\"0bf90d4\" data-element_type=\"column\" data-e-type=\"column\">\r\n\t\t\t\t\t<div class=\"elementor-widget-wrap elementor-element-populated\">\r\n\t\t\t\t\t\t\t\t<div class=\"elementor-element elementor-element-01492d7 elementor-align-center elementor-widget elementor-widget-button\" data-id=\"01492d7\" data-element_type=\"widget\" data-e-type=\"widget\" data-widget_type=\"button.default\">\n\t\t\t\t<div class=\"elementor-widget-container\">\n\t\t\t\t\t\t\t\t\t<div class=\"elementor-button-wrapper\">\n\t\t\t\t\t<a class=\"elementor-button elementor-button-link elementor-size-sm\" href=\"https:\/\/3mon.sk\/eshop\/wp-content\/uploads\/2023\/01\/Pouzivanie-Fire-Isolator.pdf\" target=\"_blank\">\n\t\t\t\t\t\t<span class=\"elementor-button-content-wrapper\">\n\t\t\t\t\t\t\t\t\t<span class=\"elementor-button-text\">N\u00e1vod na pou\u017eitie hasiaceho zariadenia FIREISOLATOR<\/span>\n\t\t\t\t\t<\/span>\n\t\t\t\t\t<\/a>\n\t\t\t\t<\/div>\n\t\t\t\t\t\t\t\t<\/div>\n\t\t\t\t<\/div>\n\t\t\t\t\t<\/div>\r\n\t\t\t\t<\/div>\r\n\t\t\t\t\t<\/div>\r\n\t\t\t\t<\/section>\r\n\t\t\t\t<\/div>\n\t\t","protected":false},"excerpt":{"rendered":"<p>Aeros\u00f3lov\u00e9 hasiace zariadenia\u00a0s\u00fa \u013eahk\u00e9, prenosn\u00e9 jednotky ur\u010den\u00e9 na hasenie r\u00fdchlo \u0161\u00edriacich sa po\u017eiarov. Aeros\u00f3lov\u00e9 hasiace jednotky s\u00fa ide\u00e1lne na zabezpe\u010denie kontroly nad po\u017eiarom spolu s protipo\u017eiarnou izola\u010dnou dekou FIREISOLATOR m\u00f4\u017eu u\u0161etri\u0165 drahocenn\u00fd \u010das, zabr\u00e1ni\u0165 vzniku bleskov\u00e9ho v\u00fdbuchu a v\u00fdrazne zn\u00ed\u017ei\u0165 teplotu po\u017eiaru na pribli\u017ene 200 \u00b0C. Aeros\u00f3lov\u00e9 hasiace zariadenia\u00a0poskytuj\u00fa testovan\u00e9 a osved\u010den\u00e9 sp\u00f4soby preru\u0161enia chemick\u00e9ho [&hellip;]<\/p>\n","protected":false},"featured_media":1393,"comment_status":"open","ping_status":"closed","template":"","meta":{"_acf_changed":false,"_uf_show_specific_survey":0,"_uf_disable_surveys":false},"product_brand":[],"product_cat":[64,46,18],"product_tag":[176,175,177],"class_list":{"0":"post-1392","1":"product","2":"type-product","3":"status-publish","4":"has-post-thumbnail","6":"product_cat-hasenie-lithiovych-baterii","7":"product_cat-ostatne-hasiace-prostriedky","8":"product_cat-hasiace-pristroje","9":"product_tag-aerosol","10":"product_tag-fire-isolator","11":"product_tag-unit","12":"wcpa_has_options","14":"first","15":"onbackorder","16":"taxable","17":"shipping-taxable","18":"purchasable","19":"product-type-simple"},"acf":[],"wcpa_form_fields":{"rules":{"pric_overide_base_price":false,"pric_overide_base_price_if_gt_zero":false,"pric_overide_base_price_fully":false,"pric_cal_option_once":false,"pric_use_as_fee":false,"bind_quantity":false,"quantity_bind_formula":false},"fields":[{"type":"text","elementId":"wcpa-text-1701694932704","label":"POZOR!","value":"Hasiace pr\u00edstroje pred\u00e1vame iba na osobn\u00fd odber, tlakov\u00e9 n\u00e1doby nie je mo\u017en\u00e9 zasiela\u0165 kuri\u00e9rom.","pricingType":"fixed","name":"text-1701694932704","subtype":"text","cl_rule":"show","col":6,"relations":false,"form_id":3854,"form_rules":{"pric_cal_option_once":false,"exclude_from_discount":false,"pric_use_as_fee":false,"fee_label":"Poplatok","render_after_acb":false,"disp_hide_options_price":false}},{"type":"checkbox-group","elementId":"wcpa-checkbox-group-1674660255438","label":"Dar\u010dek k n\u00e1kupu","priceOptions":"fixed_for_all","pricingType":"multiply","price":"3","name":"checkbox-group-1674660255438","other_text":"Other","cl_rule":"show","col":6,"values":[{"label":"Dr\u017eiak k pr\u00edstroju","value":"option-1","price":"","pimage":"","pimage_id":"","pthumb":"","selected":true},{"label":"Skompletizovanie PHP","value":"","price":"","pimage":"","pimage_id":"","pthumb":"","selected":true}],"relations":false,"form_id":994,"form_rules":{"pric_cal_option_once":false,"exclude_from_discount":false,"pric_use_as_fee":false,"fee_label":"Poplatok","render_after_acb":false,"disp_hide_options_price":false}},{"type":"checkbox-group","elementId":"wcpa-checkbox-group-1674658740881","label":"Doplnkov\u00e1 slu\u017eba","description":"Povinn\u00e9, ak budete hasiace pr\u00edstroje pou\u017e\u00edva\u0165 v podnikate\u013esk\u00fdch priestoroch.","desc_type":true,"enablePrice":true,"priceOptions":"fixed_for_all","pricingType":"multiply","price":"3,5","name":"checkbox-group-1674658740881","other_text":"Ostatn\u00e9","cl_rule":"show","col":6,"values":[{"label":"K\u00fapi\u0165 s rev\u00edziou (3,5\u20ac)","value":"option-1","price":"2,5","pimage":"","pimage_id":"","pthumb":""}],"relations":false,"form_id":994,"form_rules":{"pric_cal_option_once":false,"exclude_from_discount":false,"pric_use_as_fee":false,"fee_label":"Poplatok","render_after_acb":false,"disp_hide_options_price":false}},{"type":"checkbox-group","elementId":"wcpa-checkbox-group-1691055912438","label":"Mo\u017enos\u0165 doobjedna\u0165","description":"Piktogram Hasiaci pr\u00edstroj na ozna\u010denie miesta, kde bude HP umiestnen\u00fd.","desc_type":true,"enablePrice":true,"priceOptions":"fixed_for_all","pricingType":"multiply","price":"1,5","name":"checkbox-group-1691055912437","other_text":"Ostatn\u00e9","cl_rule":"show","col":6,"values":[{"label":"K\u00fapi\u0165 s piktogramom (1,5 \u20ac)","value":"option-1","price":"2,5","pimage":"","pimage_id":"","pthumb":""}],"relations":false,"form_id":994,"form_rules":{"pric_cal_option_once":false,"exclude_from_discount":false,"pric_use_as_fee":false,"fee_label":"Poplatok","render_after_acb":false,"disp_hide_options_price":false}}]},"yoast_head":"<!-- This site is optimized with the Yoast SEO plugin v27.1.1 - https:\/\/yoast.com\/product\/yoast-seo-wordpress\/ -->\n<title>Aeros\u00f3lov\u00e9 hasiace zariadenia Fire Isolator - 3MON Eshop<\/title>\n<meta name=\"robots\" content=\"index, follow, max-snippet:-1, max-image-preview:large, max-video-preview:-1\" \/>\n<link rel=\"canonical\" href=\"https:\/\/3mon.sk\/eshop\/produkt\/aerosolove-hasiace-zariadenia-fire-isolator-auca2\/\" \/>\n<meta property=\"og:locale\" content=\"sk_SK\" \/>\n<meta property=\"og:type\" content=\"article\" \/>\n<meta property=\"og:title\" content=\"Aeros\u00f3lov\u00e9 hasiace zariadenia Fire Isolator - 3MON Eshop\" \/>\n<meta property=\"og:description\" content=\"Aeros\u00f3lov\u00e9 hasiace zariadenia\u00a0s\u00fa \u013eahk\u00e9, prenosn\u00e9 jednotky ur\u010den\u00e9 na hasenie r\u00fdchlo \u0161\u00edriacich sa po\u017eiarov. Aeros\u00f3lov\u00e9 hasiace jednotky s\u00fa ide\u00e1lne na zabezpe\u010denie kontroly nad po\u017eiarom spolu s protipo\u017eiarnou izola\u010dnou dekou FIREISOLATOR m\u00f4\u017eu u\u0161etri\u0165 drahocenn\u00fd \u010das, zabr\u00e1ni\u0165 vzniku bleskov\u00e9ho v\u00fdbuchu a v\u00fdrazne zn\u00ed\u017ei\u0165 teplotu po\u017eiaru na pribli\u017ene 200 \u00b0C. Aeros\u00f3lov\u00e9 hasiace zariadenia\u00a0poskytuj\u00fa testovan\u00e9 a osved\u010den\u00e9 sp\u00f4soby preru\u0161enia chemick\u00e9ho [&hellip;]\" \/>\n<meta property=\"og:url\" content=\"https:\/\/3mon.sk\/eshop\/produkt\/aerosolove-hasiace-zariadenia-fire-isolator-auca2\/\" \/>\n<meta property=\"og:site_name\" content=\"3MON Eshop\" \/>\n<meta property=\"article:publisher\" content=\"https:\/\/www.facebook.com\/3MONsro\" \/>\n<meta property=\"article:modified_time\" content=\"2026-01-16T09:40:05+00:00\" \/>\n<meta property=\"og:image\" content=\"https:\/\/3mon.sk\/eshop\/wp-content\/uploads\/2023\/02\/Novy-projekt-10.jpg\" \/>\n\t<meta property=\"og:image:width\" content=\"1000\" \/>\n\t<meta property=\"og:image:height\" content=\"1000\" \/>\n\t<meta property=\"og:image:type\" content=\"image\/jpeg\" \/>\n<meta name=\"twitter:card\" content=\"summary_large_image\" \/>\n<meta name=\"twitter:label1\" content=\"Predpokladan\u00fd \u010das \u010d\u00edtania\" \/>\n\t<meta name=\"twitter:data1\" content=\"1 min\u00fata\" \/>\n<script type=\"application\/ld+json\" class=\"yoast-schema-graph\">{\"@context\":\"https:\/\/schema.org\",\"@graph\":[{\"@type\":\"WebPage\",\"@id\":\"https:\/\/3mon.sk\/eshop\/produkt\/aerosolove-hasiace-zariadenia-fire-isolator-auca2\/\",\"url\":\"https:\/\/3mon.sk\/eshop\/produkt\/aerosolove-hasiace-zariadenia-fire-isolator-auca2\/\",\"name\":\"Aeros\u00f3lov\u00e9 hasiace zariadenia Fire Isolator - 3MON Eshop\",\"isPartOf\":{\"@id\":\"https:\/\/3mon.sk\/eshop\/#website\"},\"primaryImageOfPage\":{\"@id\":\"https:\/\/3mon.sk\/eshop\/produkt\/aerosolove-hasiace-zariadenia-fire-isolator-auca2\/#primaryimage\"},\"image\":{\"@id\":\"https:\/\/3mon.sk\/eshop\/produkt\/aerosolove-hasiace-zariadenia-fire-isolator-auca2\/#primaryimage\"},\"thumbnailUrl\":\"https:\/\/3mon.sk\/eshop\/wp-content\/uploads\/2023\/02\/Novy-projekt-10.jpg\",\"datePublished\":\"2023-02-22T12:46:50+00:00\",\"dateModified\":\"2026-01-16T09:40:05+00:00\",\"breadcrumb\":{\"@id\":\"https:\/\/3mon.sk\/eshop\/produkt\/aerosolove-hasiace-zariadenia-fire-isolator-auca2\/#breadcrumb\"},\"inLanguage\":\"sk-SK\",\"potentialAction\":[{\"@type\":\"ReadAction\",\"target\":[\"https:\/\/3mon.sk\/eshop\/produkt\/aerosolove-hasiace-zariadenia-fire-isolator-auca2\/\"]}]},{\"@type\":\"ImageObject\",\"inLanguage\":\"sk-SK\",\"@id\":\"https:\/\/3mon.sk\/eshop\/produkt\/aerosolove-hasiace-zariadenia-fire-isolator-auca2\/#primaryimage\",\"url\":\"https:\/\/3mon.sk\/eshop\/wp-content\/uploads\/2023\/02\/Novy-projekt-10.jpg\",\"contentUrl\":\"https:\/\/3mon.sk\/eshop\/wp-content\/uploads\/2023\/02\/Novy-projekt-10.jpg\",\"width\":1000,\"height\":1000,\"caption\":\"Aeros\u00f3lov\u00e9 hasiace zariadenia Fire Isolator - hasenie.sk\"},{\"@type\":\"BreadcrumbList\",\"@id\":\"https:\/\/3mon.sk\/eshop\/produkt\/aerosolove-hasiace-zariadenia-fire-isolator-auca2\/#breadcrumb\",\"itemListElement\":[{\"@type\":\"ListItem\",\"position\":1,\"name\":\"Domovsk\u00e1 str\u00e1nka\",\"item\":\"https:\/\/3mon.sk\/eshop\/\"},{\"@type\":\"ListItem\",\"position\":2,\"name\":\"OBCHOD\",\"item\":\"https:\/\/3mon.sk\/eshop\/obchod\/\"},{\"@type\":\"ListItem\",\"position\":3,\"name\":\"Aeros\u00f3lov\u00e9 hasiace zariadenia Fire Isolator\"}]},{\"@type\":\"WebSite\",\"@id\":\"https:\/\/3mon.sk\/eshop\/#website\",\"url\":\"https:\/\/3mon.sk\/eshop\/\",\"name\":\"3MON Eshop\",\"description\":\"\",\"publisher\":{\"@id\":\"https:\/\/3mon.sk\/eshop\/#organization\"},\"potentialAction\":[{\"@type\":\"SearchAction\",\"target\":{\"@type\":\"EntryPoint\",\"urlTemplate\":\"https:\/\/3mon.sk\/eshop\/?s={search_term_string}\"},\"query-input\":{\"@type\":\"PropertyValueSpecification\",\"valueRequired\":true,\"valueName\":\"search_term_string\"}}],\"inLanguage\":\"sk-SK\"},{\"@type\":\"Organization\",\"@id\":\"https:\/\/3mon.sk\/eshop\/#organization\",\"name\":\"3MON, s. r. o.\",\"url\":\"https:\/\/3mon.sk\/eshop\/\",\"logo\":{\"@type\":\"ImageObject\",\"inLanguage\":\"sk-SK\",\"@id\":\"https:\/\/3mon.sk\/eshop\/#\/schema\/logo\/image\/\",\"url\":\"https:\/\/3mon.sk\/eshop\/wp-content\/uploads\/2024\/06\/3mon_logo_new.png\",\"contentUrl\":\"https:\/\/3mon.sk\/eshop\/wp-content\/uploads\/2024\/06\/3mon_logo_new.png\",\"width\":656,\"height\":206,\"caption\":\"3MON, s. r. o.\"},\"image\":{\"@id\":\"https:\/\/3mon.sk\/eshop\/#\/schema\/logo\/image\/\"},\"sameAs\":[\"https:\/\/www.facebook.com\/3MONsro\",\"https:\/\/www.instagram.com\/3mon_rescue\/\"]}]}<\/script>\n<!-- \/ Yoast SEO plugin. -->","yoast_head_json":{"title":"Aeros\u00f3lov\u00e9 hasiace zariadenia Fire Isolator - 3MON Eshop","robots":{"index":"index","follow":"follow","max-snippet":"max-snippet:-1","max-image-preview":"max-image-preview:large","max-video-preview":"max-video-preview:-1"},"canonical":"https:\/\/3mon.sk\/eshop\/produkt\/aerosolove-hasiace-zariadenia-fire-isolator-auca2\/","og_locale":"sk_SK","og_type":"article","og_title":"Aeros\u00f3lov\u00e9 hasiace zariadenia Fire Isolator - 3MON Eshop","og_description":"Aeros\u00f3lov\u00e9 hasiace zariadenia\u00a0s\u00fa \u013eahk\u00e9, prenosn\u00e9 jednotky ur\u010den\u00e9 na hasenie r\u00fdchlo \u0161\u00edriacich sa po\u017eiarov. Aeros\u00f3lov\u00e9 hasiace jednotky s\u00fa ide\u00e1lne na zabezpe\u010denie kontroly nad po\u017eiarom spolu s protipo\u017eiarnou izola\u010dnou dekou FIREISOLATOR m\u00f4\u017eu u\u0161etri\u0165 drahocenn\u00fd \u010das, zabr\u00e1ni\u0165 vzniku bleskov\u00e9ho v\u00fdbuchu a v\u00fdrazne zn\u00ed\u017ei\u0165 teplotu po\u017eiaru na pribli\u017ene 200 \u00b0C. Aeros\u00f3lov\u00e9 hasiace zariadenia\u00a0poskytuj\u00fa testovan\u00e9 a osved\u010den\u00e9 sp\u00f4soby preru\u0161enia chemick\u00e9ho [&hellip;]","og_url":"https:\/\/3mon.sk\/eshop\/produkt\/aerosolove-hasiace-zariadenia-fire-isolator-auca2\/","og_site_name":"3MON Eshop","article_publisher":"https:\/\/www.facebook.com\/3MONsro","article_modified_time":"2026-01-16T09:40:05+00:00","og_image":[{"width":1000,"height":1000,"url":"https:\/\/3mon.sk\/eshop\/wp-content\/uploads\/2023\/02\/Novy-projekt-10.jpg","type":"image\/jpeg"}],"twitter_card":"summary_large_image","twitter_misc":{"Predpokladan\u00fd \u010das \u010d\u00edtania":"1 min\u00fata"},"schema":{"@context":"https:\/\/schema.org","@graph":[{"@type":"WebPage","@id":"https:\/\/3mon.sk\/eshop\/produkt\/aerosolove-hasiace-zariadenia-fire-isolator-auca2\/","url":"https:\/\/3mon.sk\/eshop\/produkt\/aerosolove-hasiace-zariadenia-fire-isolator-auca2\/","name":"Aeros\u00f3lov\u00e9 hasiace zariadenia Fire Isolator - 3MON Eshop","isPartOf":{"@id":"https:\/\/3mon.sk\/eshop\/#website"},"primaryImageOfPage":{"@id":"https:\/\/3mon.sk\/eshop\/produkt\/aerosolove-hasiace-zariadenia-fire-isolator-auca2\/#primaryimage"},"image":{"@id":"https:\/\/3mon.sk\/eshop\/produkt\/aerosolove-hasiace-zariadenia-fire-isolator-auca2\/#primaryimage"},"thumbnailUrl":"https:\/\/3mon.sk\/eshop\/wp-content\/uploads\/2023\/02\/Novy-projekt-10.jpg","datePublished":"2023-02-22T12:46:50+00:00","dateModified":"2026-01-16T09:40:05+00:00","breadcrumb":{"@id":"https:\/\/3mon.sk\/eshop\/produkt\/aerosolove-hasiace-zariadenia-fire-isolator-auca2\/#breadcrumb"},"inLanguage":"sk-SK","potentialAction":[{"@type":"ReadAction","target":["https:\/\/3mon.sk\/eshop\/produkt\/aerosolove-hasiace-zariadenia-fire-isolator-auca2\/"]}]},{"@type":"ImageObject","inLanguage":"sk-SK","@id":"https:\/\/3mon.sk\/eshop\/produkt\/aerosolove-hasiace-zariadenia-fire-isolator-auca2\/#primaryimage","url":"https:\/\/3mon.sk\/eshop\/wp-content\/uploads\/2023\/02\/Novy-projekt-10.jpg","contentUrl":"https:\/\/3mon.sk\/eshop\/wp-content\/uploads\/2023\/02\/Novy-projekt-10.jpg","width":1000,"height":1000,"caption":"Aeros\u00f3lov\u00e9 hasiace zariadenia Fire Isolator - hasenie.sk"},{"@type":"BreadcrumbList","@id":"https:\/\/3mon.sk\/eshop\/produkt\/aerosolove-hasiace-zariadenia-fire-isolator-auca2\/#breadcrumb","itemListElement":[{"@type":"ListItem","position":1,"name":"Domovsk\u00e1 str\u00e1nka","item":"https:\/\/3mon.sk\/eshop\/"},{"@type":"ListItem","position":2,"name":"OBCHOD","item":"https:\/\/3mon.sk\/eshop\/obchod\/"},{"@type":"ListItem","position":3,"name":"Aeros\u00f3lov\u00e9 hasiace zariadenia Fire Isolator"}]},{"@type":"WebSite","@id":"https:\/\/3mon.sk\/eshop\/#website","url":"https:\/\/3mon.sk\/eshop\/","name":"3MON Eshop","description":"","publisher":{"@id":"https:\/\/3mon.sk\/eshop\/#organization"},"potentialAction":[{"@type":"SearchAction","target":{"@type":"EntryPoint","urlTemplate":"https:\/\/3mon.sk\/eshop\/?s={search_term_string}"},"query-input":{"@type":"PropertyValueSpecification","valueRequired":true,"valueName":"search_term_string"}}],"inLanguage":"sk-SK"},{"@type":"Organization","@id":"https:\/\/3mon.sk\/eshop\/#organization","name":"3MON, s. r. o.","url":"https:\/\/3mon.sk\/eshop\/","logo":{"@type":"ImageObject","inLanguage":"sk-SK","@id":"https:\/\/3mon.sk\/eshop\/#\/schema\/logo\/image\/","url":"https:\/\/3mon.sk\/eshop\/wp-content\/uploads\/2024\/06\/3mon_logo_new.png","contentUrl":"https:\/\/3mon.sk\/eshop\/wp-content\/uploads\/2024\/06\/3mon_logo_new.png","width":656,"height":206,"caption":"3MON, s. r. o."},"image":{"@id":"https:\/\/3mon.sk\/eshop\/#\/schema\/logo\/image\/"},"sameAs":["https:\/\/www.facebook.com\/3MONsro","https:\/\/www.instagram.com\/3mon_rescue\/"]}]}},"_links":{"self":[{"href":"https:\/\/3mon.sk\/eshop\/wp-json\/wp\/v2\/product\/1392","targetHints":{"allow":["GET"]}}],"collection":[{"href":"https:\/\/3mon.sk\/eshop\/wp-json\/wp\/v2\/product"}],"about":[{"href":"https:\/\/3mon.sk\/eshop\/wp-json\/wp\/v2\/types\/product"}],"replies":[{"embeddable":true,"href":"https:\/\/3mon.sk\/eshop\/wp-json\/wp\/v2\/comments?post=1392"}],"version-history":[{"count":16,"href":"https:\/\/3mon.sk\/eshop\/wp-json\/wp\/v2\/product\/1392\/revisions"}],"predecessor-version":[{"id":1477,"href":"https:\/\/3mon.sk\/eshop\/wp-json\/wp\/v2\/product\/1392\/revisions\/1477"}],"wp:featuredmedia":[{"embeddable":true,"href":"https:\/\/3mon.sk\/eshop\/wp-json\/wp\/v2\/media\/1393"}],"wp:attachment":[{"href":"https:\/\/3mon.sk\/eshop\/wp-json\/wp\/v2\/media?parent=1392"}],"wp:term":[{"taxonomy":"product_brand","embeddable":true,"href":"https:\/\/3mon.sk\/eshop\/wp-json\/wp\/v2\/product_brand?post=1392"},{"taxonomy":"product_cat","embeddable":true,"href":"https:\/\/3mon.sk\/eshop\/wp-json\/wp\/v2\/product_cat?post=1392"},{"taxonomy":"product_tag","embeddable":true,"href":"https:\/\/3mon.sk\/eshop\/wp-json\/wp\/v2\/product_tag?post=1392"}],"curies":[{"name":"wp","href":"https:\/\/api.w.org\/{rel}","templated":true}]}}