{"id":1381,"date":"2023-02-17T10:12:53","date_gmt":"2023-02-17T09:12:53","guid":{"rendered":"https:\/\/3mon.sk\/eshop\/?post_type=product&#038;p=1381"},"modified":"2026-01-16T11:15:00","modified_gmt":"2026-01-16T10:15:00","slug":"hydrantovy-ventil-s-polospojkou-d25","status":"publish","type":"product","link":"https:\/\/3mon.sk\/eshop\/produkt\/hydrantovy-ventil-s-polospojkou-d25\/","title":{"rendered":"Hydrantov\u00fd ventil s polospojkou D25"},"content":{"rendered":"<p>Tento hydrantov\u00fd ventil <strong>D25<\/strong> <strong>sl\u00fa\u017ei pre zariadenia z\u00e1sobovan\u00e9 po\u017eiarnou vodou tj. N\u00e1stenn\u00e9 hydranty, hadicov\u00e9 navijaky so splo\u0161tite\u013enou hadicou a in\u00e9 z\u00e1sobovanie po\u017eiarnej vodou pod\u013ea \u0161pecifick\u00fdch po\u017eiadaviek (po\u017eiarne potrubia a pod.).<\/strong> Jedn\u00e1 sa o vretenov\u00fd uzatv\u00e1rac\u00ed mechanizmus vn\u00fatri tela ventilu, ktor\u00fd je in\u0161talovan\u00fd v zariaden\u00ed pre z\u00e1sobovanie po\u017eiarnej vodou a oto\u010den\u00edm rukov\u00e4te mo\u017eno pr\u00edtok vody otvori\u0165, respekt\u00edve uzavrie\u0165.<\/p>\n<p>S\u00fa\u010das\u0165ou ventilu je aj pevn\u00e1 spojka D 25.<\/p>\n<p>Certifikovan\u00fd pod\u013ea EN 671-1, EN 671-2, ISO 5208<\/p>\n","protected":false},"excerpt":{"rendered":"<p>Tento hydrantov\u00fd ventil D25 sl\u00fa\u017ei pre zariadenia z\u00e1sobovan\u00e9 po\u017eiarnou vodou tj. N\u00e1stenn\u00e9 hydranty, hadicov\u00e9 navijaky so splo\u0161tite\u013enou hadicou a in\u00e9 z\u00e1sobovanie po\u017eiarnej vodou pod\u013ea \u0161pecifick\u00fdch po\u017eiadaviek (po\u017eiarne potrubia a pod.). Jedn\u00e1 sa o vretenov\u00fd uzatv\u00e1rac\u00ed mechanizmus vn\u00fatri tela ventilu, ktor\u00fd je in\u0161talovan\u00fd v zariaden\u00ed pre z\u00e1sobovanie po\u017eiarnej vodou a oto\u010den\u00edm rukov\u00e4te mo\u017eno pr\u00edtok vody otvori\u0165, [&hellip;]<\/p>\n","protected":false},"featured_media":1382,"comment_status":"open","ping_status":"closed","template":"","meta":{"_acf_changed":false,"_uf_show_specific_survey":0,"_uf_disable_surveys":false},"product_brand":[],"product_cat":[163,164],"product_tag":[171,168,162,160],"class_list":{"0":"post-1381","1":"product","2":"type-product","3":"status-publish","4":"has-post-thumbnail","6":"product_cat-hydrantove-systemy","7":"product_cat-ventily","8":"product_tag-d25","9":"product_tag-hydrantovy","10":"product_tag-mosadzny","11":"product_tag-ventil","12":"wcpa_has_options","14":"first","15":"instock","16":"taxable","17":"shipping-taxable","18":"purchasable","19":"product-type-simple"},"acf":[],"wcpa_form_fields":{"rules":{"pric_overide_base_price":false,"pric_overide_base_price_if_gt_zero":false,"pric_overide_base_price_fully":false,"pric_cal_option_once":false,"pric_use_as_fee":false,"bind_quantity":false,"quantity_bind_formula":false},"fields":[{"type":"text","elementId":"wcpa-text-1701694932704","label":"POZOR!","value":"Hasiace pr\u00edstroje pred\u00e1vame iba na osobn\u00fd odber, tlakov\u00e9 n\u00e1doby nie je mo\u017en\u00e9 zasiela\u0165 kuri\u00e9rom.","pricingType":"fixed","name":"text-1701694932704","subtype":"text","cl_rule":"show","col":6,"relations":false,"form_id":3854,"form_rules":{"pric_cal_option_once":false,"exclude_from_discount":false,"pric_use_as_fee":false,"fee_label":"Poplatok","render_after_acb":false,"disp_hide_options_price":false}}]},"yoast_head":"<!-- This site is optimized with the Yoast SEO plugin v27.1.1 - https:\/\/yoast.com\/product\/yoast-seo-wordpress\/ -->\n<title>Hydrantov\u00fd ventil s polospojkou D25 - 3MON Eshop<\/title>\n<meta name=\"robots\" content=\"index, follow, max-snippet:-1, max-image-preview:large, max-video-preview:-1\" \/>\n<link rel=\"canonical\" href=\"https:\/\/3mon.sk\/eshop\/produkt\/hydrantovy-ventil-s-polospojkou-d25\/\" \/>\n<meta property=\"og:locale\" content=\"sk_SK\" \/>\n<meta property=\"og:type\" content=\"article\" \/>\n<meta property=\"og:title\" content=\"Hydrantov\u00fd ventil s polospojkou D25 - 3MON Eshop\" \/>\n<meta property=\"og:description\" content=\"Tento hydrantov\u00fd ventil D25 sl\u00fa\u017ei pre zariadenia z\u00e1sobovan\u00e9 po\u017eiarnou vodou tj. N\u00e1stenn\u00e9 hydranty, hadicov\u00e9 navijaky so splo\u0161tite\u013enou hadicou a in\u00e9 z\u00e1sobovanie po\u017eiarnej vodou pod\u013ea \u0161pecifick\u00fdch po\u017eiadaviek (po\u017eiarne potrubia a pod.). Jedn\u00e1 sa o vretenov\u00fd uzatv\u00e1rac\u00ed mechanizmus vn\u00fatri tela ventilu, ktor\u00fd je in\u0161talovan\u00fd v zariaden\u00ed pre z\u00e1sobovanie po\u017eiarnej vodou a oto\u010den\u00edm rukov\u00e4te mo\u017eno pr\u00edtok vody otvori\u0165, [&hellip;]\" \/>\n<meta property=\"og:url\" content=\"https:\/\/3mon.sk\/eshop\/produkt\/hydrantovy-ventil-s-polospojkou-d25\/\" \/>\n<meta property=\"og:site_name\" content=\"3MON Eshop\" \/>\n<meta property=\"article:publisher\" content=\"https:\/\/www.facebook.com\/3MONsro\" \/>\n<meta property=\"article:modified_time\" content=\"2026-01-16T10:15:00+00:00\" \/>\n<meta property=\"og:image\" content=\"https:\/\/3mon.sk\/eshop\/wp-content\/uploads\/2023\/02\/Novy-projekt-8.jpg\" \/>\n\t<meta property=\"og:image:width\" content=\"1000\" \/>\n\t<meta property=\"og:image:height\" content=\"1000\" \/>\n\t<meta property=\"og:image:type\" content=\"image\/jpeg\" \/>\n<meta name=\"twitter:card\" content=\"summary_large_image\" \/>\n<meta name=\"twitter:label1\" content=\"Predpokladan\u00fd \u010das \u010d\u00edtania\" \/>\n\t<meta name=\"twitter:data1\" content=\"1 min\u00fata\" \/>\n<script type=\"application\/ld+json\" class=\"yoast-schema-graph\">{\"@context\":\"https:\/\/schema.org\",\"@graph\":[{\"@type\":\"WebPage\",\"@id\":\"https:\/\/3mon.sk\/eshop\/produkt\/hydrantovy-ventil-s-polospojkou-d25\/\",\"url\":\"https:\/\/3mon.sk\/eshop\/produkt\/hydrantovy-ventil-s-polospojkou-d25\/\",\"name\":\"Hydrantov\u00fd ventil s polospojkou D25 - 3MON Eshop\",\"isPartOf\":{\"@id\":\"https:\/\/3mon.sk\/eshop\/#website\"},\"primaryImageOfPage\":{\"@id\":\"https:\/\/3mon.sk\/eshop\/produkt\/hydrantovy-ventil-s-polospojkou-d25\/#primaryimage\"},\"image\":{\"@id\":\"https:\/\/3mon.sk\/eshop\/produkt\/hydrantovy-ventil-s-polospojkou-d25\/#primaryimage\"},\"thumbnailUrl\":\"https:\/\/3mon.sk\/eshop\/wp-content\/uploads\/2023\/02\/Novy-projekt-8.jpg\",\"datePublished\":\"2023-02-17T09:12:53+00:00\",\"dateModified\":\"2026-01-16T10:15:00+00:00\",\"breadcrumb\":{\"@id\":\"https:\/\/3mon.sk\/eshop\/produkt\/hydrantovy-ventil-s-polospojkou-d25\/#breadcrumb\"},\"inLanguage\":\"sk-SK\",\"potentialAction\":[{\"@type\":\"ReadAction\",\"target\":[\"https:\/\/3mon.sk\/eshop\/produkt\/hydrantovy-ventil-s-polospojkou-d25\/\"]}]},{\"@type\":\"ImageObject\",\"inLanguage\":\"sk-SK\",\"@id\":\"https:\/\/3mon.sk\/eshop\/produkt\/hydrantovy-ventil-s-polospojkou-d25\/#primaryimage\",\"url\":\"https:\/\/3mon.sk\/eshop\/wp-content\/uploads\/2023\/02\/Novy-projekt-8.jpg\",\"contentUrl\":\"https:\/\/3mon.sk\/eshop\/wp-content\/uploads\/2023\/02\/Novy-projekt-8.jpg\",\"width\":1000,\"height\":1000,\"caption\":\"Hydrantov\u00fd ventil s polospojkou D25 - hasenie.sk\"},{\"@type\":\"BreadcrumbList\",\"@id\":\"https:\/\/3mon.sk\/eshop\/produkt\/hydrantovy-ventil-s-polospojkou-d25\/#breadcrumb\",\"itemListElement\":[{\"@type\":\"ListItem\",\"position\":1,\"name\":\"Domovsk\u00e1 str\u00e1nka\",\"item\":\"https:\/\/3mon.sk\/eshop\/\"},{\"@type\":\"ListItem\",\"position\":2,\"name\":\"OBCHOD\",\"item\":\"https:\/\/3mon.sk\/eshop\/obchod\/\"},{\"@type\":\"ListItem\",\"position\":3,\"name\":\"Hydrantov\u00fd ventil s polospojkou D25\"}]},{\"@type\":\"WebSite\",\"@id\":\"https:\/\/3mon.sk\/eshop\/#website\",\"url\":\"https:\/\/3mon.sk\/eshop\/\",\"name\":\"3MON Eshop\",\"description\":\"\",\"publisher\":{\"@id\":\"https:\/\/3mon.sk\/eshop\/#organization\"},\"potentialAction\":[{\"@type\":\"SearchAction\",\"target\":{\"@type\":\"EntryPoint\",\"urlTemplate\":\"https:\/\/3mon.sk\/eshop\/?s={search_term_string}\"},\"query-input\":{\"@type\":\"PropertyValueSpecification\",\"valueRequired\":true,\"valueName\":\"search_term_string\"}}],\"inLanguage\":\"sk-SK\"},{\"@type\":\"Organization\",\"@id\":\"https:\/\/3mon.sk\/eshop\/#organization\",\"name\":\"3MON, s. r. o.\",\"url\":\"https:\/\/3mon.sk\/eshop\/\",\"logo\":{\"@type\":\"ImageObject\",\"inLanguage\":\"sk-SK\",\"@id\":\"https:\/\/3mon.sk\/eshop\/#\/schema\/logo\/image\/\",\"url\":\"https:\/\/3mon.sk\/eshop\/wp-content\/uploads\/2024\/06\/3mon_logo_new.png\",\"contentUrl\":\"https:\/\/3mon.sk\/eshop\/wp-content\/uploads\/2024\/06\/3mon_logo_new.png\",\"width\":656,\"height\":206,\"caption\":\"3MON, s. r. o.\"},\"image\":{\"@id\":\"https:\/\/3mon.sk\/eshop\/#\/schema\/logo\/image\/\"},\"sameAs\":[\"https:\/\/www.facebook.com\/3MONsro\",\"https:\/\/www.instagram.com\/3mon_rescue\/\"]}]}<\/script>\n<!-- \/ Yoast SEO plugin. -->","yoast_head_json":{"title":"Hydrantov\u00fd ventil s polospojkou D25 - 3MON Eshop","robots":{"index":"index","follow":"follow","max-snippet":"max-snippet:-1","max-image-preview":"max-image-preview:large","max-video-preview":"max-video-preview:-1"},"canonical":"https:\/\/3mon.sk\/eshop\/produkt\/hydrantovy-ventil-s-polospojkou-d25\/","og_locale":"sk_SK","og_type":"article","og_title":"Hydrantov\u00fd ventil s polospojkou D25 - 3MON Eshop","og_description":"Tento hydrantov\u00fd ventil D25 sl\u00fa\u017ei pre zariadenia z\u00e1sobovan\u00e9 po\u017eiarnou vodou tj. N\u00e1stenn\u00e9 hydranty, hadicov\u00e9 navijaky so splo\u0161tite\u013enou hadicou a in\u00e9 z\u00e1sobovanie po\u017eiarnej vodou pod\u013ea \u0161pecifick\u00fdch po\u017eiadaviek (po\u017eiarne potrubia a pod.). Jedn\u00e1 sa o vretenov\u00fd uzatv\u00e1rac\u00ed mechanizmus vn\u00fatri tela ventilu, ktor\u00fd je in\u0161talovan\u00fd v zariaden\u00ed pre z\u00e1sobovanie po\u017eiarnej vodou a oto\u010den\u00edm rukov\u00e4te mo\u017eno pr\u00edtok vody otvori\u0165, [&hellip;]","og_url":"https:\/\/3mon.sk\/eshop\/produkt\/hydrantovy-ventil-s-polospojkou-d25\/","og_site_name":"3MON Eshop","article_publisher":"https:\/\/www.facebook.com\/3MONsro","article_modified_time":"2026-01-16T10:15:00+00:00","og_image":[{"width":1000,"height":1000,"url":"https:\/\/3mon.sk\/eshop\/wp-content\/uploads\/2023\/02\/Novy-projekt-8.jpg","type":"image\/jpeg"}],"twitter_card":"summary_large_image","twitter_misc":{"Predpokladan\u00fd \u010das \u010d\u00edtania":"1 min\u00fata"},"schema":{"@context":"https:\/\/schema.org","@graph":[{"@type":"WebPage","@id":"https:\/\/3mon.sk\/eshop\/produkt\/hydrantovy-ventil-s-polospojkou-d25\/","url":"https:\/\/3mon.sk\/eshop\/produkt\/hydrantovy-ventil-s-polospojkou-d25\/","name":"Hydrantov\u00fd ventil s polospojkou D25 - 3MON Eshop","isPartOf":{"@id":"https:\/\/3mon.sk\/eshop\/#website"},"primaryImageOfPage":{"@id":"https:\/\/3mon.sk\/eshop\/produkt\/hydrantovy-ventil-s-polospojkou-d25\/#primaryimage"},"image":{"@id":"https:\/\/3mon.sk\/eshop\/produkt\/hydrantovy-ventil-s-polospojkou-d25\/#primaryimage"},"thumbnailUrl":"https:\/\/3mon.sk\/eshop\/wp-content\/uploads\/2023\/02\/Novy-projekt-8.jpg","datePublished":"2023-02-17T09:12:53+00:00","dateModified":"2026-01-16T10:15:00+00:00","breadcrumb":{"@id":"https:\/\/3mon.sk\/eshop\/produkt\/hydrantovy-ventil-s-polospojkou-d25\/#breadcrumb"},"inLanguage":"sk-SK","potentialAction":[{"@type":"ReadAction","target":["https:\/\/3mon.sk\/eshop\/produkt\/hydrantovy-ventil-s-polospojkou-d25\/"]}]},{"@type":"ImageObject","inLanguage":"sk-SK","@id":"https:\/\/3mon.sk\/eshop\/produkt\/hydrantovy-ventil-s-polospojkou-d25\/#primaryimage","url":"https:\/\/3mon.sk\/eshop\/wp-content\/uploads\/2023\/02\/Novy-projekt-8.jpg","contentUrl":"https:\/\/3mon.sk\/eshop\/wp-content\/uploads\/2023\/02\/Novy-projekt-8.jpg","width":1000,"height":1000,"caption":"Hydrantov\u00fd ventil s polospojkou D25 - hasenie.sk"},{"@type":"BreadcrumbList","@id":"https:\/\/3mon.sk\/eshop\/produkt\/hydrantovy-ventil-s-polospojkou-d25\/#breadcrumb","itemListElement":[{"@type":"ListItem","position":1,"name":"Domovsk\u00e1 str\u00e1nka","item":"https:\/\/3mon.sk\/eshop\/"},{"@type":"ListItem","position":2,"name":"OBCHOD","item":"https:\/\/3mon.sk\/eshop\/obchod\/"},{"@type":"ListItem","position":3,"name":"Hydrantov\u00fd ventil s polospojkou D25"}]},{"@type":"WebSite","@id":"https:\/\/3mon.sk\/eshop\/#website","url":"https:\/\/3mon.sk\/eshop\/","name":"3MON Eshop","description":"","publisher":{"@id":"https:\/\/3mon.sk\/eshop\/#organization"},"potentialAction":[{"@type":"SearchAction","target":{"@type":"EntryPoint","urlTemplate":"https:\/\/3mon.sk\/eshop\/?s={search_term_string}"},"query-input":{"@type":"PropertyValueSpecification","valueRequired":true,"valueName":"search_term_string"}}],"inLanguage":"sk-SK"},{"@type":"Organization","@id":"https:\/\/3mon.sk\/eshop\/#organization","name":"3MON, s. r. o.","url":"https:\/\/3mon.sk\/eshop\/","logo":{"@type":"ImageObject","inLanguage":"sk-SK","@id":"https:\/\/3mon.sk\/eshop\/#\/schema\/logo\/image\/","url":"https:\/\/3mon.sk\/eshop\/wp-content\/uploads\/2024\/06\/3mon_logo_new.png","contentUrl":"https:\/\/3mon.sk\/eshop\/wp-content\/uploads\/2024\/06\/3mon_logo_new.png","width":656,"height":206,"caption":"3MON, s. r. o."},"image":{"@id":"https:\/\/3mon.sk\/eshop\/#\/schema\/logo\/image\/"},"sameAs":["https:\/\/www.facebook.com\/3MONsro","https:\/\/www.instagram.com\/3mon_rescue\/"]}]}},"_links":{"self":[{"href":"https:\/\/3mon.sk\/eshop\/wp-json\/wp\/v2\/product\/1381","targetHints":{"allow":["GET"]}}],"collection":[{"href":"https:\/\/3mon.sk\/eshop\/wp-json\/wp\/v2\/product"}],"about":[{"href":"https:\/\/3mon.sk\/eshop\/wp-json\/wp\/v2\/types\/product"}],"replies":[{"embeddable":true,"href":"https:\/\/3mon.sk\/eshop\/wp-json\/wp\/v2\/comments?post=1381"}],"version-history":[{"count":2,"href":"https:\/\/3mon.sk\/eshop\/wp-json\/wp\/v2\/product\/1381\/revisions"}],"predecessor-version":[{"id":1384,"href":"https:\/\/3mon.sk\/eshop\/wp-json\/wp\/v2\/product\/1381\/revisions\/1384"}],"wp:featuredmedia":[{"embeddable":true,"href":"https:\/\/3mon.sk\/eshop\/wp-json\/wp\/v2\/media\/1382"}],"wp:attachment":[{"href":"https:\/\/3mon.sk\/eshop\/wp-json\/wp\/v2\/media?parent=1381"}],"wp:term":[{"taxonomy":"product_brand","embeddable":true,"href":"https:\/\/3mon.sk\/eshop\/wp-json\/wp\/v2\/product_brand?post=1381"},{"taxonomy":"product_cat","embeddable":true,"href":"https:\/\/3mon.sk\/eshop\/wp-json\/wp\/v2\/product_cat?post=1381"},{"taxonomy":"product_tag","embeddable":true,"href":"https:\/\/3mon.sk\/eshop\/wp-json\/wp\/v2\/product_tag?post=1381"}],"curies":[{"name":"wp","href":"https:\/\/api.w.org\/{rel}","templated":true}]}}