{"id":1212,"date":"2023-02-10T14:14:53","date_gmt":"2023-02-10T13:14:53","guid":{"rendered":"https:\/\/3mon.sk\/eshop\/?post_type=product&#038;p=1212"},"modified":"2026-02-04T14:17:44","modified_gmt":"2026-02-04T13:17:44","slug":"drziak-na-hasiaci-pristroj-standardny","status":"publish","type":"product","link":"https:\/\/3mon.sk\/eshop\/produkt\/drziak-na-hasiaci-pristroj-standardny\/","title":{"rendered":"Dr\u017eiak na hasiaci pr\u00edstroj &#8211; \u0160tandard"},"content":{"rendered":"<p>Kovov\u00fd dr\u017eiak vhodn\u00fd vhodn\u00fd pre: 4\/6\/9 kg pr\u00e1\u0161kov\u00fd, 6 l penov\u00fd hasiaci pr\u00edstroj.<\/p>\n<p>Pre typ: P4 \u010ce, P6 \u010ce \/ P6 \u010ce 2, P9 \u010ce<\/p>\n<p><strong>Pre\u010do si dr\u017eiak zaobstara\u0165?<\/strong><\/p>\n<p>Dr\u017eiak na hasiaci pr\u00edstroj sl\u00fa\u017ei na upevnenie pr\u00edstroja na stenu alebo do boxu.<\/p>\n<p><strong>Kam je dr\u017eiak vhodn\u00fd?<\/strong><\/p>\n<p>Je vhodn\u00fd do interi\u00e9rov a exteri\u00e9rov.<\/p>\n<p><strong>\u00a0<\/strong><strong>Ako dr\u017eiak in\u0161talova\u0165?<\/strong><\/p>\n<p>Je opatren\u00fd otvormi na skrutky pre \u013eahk\u00fa manipul\u00e1ciu a samozrejme mont\u00e1\u017e. N\u00e1sledne sa na\u0148 m\u00f4\u017ee nain\u0161talova\u0165 hasiaci pr\u00edstroj, ktor\u00fd sa uchyt\u00e1va na f\u013ea\u0161e.<\/p>\n<p><strong>\u00a0<\/strong><strong>\u010co v\u0161etko balenie obsahuje?<\/strong><\/p>\n<p>Balenie obsahuje kovov\u00fd dr\u017eiak s otvormi na skrutky vhodn\u00fd na umiestnenie 4, 6 alebo 9 kg pr\u00e1\u0161kov\u00e9ho, 6 l penov\u00e9ho hasiaceho pr\u00edstroja.<\/p>\n","protected":false},"excerpt":{"rendered":"<p>Kovov\u00fd dr\u017eiak vhodn\u00fd vhodn\u00fd pre: 4\/6\/9 kg pr\u00e1\u0161kov\u00fd, 6 l penov\u00fd hasiaci pr\u00edstroj. Pre typ: P4 \u010ce, P6 \u010ce \/ P6 \u010ce 2, P9 \u010ce Pre\u010do si dr\u017eiak zaobstara\u0165? Dr\u017eiak na hasiaci pr\u00edstroj sl\u00fa\u017ei na upevnenie pr\u00edstroja na stenu alebo do boxu. Kam je dr\u017eiak vhodn\u00fd? Je vhodn\u00fd do interi\u00e9rov a exteri\u00e9rov. \u00a0Ako dr\u017eiak in\u0161talova\u0165? [&hellip;]<\/p>\n","protected":false},"featured_media":1225,"comment_status":"open","ping_status":"closed","template":"","meta":{"_acf_changed":false,"_uf_show_specific_survey":0,"_uf_disable_surveys":false},"product_brand":[],"product_cat":[88],"product_tag":[201],"class_list":{"0":"post-1212","1":"product","2":"type-product","3":"status-publish","4":"has-post-thumbnail","6":"product_cat-drziaky-na-hasiace-pristroje","7":"product_tag-drziak","9":"first","10":"outofstock","11":"taxable","12":"shipping-taxable","13":"purchasable","14":"product-type-simple"},"acf":[],"wcpa_form_fields":null,"yoast_head":"<!-- This site is optimized with the Yoast SEO plugin v27.1.1 - https:\/\/yoast.com\/product\/yoast-seo-wordpress\/ -->\n<title>Dr\u017eiak na hasiaci pr\u00edstroj - \u0160tandard - 3MON Eshop<\/title>\n<meta name=\"robots\" content=\"index, follow, max-snippet:-1, max-image-preview:large, max-video-preview:-1\" \/>\n<link rel=\"canonical\" href=\"https:\/\/3mon.sk\/eshop\/produkt\/drziak-na-hasiaci-pristroj-standardny\/\" \/>\n<meta property=\"og:locale\" content=\"sk_SK\" \/>\n<meta property=\"og:type\" content=\"article\" \/>\n<meta property=\"og:title\" content=\"Dr\u017eiak na hasiaci pr\u00edstroj - \u0160tandard - 3MON Eshop\" \/>\n<meta property=\"og:description\" content=\"Kovov\u00fd dr\u017eiak vhodn\u00fd vhodn\u00fd pre: 4\/6\/9 kg pr\u00e1\u0161kov\u00fd, 6 l penov\u00fd hasiaci pr\u00edstroj. Pre typ: P4 \u010ce, P6 \u010ce \/ P6 \u010ce 2, P9 \u010ce Pre\u010do si dr\u017eiak zaobstara\u0165? Dr\u017eiak na hasiaci pr\u00edstroj sl\u00fa\u017ei na upevnenie pr\u00edstroja na stenu alebo do boxu. Kam je dr\u017eiak vhodn\u00fd? Je vhodn\u00fd do interi\u00e9rov a exteri\u00e9rov. \u00a0Ako dr\u017eiak in\u0161talova\u0165? [&hellip;]\" \/>\n<meta property=\"og:url\" content=\"https:\/\/3mon.sk\/eshop\/produkt\/drziak-na-hasiaci-pristroj-standardny\/\" \/>\n<meta property=\"og:site_name\" content=\"3MON Eshop\" \/>\n<meta property=\"article:publisher\" content=\"https:\/\/www.facebook.com\/3MONsro\" \/>\n<meta property=\"article:modified_time\" content=\"2026-02-04T13:17:44+00:00\" \/>\n<meta property=\"og:image\" content=\"https:\/\/3mon.sk\/eshop\/wp-content\/uploads\/2023\/02\/Novy-projekt-1.jpg\" \/>\n\t<meta property=\"og:image:width\" content=\"1000\" \/>\n\t<meta property=\"og:image:height\" content=\"1000\" \/>\n\t<meta property=\"og:image:type\" content=\"image\/jpeg\" \/>\n<meta name=\"twitter:card\" content=\"summary_large_image\" \/>\n<meta name=\"twitter:label1\" content=\"Predpokladan\u00fd \u010das \u010d\u00edtania\" \/>\n\t<meta name=\"twitter:data1\" content=\"1 min\u00fata\" \/>\n<script type=\"application\/ld+json\" class=\"yoast-schema-graph\">{\"@context\":\"https:\/\/schema.org\",\"@graph\":[{\"@type\":\"WebPage\",\"@id\":\"https:\/\/3mon.sk\/eshop\/produkt\/drziak-na-hasiaci-pristroj-standardny\/\",\"url\":\"https:\/\/3mon.sk\/eshop\/produkt\/drziak-na-hasiaci-pristroj-standardny\/\",\"name\":\"Dr\u017eiak na hasiaci pr\u00edstroj - \u0160tandard - 3MON Eshop\",\"isPartOf\":{\"@id\":\"https:\/\/3mon.sk\/eshop\/#website\"},\"primaryImageOfPage\":{\"@id\":\"https:\/\/3mon.sk\/eshop\/produkt\/drziak-na-hasiaci-pristroj-standardny\/#primaryimage\"},\"image\":{\"@id\":\"https:\/\/3mon.sk\/eshop\/produkt\/drziak-na-hasiaci-pristroj-standardny\/#primaryimage\"},\"thumbnailUrl\":\"https:\/\/3mon.sk\/eshop\/wp-content\/uploads\/2023\/02\/Novy-projekt-1.jpg\",\"datePublished\":\"2023-02-10T13:14:53+00:00\",\"dateModified\":\"2026-02-04T13:17:44+00:00\",\"breadcrumb\":{\"@id\":\"https:\/\/3mon.sk\/eshop\/produkt\/drziak-na-hasiaci-pristroj-standardny\/#breadcrumb\"},\"inLanguage\":\"sk-SK\",\"potentialAction\":[{\"@type\":\"ReadAction\",\"target\":[\"https:\/\/3mon.sk\/eshop\/produkt\/drziak-na-hasiaci-pristroj-standardny\/\"]}]},{\"@type\":\"ImageObject\",\"inLanguage\":\"sk-SK\",\"@id\":\"https:\/\/3mon.sk\/eshop\/produkt\/drziak-na-hasiaci-pristroj-standardny\/#primaryimage\",\"url\":\"https:\/\/3mon.sk\/eshop\/wp-content\/uploads\/2023\/02\/Novy-projekt-1.jpg\",\"contentUrl\":\"https:\/\/3mon.sk\/eshop\/wp-content\/uploads\/2023\/02\/Novy-projekt-1.jpg\",\"width\":1000,\"height\":1000,\"caption\":\"Dr\u017eiak na hasiaci pr\u00edstroj - \u0160tandard - hasenie.sk\"},{\"@type\":\"BreadcrumbList\",\"@id\":\"https:\/\/3mon.sk\/eshop\/produkt\/drziak-na-hasiaci-pristroj-standardny\/#breadcrumb\",\"itemListElement\":[{\"@type\":\"ListItem\",\"position\":1,\"name\":\"Domovsk\u00e1 str\u00e1nka\",\"item\":\"https:\/\/3mon.sk\/eshop\/\"},{\"@type\":\"ListItem\",\"position\":2,\"name\":\"OBCHOD\",\"item\":\"https:\/\/3mon.sk\/eshop\/obchod\/\"},{\"@type\":\"ListItem\",\"position\":3,\"name\":\"Dr\u017eiak na hasiaci pr\u00edstroj &#8211; \u0160tandard\"}]},{\"@type\":\"WebSite\",\"@id\":\"https:\/\/3mon.sk\/eshop\/#website\",\"url\":\"https:\/\/3mon.sk\/eshop\/\",\"name\":\"3MON Eshop\",\"description\":\"\",\"publisher\":{\"@id\":\"https:\/\/3mon.sk\/eshop\/#organization\"},\"potentialAction\":[{\"@type\":\"SearchAction\",\"target\":{\"@type\":\"EntryPoint\",\"urlTemplate\":\"https:\/\/3mon.sk\/eshop\/?s={search_term_string}\"},\"query-input\":{\"@type\":\"PropertyValueSpecification\",\"valueRequired\":true,\"valueName\":\"search_term_string\"}}],\"inLanguage\":\"sk-SK\"},{\"@type\":\"Organization\",\"@id\":\"https:\/\/3mon.sk\/eshop\/#organization\",\"name\":\"3MON, s. r. o.\",\"url\":\"https:\/\/3mon.sk\/eshop\/\",\"logo\":{\"@type\":\"ImageObject\",\"inLanguage\":\"sk-SK\",\"@id\":\"https:\/\/3mon.sk\/eshop\/#\/schema\/logo\/image\/\",\"url\":\"https:\/\/3mon.sk\/eshop\/wp-content\/uploads\/2024\/06\/3mon_logo_new.png\",\"contentUrl\":\"https:\/\/3mon.sk\/eshop\/wp-content\/uploads\/2024\/06\/3mon_logo_new.png\",\"width\":656,\"height\":206,\"caption\":\"3MON, s. r. o.\"},\"image\":{\"@id\":\"https:\/\/3mon.sk\/eshop\/#\/schema\/logo\/image\/\"},\"sameAs\":[\"https:\/\/www.facebook.com\/3MONsro\",\"https:\/\/www.instagram.com\/3mon_rescue\/\"]}]}<\/script>\n<!-- \/ Yoast SEO plugin. -->","yoast_head_json":{"title":"Dr\u017eiak na hasiaci pr\u00edstroj - \u0160tandard - 3MON Eshop","robots":{"index":"index","follow":"follow","max-snippet":"max-snippet:-1","max-image-preview":"max-image-preview:large","max-video-preview":"max-video-preview:-1"},"canonical":"https:\/\/3mon.sk\/eshop\/produkt\/drziak-na-hasiaci-pristroj-standardny\/","og_locale":"sk_SK","og_type":"article","og_title":"Dr\u017eiak na hasiaci pr\u00edstroj - \u0160tandard - 3MON Eshop","og_description":"Kovov\u00fd dr\u017eiak vhodn\u00fd vhodn\u00fd pre: 4\/6\/9 kg pr\u00e1\u0161kov\u00fd, 6 l penov\u00fd hasiaci pr\u00edstroj. Pre typ: P4 \u010ce, P6 \u010ce \/ P6 \u010ce 2, P9 \u010ce Pre\u010do si dr\u017eiak zaobstara\u0165? Dr\u017eiak na hasiaci pr\u00edstroj sl\u00fa\u017ei na upevnenie pr\u00edstroja na stenu alebo do boxu. Kam je dr\u017eiak vhodn\u00fd? Je vhodn\u00fd do interi\u00e9rov a exteri\u00e9rov. \u00a0Ako dr\u017eiak in\u0161talova\u0165? [&hellip;]","og_url":"https:\/\/3mon.sk\/eshop\/produkt\/drziak-na-hasiaci-pristroj-standardny\/","og_site_name":"3MON Eshop","article_publisher":"https:\/\/www.facebook.com\/3MONsro","article_modified_time":"2026-02-04T13:17:44+00:00","og_image":[{"width":1000,"height":1000,"url":"https:\/\/3mon.sk\/eshop\/wp-content\/uploads\/2023\/02\/Novy-projekt-1.jpg","type":"image\/jpeg"}],"twitter_card":"summary_large_image","twitter_misc":{"Predpokladan\u00fd \u010das \u010d\u00edtania":"1 min\u00fata"},"schema":{"@context":"https:\/\/schema.org","@graph":[{"@type":"WebPage","@id":"https:\/\/3mon.sk\/eshop\/produkt\/drziak-na-hasiaci-pristroj-standardny\/","url":"https:\/\/3mon.sk\/eshop\/produkt\/drziak-na-hasiaci-pristroj-standardny\/","name":"Dr\u017eiak na hasiaci pr\u00edstroj - \u0160tandard - 3MON Eshop","isPartOf":{"@id":"https:\/\/3mon.sk\/eshop\/#website"},"primaryImageOfPage":{"@id":"https:\/\/3mon.sk\/eshop\/produkt\/drziak-na-hasiaci-pristroj-standardny\/#primaryimage"},"image":{"@id":"https:\/\/3mon.sk\/eshop\/produkt\/drziak-na-hasiaci-pristroj-standardny\/#primaryimage"},"thumbnailUrl":"https:\/\/3mon.sk\/eshop\/wp-content\/uploads\/2023\/02\/Novy-projekt-1.jpg","datePublished":"2023-02-10T13:14:53+00:00","dateModified":"2026-02-04T13:17:44+00:00","breadcrumb":{"@id":"https:\/\/3mon.sk\/eshop\/produkt\/drziak-na-hasiaci-pristroj-standardny\/#breadcrumb"},"inLanguage":"sk-SK","potentialAction":[{"@type":"ReadAction","target":["https:\/\/3mon.sk\/eshop\/produkt\/drziak-na-hasiaci-pristroj-standardny\/"]}]},{"@type":"ImageObject","inLanguage":"sk-SK","@id":"https:\/\/3mon.sk\/eshop\/produkt\/drziak-na-hasiaci-pristroj-standardny\/#primaryimage","url":"https:\/\/3mon.sk\/eshop\/wp-content\/uploads\/2023\/02\/Novy-projekt-1.jpg","contentUrl":"https:\/\/3mon.sk\/eshop\/wp-content\/uploads\/2023\/02\/Novy-projekt-1.jpg","width":1000,"height":1000,"caption":"Dr\u017eiak na hasiaci pr\u00edstroj - \u0160tandard - hasenie.sk"},{"@type":"BreadcrumbList","@id":"https:\/\/3mon.sk\/eshop\/produkt\/drziak-na-hasiaci-pristroj-standardny\/#breadcrumb","itemListElement":[{"@type":"ListItem","position":1,"name":"Domovsk\u00e1 str\u00e1nka","item":"https:\/\/3mon.sk\/eshop\/"},{"@type":"ListItem","position":2,"name":"OBCHOD","item":"https:\/\/3mon.sk\/eshop\/obchod\/"},{"@type":"ListItem","position":3,"name":"Dr\u017eiak na hasiaci pr\u00edstroj &#8211; \u0160tandard"}]},{"@type":"WebSite","@id":"https:\/\/3mon.sk\/eshop\/#website","url":"https:\/\/3mon.sk\/eshop\/","name":"3MON Eshop","description":"","publisher":{"@id":"https:\/\/3mon.sk\/eshop\/#organization"},"potentialAction":[{"@type":"SearchAction","target":{"@type":"EntryPoint","urlTemplate":"https:\/\/3mon.sk\/eshop\/?s={search_term_string}"},"query-input":{"@type":"PropertyValueSpecification","valueRequired":true,"valueName":"search_term_string"}}],"inLanguage":"sk-SK"},{"@type":"Organization","@id":"https:\/\/3mon.sk\/eshop\/#organization","name":"3MON, s. r. o.","url":"https:\/\/3mon.sk\/eshop\/","logo":{"@type":"ImageObject","inLanguage":"sk-SK","@id":"https:\/\/3mon.sk\/eshop\/#\/schema\/logo\/image\/","url":"https:\/\/3mon.sk\/eshop\/wp-content\/uploads\/2024\/06\/3mon_logo_new.png","contentUrl":"https:\/\/3mon.sk\/eshop\/wp-content\/uploads\/2024\/06\/3mon_logo_new.png","width":656,"height":206,"caption":"3MON, s. r. o."},"image":{"@id":"https:\/\/3mon.sk\/eshop\/#\/schema\/logo\/image\/"},"sameAs":["https:\/\/www.facebook.com\/3MONsro","https:\/\/www.instagram.com\/3mon_rescue\/"]}]}},"_links":{"self":[{"href":"https:\/\/3mon.sk\/eshop\/wp-json\/wp\/v2\/product\/1212","targetHints":{"allow":["GET"]}}],"collection":[{"href":"https:\/\/3mon.sk\/eshop\/wp-json\/wp\/v2\/product"}],"about":[{"href":"https:\/\/3mon.sk\/eshop\/wp-json\/wp\/v2\/types\/product"}],"replies":[{"embeddable":true,"href":"https:\/\/3mon.sk\/eshop\/wp-json\/wp\/v2\/comments?post=1212"}],"version-history":[{"count":5,"href":"https:\/\/3mon.sk\/eshop\/wp-json\/wp\/v2\/product\/1212\/revisions"}],"predecessor-version":[{"id":3851,"href":"https:\/\/3mon.sk\/eshop\/wp-json\/wp\/v2\/product\/1212\/revisions\/3851"}],"wp:featuredmedia":[{"embeddable":true,"href":"https:\/\/3mon.sk\/eshop\/wp-json\/wp\/v2\/media\/1225"}],"wp:attachment":[{"href":"https:\/\/3mon.sk\/eshop\/wp-json\/wp\/v2\/media?parent=1212"}],"wp:term":[{"taxonomy":"product_brand","embeddable":true,"href":"https:\/\/3mon.sk\/eshop\/wp-json\/wp\/v2\/product_brand?post=1212"},{"taxonomy":"product_cat","embeddable":true,"href":"https:\/\/3mon.sk\/eshop\/wp-json\/wp\/v2\/product_cat?post=1212"},{"taxonomy":"product_tag","embeddable":true,"href":"https:\/\/3mon.sk\/eshop\/wp-json\/wp\/v2\/product_tag?post=1212"}],"curies":[{"name":"wp","href":"https:\/\/api.w.org\/{rel}","templated":true}]}}