{"id":1102,"date":"2023-02-07T10:24:33","date_gmt":"2023-02-07T09:24:33","guid":{"rendered":"https:\/\/3mon.sk\/eshop\/?post_type=product&#038;p=1102"},"modified":"2026-04-26T17:08:44","modified_gmt":"2026-04-26T15:08:44","slug":"sorbent-spilkeen-plus-10-kg-absor-pce-benzinu-nafty-motoroveho-oleje","status":"publish","type":"product","link":"https:\/\/3mon.sk\/eshop\/produkt\/sorbent-spilkeen-plus-10-kg-absor-pce-benzinu-nafty-motoroveho-oleje\/","title":{"rendered":"Sorbent Spilkeen Plus 10 kg"},"content":{"rendered":"<p><strong>Sorbent Spikleen 10 kg<\/strong>\u00a0je k dostaniu v\u00a0<strong>sypkej a m\u00e4kk\u00e9 podobe,<\/strong>\u00a0ktor\u00e1\u00a0<strong>nepo\u0161kriabe podlahu.<\/strong>\u00a0T\u00e1to zmes je\u00a0<strong>biologicky odb\u00farate\u013en\u00e1 a sp\u00e1lite\u013en\u00e1.<\/strong>\u00a0\u010eal\u0161ou ve\u013ekou v\u00fdhodou je\u00a0<strong>n\u00edzka pra\u0161nos\u0165<\/strong>\u00a0a fakt, \u017ee\u00a0<strong>nefarb\u00ed a nezanech\u00e1va tak farebn\u00e9 \u0161kvrny. <\/strong>Taktie\u017e absorbuje<strong> benz\u00edn , naftu a motorov\u00fd olej.<\/strong><\/p>\n<p><strong>Asfaltov\u00e9 alebo bet\u00f3nov\u00e9 plochy<\/strong>\u00a0zostan\u00fa po aplik\u00e1cii sorbentu\u00a0<strong>dokonale such\u00e9,<\/strong>\u00a0a preto je u\u017e d\u00e1vno\u00a0<strong>vyu\u017e\u00edvan\u00fd hasi\u010dsk\u00fdmi z\u00e1chrann\u00fdmi zbormi<\/strong>\u00a0pri likvid\u00e1cii \u00fanikov kvapal\u00edn pri dopravn\u00fdch nehod\u00e1ch.<\/p>\n<p>Je vhodn\u00fd k upratovaniu:<\/p>\n<ul>\n<li><strong>nebezpe\u010dn\u00fdch kvapal\u00edn<\/strong><\/li>\n<li><strong>tukov a olejov<\/strong><\/li>\n<li><strong>ropn\u00fdch l\u00e1tok<\/strong><\/li>\n<li><strong><strong>vody a vodn\u00fdch roztokov<\/strong><\/strong><\/li>\n<\/ul>\n<p>Sorbent\u00a0<strong>nemo\u017eno pou\u017ei\u0165 pre likvid\u00e1ciu \u00faniku kyseliny fluorovod\u00edkovej a vysoko koncentrovan\u00fdch roztokov hydroxidu sodn\u00e9ho<\/strong>\u00a0(nad 50%).<\/p>\n","protected":false},"excerpt":{"rendered":"<p>Sorbent Spikleen 10 kg\u00a0je k dostaniu v\u00a0sypkej a m\u00e4kk\u00e9 podobe,\u00a0ktor\u00e1\u00a0nepo\u0161kriabe podlahu.\u00a0T\u00e1to zmes je\u00a0biologicky odb\u00farate\u013en\u00e1 a sp\u00e1lite\u013en\u00e1.\u00a0\u010eal\u0161ou ve\u013ekou v\u00fdhodou je\u00a0n\u00edzka pra\u0161nos\u0165\u00a0a fakt, \u017ee\u00a0nefarb\u00ed a nezanech\u00e1va tak farebn\u00e9 \u0161kvrny. Taktie\u017e absorbuje benz\u00edn , naftu a motorov\u00fd olej. Asfaltov\u00e9 alebo bet\u00f3nov\u00e9 plochy\u00a0zostan\u00fa po aplik\u00e1cii sorbentu\u00a0dokonale such\u00e9,\u00a0a preto je u\u017e d\u00e1vno\u00a0vyu\u017e\u00edvan\u00fd hasi\u010dsk\u00fdmi z\u00e1chrann\u00fdmi zbormi\u00a0pri likvid\u00e1cii \u00fanikov kvapal\u00edn pri dopravn\u00fdch [&hellip;]<\/p>\n","protected":false},"featured_media":1103,"comment_status":"open","ping_status":"closed","template":"","meta":{"_acf_changed":false,"_uf_show_specific_survey":0,"_uf_disable_surveys":false},"product_brand":[],"product_cat":[46,90],"product_tag":[185,199,200],"class_list":{"0":"post-1102","1":"product","2":"type-product","3":"status-publish","4":"has-post-thumbnail","6":"product_cat-ostatne-hasiace-prostriedky","7":"product_cat-sorbenty","8":"product_tag-10kg","9":"product_tag-sorbent","10":"product_tag-spilkeen-plus","12":"first","13":"onbackorder","14":"taxable","15":"shipping-taxable","16":"purchasable","17":"product-type-simple"},"acf":[],"wcpa_form_fields":null,"yoast_head":"<!-- This site is optimized with the Yoast SEO plugin v27.1.1 - https:\/\/yoast.com\/product\/yoast-seo-wordpress\/ -->\n<title>Sorbent Spilkeen Plus 10 kg - 3MON Eshop<\/title>\n<meta name=\"robots\" content=\"index, follow, max-snippet:-1, max-image-preview:large, max-video-preview:-1\" \/>\n<link rel=\"canonical\" href=\"https:\/\/3mon.sk\/eshop\/produkt\/sorbent-spilkeen-plus-10-kg-absor-pce-benzinu-nafty-motoroveho-oleje\/\" \/>\n<meta property=\"og:locale\" content=\"sk_SK\" \/>\n<meta property=\"og:type\" content=\"article\" \/>\n<meta property=\"og:title\" content=\"Sorbent Spilkeen Plus 10 kg - 3MON Eshop\" \/>\n<meta property=\"og:description\" content=\"Sorbent Spikleen 10 kg\u00a0je k dostaniu v\u00a0sypkej a m\u00e4kk\u00e9 podobe,\u00a0ktor\u00e1\u00a0nepo\u0161kriabe podlahu.\u00a0T\u00e1to zmes je\u00a0biologicky odb\u00farate\u013en\u00e1 a sp\u00e1lite\u013en\u00e1.\u00a0\u010eal\u0161ou ve\u013ekou v\u00fdhodou je\u00a0n\u00edzka pra\u0161nos\u0165\u00a0a fakt, \u017ee\u00a0nefarb\u00ed a nezanech\u00e1va tak farebn\u00e9 \u0161kvrny. Taktie\u017e absorbuje benz\u00edn , naftu a motorov\u00fd olej. Asfaltov\u00e9 alebo bet\u00f3nov\u00e9 plochy\u00a0zostan\u00fa po aplik\u00e1cii sorbentu\u00a0dokonale such\u00e9,\u00a0a preto je u\u017e d\u00e1vno\u00a0vyu\u017e\u00edvan\u00fd hasi\u010dsk\u00fdmi z\u00e1chrann\u00fdmi zbormi\u00a0pri likvid\u00e1cii \u00fanikov kvapal\u00edn pri dopravn\u00fdch [&hellip;]\" \/>\n<meta property=\"og:url\" content=\"https:\/\/3mon.sk\/eshop\/produkt\/sorbent-spilkeen-plus-10-kg-absor-pce-benzinu-nafty-motoroveho-oleje\/\" \/>\n<meta property=\"og:site_name\" content=\"3MON Eshop\" \/>\n<meta property=\"article:publisher\" content=\"https:\/\/www.facebook.com\/3MONsro\" \/>\n<meta property=\"article:modified_time\" content=\"2026-04-26T15:08:44+00:00\" \/>\n<meta property=\"og:image\" content=\"https:\/\/3mon.sk\/eshop\/wp-content\/uploads\/2023\/02\/702_3042.jpg\" \/>\n\t<meta property=\"og:image:width\" content=\"480\" \/>\n\t<meta property=\"og:image:height\" content=\"480\" \/>\n\t<meta property=\"og:image:type\" content=\"image\/jpeg\" \/>\n<meta name=\"twitter:card\" content=\"summary_large_image\" \/>\n<meta name=\"twitter:label1\" content=\"Predpokladan\u00fd \u010das \u010d\u00edtania\" \/>\n\t<meta name=\"twitter:data1\" content=\"1 min\u00fata\" \/>\n<script type=\"application\/ld+json\" class=\"yoast-schema-graph\">{\"@context\":\"https:\/\/schema.org\",\"@graph\":[{\"@type\":\"WebPage\",\"@id\":\"https:\/\/3mon.sk\/eshop\/produkt\/sorbent-spilkeen-plus-10-kg-absor-pce-benzinu-nafty-motoroveho-oleje\/\",\"url\":\"https:\/\/3mon.sk\/eshop\/produkt\/sorbent-spilkeen-plus-10-kg-absor-pce-benzinu-nafty-motoroveho-oleje\/\",\"name\":\"Sorbent Spilkeen Plus 10 kg - 3MON Eshop\",\"isPartOf\":{\"@id\":\"https:\/\/3mon.sk\/eshop\/#website\"},\"primaryImageOfPage\":{\"@id\":\"https:\/\/3mon.sk\/eshop\/produkt\/sorbent-spilkeen-plus-10-kg-absor-pce-benzinu-nafty-motoroveho-oleje\/#primaryimage\"},\"image\":{\"@id\":\"https:\/\/3mon.sk\/eshop\/produkt\/sorbent-spilkeen-plus-10-kg-absor-pce-benzinu-nafty-motoroveho-oleje\/#primaryimage\"},\"thumbnailUrl\":\"https:\/\/3mon.sk\/eshop\/wp-content\/uploads\/2023\/02\/702_3042.jpg\",\"datePublished\":\"2023-02-07T09:24:33+00:00\",\"dateModified\":\"2026-04-26T15:08:44+00:00\",\"breadcrumb\":{\"@id\":\"https:\/\/3mon.sk\/eshop\/produkt\/sorbent-spilkeen-plus-10-kg-absor-pce-benzinu-nafty-motoroveho-oleje\/#breadcrumb\"},\"inLanguage\":\"sk-SK\",\"potentialAction\":[{\"@type\":\"ReadAction\",\"target\":[\"https:\/\/3mon.sk\/eshop\/produkt\/sorbent-spilkeen-plus-10-kg-absor-pce-benzinu-nafty-motoroveho-oleje\/\"]}]},{\"@type\":\"ImageObject\",\"inLanguage\":\"sk-SK\",\"@id\":\"https:\/\/3mon.sk\/eshop\/produkt\/sorbent-spilkeen-plus-10-kg-absor-pce-benzinu-nafty-motoroveho-oleje\/#primaryimage\",\"url\":\"https:\/\/3mon.sk\/eshop\/wp-content\/uploads\/2023\/02\/702_3042.jpg\",\"contentUrl\":\"https:\/\/3mon.sk\/eshop\/wp-content\/uploads\/2023\/02\/702_3042.jpg\",\"width\":480,\"height\":480,\"caption\":\"Sorbent Spilkeen Plus 10 kg - hasenie.sk\"},{\"@type\":\"BreadcrumbList\",\"@id\":\"https:\/\/3mon.sk\/eshop\/produkt\/sorbent-spilkeen-plus-10-kg-absor-pce-benzinu-nafty-motoroveho-oleje\/#breadcrumb\",\"itemListElement\":[{\"@type\":\"ListItem\",\"position\":1,\"name\":\"Domovsk\u00e1 str\u00e1nka\",\"item\":\"https:\/\/3mon.sk\/eshop\/\"},{\"@type\":\"ListItem\",\"position\":2,\"name\":\"OBCHOD\",\"item\":\"https:\/\/3mon.sk\/eshop\/obchod\/\"},{\"@type\":\"ListItem\",\"position\":3,\"name\":\"Sorbent Spilkeen Plus 10 kg\"}]},{\"@type\":\"WebSite\",\"@id\":\"https:\/\/3mon.sk\/eshop\/#website\",\"url\":\"https:\/\/3mon.sk\/eshop\/\",\"name\":\"3MON Eshop\",\"description\":\"\",\"publisher\":{\"@id\":\"https:\/\/3mon.sk\/eshop\/#organization\"},\"potentialAction\":[{\"@type\":\"SearchAction\",\"target\":{\"@type\":\"EntryPoint\",\"urlTemplate\":\"https:\/\/3mon.sk\/eshop\/?s={search_term_string}\"},\"query-input\":{\"@type\":\"PropertyValueSpecification\",\"valueRequired\":true,\"valueName\":\"search_term_string\"}}],\"inLanguage\":\"sk-SK\"},{\"@type\":\"Organization\",\"@id\":\"https:\/\/3mon.sk\/eshop\/#organization\",\"name\":\"3MON, s. r. o.\",\"url\":\"https:\/\/3mon.sk\/eshop\/\",\"logo\":{\"@type\":\"ImageObject\",\"inLanguage\":\"sk-SK\",\"@id\":\"https:\/\/3mon.sk\/eshop\/#\/schema\/logo\/image\/\",\"url\":\"https:\/\/3mon.sk\/eshop\/wp-content\/uploads\/2024\/06\/3mon_logo_new.png\",\"contentUrl\":\"https:\/\/3mon.sk\/eshop\/wp-content\/uploads\/2024\/06\/3mon_logo_new.png\",\"width\":656,\"height\":206,\"caption\":\"3MON, s. r. o.\"},\"image\":{\"@id\":\"https:\/\/3mon.sk\/eshop\/#\/schema\/logo\/image\/\"},\"sameAs\":[\"https:\/\/www.facebook.com\/3MONsro\",\"https:\/\/www.instagram.com\/3mon_rescue\/\"]}]}<\/script>\n<!-- \/ Yoast SEO plugin. -->","yoast_head_json":{"title":"Sorbent Spilkeen Plus 10 kg - 3MON Eshop","robots":{"index":"index","follow":"follow","max-snippet":"max-snippet:-1","max-image-preview":"max-image-preview:large","max-video-preview":"max-video-preview:-1"},"canonical":"https:\/\/3mon.sk\/eshop\/produkt\/sorbent-spilkeen-plus-10-kg-absor-pce-benzinu-nafty-motoroveho-oleje\/","og_locale":"sk_SK","og_type":"article","og_title":"Sorbent Spilkeen Plus 10 kg - 3MON Eshop","og_description":"Sorbent Spikleen 10 kg\u00a0je k dostaniu v\u00a0sypkej a m\u00e4kk\u00e9 podobe,\u00a0ktor\u00e1\u00a0nepo\u0161kriabe podlahu.\u00a0T\u00e1to zmes je\u00a0biologicky odb\u00farate\u013en\u00e1 a sp\u00e1lite\u013en\u00e1.\u00a0\u010eal\u0161ou ve\u013ekou v\u00fdhodou je\u00a0n\u00edzka pra\u0161nos\u0165\u00a0a fakt, \u017ee\u00a0nefarb\u00ed a nezanech\u00e1va tak farebn\u00e9 \u0161kvrny. Taktie\u017e absorbuje benz\u00edn , naftu a motorov\u00fd olej. Asfaltov\u00e9 alebo bet\u00f3nov\u00e9 plochy\u00a0zostan\u00fa po aplik\u00e1cii sorbentu\u00a0dokonale such\u00e9,\u00a0a preto je u\u017e d\u00e1vno\u00a0vyu\u017e\u00edvan\u00fd hasi\u010dsk\u00fdmi z\u00e1chrann\u00fdmi zbormi\u00a0pri likvid\u00e1cii \u00fanikov kvapal\u00edn pri dopravn\u00fdch [&hellip;]","og_url":"https:\/\/3mon.sk\/eshop\/produkt\/sorbent-spilkeen-plus-10-kg-absor-pce-benzinu-nafty-motoroveho-oleje\/","og_site_name":"3MON Eshop","article_publisher":"https:\/\/www.facebook.com\/3MONsro","article_modified_time":"2026-04-26T15:08:44+00:00","og_image":[{"width":480,"height":480,"url":"https:\/\/3mon.sk\/eshop\/wp-content\/uploads\/2023\/02\/702_3042.jpg","type":"image\/jpeg"}],"twitter_card":"summary_large_image","twitter_misc":{"Predpokladan\u00fd \u010das \u010d\u00edtania":"1 min\u00fata"},"schema":{"@context":"https:\/\/schema.org","@graph":[{"@type":"WebPage","@id":"https:\/\/3mon.sk\/eshop\/produkt\/sorbent-spilkeen-plus-10-kg-absor-pce-benzinu-nafty-motoroveho-oleje\/","url":"https:\/\/3mon.sk\/eshop\/produkt\/sorbent-spilkeen-plus-10-kg-absor-pce-benzinu-nafty-motoroveho-oleje\/","name":"Sorbent Spilkeen Plus 10 kg - 3MON Eshop","isPartOf":{"@id":"https:\/\/3mon.sk\/eshop\/#website"},"primaryImageOfPage":{"@id":"https:\/\/3mon.sk\/eshop\/produkt\/sorbent-spilkeen-plus-10-kg-absor-pce-benzinu-nafty-motoroveho-oleje\/#primaryimage"},"image":{"@id":"https:\/\/3mon.sk\/eshop\/produkt\/sorbent-spilkeen-plus-10-kg-absor-pce-benzinu-nafty-motoroveho-oleje\/#primaryimage"},"thumbnailUrl":"https:\/\/3mon.sk\/eshop\/wp-content\/uploads\/2023\/02\/702_3042.jpg","datePublished":"2023-02-07T09:24:33+00:00","dateModified":"2026-04-26T15:08:44+00:00","breadcrumb":{"@id":"https:\/\/3mon.sk\/eshop\/produkt\/sorbent-spilkeen-plus-10-kg-absor-pce-benzinu-nafty-motoroveho-oleje\/#breadcrumb"},"inLanguage":"sk-SK","potentialAction":[{"@type":"ReadAction","target":["https:\/\/3mon.sk\/eshop\/produkt\/sorbent-spilkeen-plus-10-kg-absor-pce-benzinu-nafty-motoroveho-oleje\/"]}]},{"@type":"ImageObject","inLanguage":"sk-SK","@id":"https:\/\/3mon.sk\/eshop\/produkt\/sorbent-spilkeen-plus-10-kg-absor-pce-benzinu-nafty-motoroveho-oleje\/#primaryimage","url":"https:\/\/3mon.sk\/eshop\/wp-content\/uploads\/2023\/02\/702_3042.jpg","contentUrl":"https:\/\/3mon.sk\/eshop\/wp-content\/uploads\/2023\/02\/702_3042.jpg","width":480,"height":480,"caption":"Sorbent Spilkeen Plus 10 kg - hasenie.sk"},{"@type":"BreadcrumbList","@id":"https:\/\/3mon.sk\/eshop\/produkt\/sorbent-spilkeen-plus-10-kg-absor-pce-benzinu-nafty-motoroveho-oleje\/#breadcrumb","itemListElement":[{"@type":"ListItem","position":1,"name":"Domovsk\u00e1 str\u00e1nka","item":"https:\/\/3mon.sk\/eshop\/"},{"@type":"ListItem","position":2,"name":"OBCHOD","item":"https:\/\/3mon.sk\/eshop\/obchod\/"},{"@type":"ListItem","position":3,"name":"Sorbent Spilkeen Plus 10 kg"}]},{"@type":"WebSite","@id":"https:\/\/3mon.sk\/eshop\/#website","url":"https:\/\/3mon.sk\/eshop\/","name":"3MON Eshop","description":"","publisher":{"@id":"https:\/\/3mon.sk\/eshop\/#organization"},"potentialAction":[{"@type":"SearchAction","target":{"@type":"EntryPoint","urlTemplate":"https:\/\/3mon.sk\/eshop\/?s={search_term_string}"},"query-input":{"@type":"PropertyValueSpecification","valueRequired":true,"valueName":"search_term_string"}}],"inLanguage":"sk-SK"},{"@type":"Organization","@id":"https:\/\/3mon.sk\/eshop\/#organization","name":"3MON, s. r. o.","url":"https:\/\/3mon.sk\/eshop\/","logo":{"@type":"ImageObject","inLanguage":"sk-SK","@id":"https:\/\/3mon.sk\/eshop\/#\/schema\/logo\/image\/","url":"https:\/\/3mon.sk\/eshop\/wp-content\/uploads\/2024\/06\/3mon_logo_new.png","contentUrl":"https:\/\/3mon.sk\/eshop\/wp-content\/uploads\/2024\/06\/3mon_logo_new.png","width":656,"height":206,"caption":"3MON, s. r. o."},"image":{"@id":"https:\/\/3mon.sk\/eshop\/#\/schema\/logo\/image\/"},"sameAs":["https:\/\/www.facebook.com\/3MONsro","https:\/\/www.instagram.com\/3mon_rescue\/"]}]}},"_links":{"self":[{"href":"https:\/\/3mon.sk\/eshop\/wp-json\/wp\/v2\/product\/1102","targetHints":{"allow":["GET"]}}],"collection":[{"href":"https:\/\/3mon.sk\/eshop\/wp-json\/wp\/v2\/product"}],"about":[{"href":"https:\/\/3mon.sk\/eshop\/wp-json\/wp\/v2\/types\/product"}],"replies":[{"embeddable":true,"href":"https:\/\/3mon.sk\/eshop\/wp-json\/wp\/v2\/comments?post=1102"}],"version-history":[{"count":4,"href":"https:\/\/3mon.sk\/eshop\/wp-json\/wp\/v2\/product\/1102\/revisions"}],"predecessor-version":[{"id":1141,"href":"https:\/\/3mon.sk\/eshop\/wp-json\/wp\/v2\/product\/1102\/revisions\/1141"}],"wp:featuredmedia":[{"embeddable":true,"href":"https:\/\/3mon.sk\/eshop\/wp-json\/wp\/v2\/media\/1103"}],"wp:attachment":[{"href":"https:\/\/3mon.sk\/eshop\/wp-json\/wp\/v2\/media?parent=1102"}],"wp:term":[{"taxonomy":"product_brand","embeddable":true,"href":"https:\/\/3mon.sk\/eshop\/wp-json\/wp\/v2\/product_brand?post=1102"},{"taxonomy":"product_cat","embeddable":true,"href":"https:\/\/3mon.sk\/eshop\/wp-json\/wp\/v2\/product_cat?post=1102"},{"taxonomy":"product_tag","embeddable":true,"href":"https:\/\/3mon.sk\/eshop\/wp-json\/wp\/v2\/product_tag?post=1102"}],"curies":[{"name":"wp","href":"https:\/\/api.w.org\/{rel}","templated":true}]}}