{"id":1062,"date":"2023-02-03T12:02:17","date_gmt":"2023-02-03T11:02:17","guid":{"rendered":"https:\/\/3mon.sk\/eshop\/?post_type=product&#038;p=1062"},"modified":"2026-01-22T11:28:10","modified_gmt":"2026-01-22T10:28:10","slug":"snehovy-hasiaci-pristroj-sanal-raima-k2-2kg","status":"publish","type":"product","link":"https:\/\/3mon.sk\/eshop\/produkt\/snehovy-hasiaci-pristroj-sanal-raima-k2-2kg\/","title":{"rendered":"Snehov\u00fd hasiaci pr\u00edstroj \u2013 SANAL RAIMA K2 \u2013 2kg"},"content":{"rendered":"<p>Najpou\u017e\u00edvanej\u0161\u00ed typ snehov\u00e9ho hasiaceho pr\u00edstroja. Pou\u017e\u00edva sa predov\u0161etk\u00fdm v prev\u00e1dzkach\u00a0<strong>s jemnou mechanikou, elektrick\u00fdmi zariadeniami alebo hor\u013eav\u00fdmi kvapalinami<\/strong>. Nie je vhodn\u00e9 pou\u017e\u00edva\u0165 pr\u00edstroj na hasenie sypk\u00fdch a hor\u013eav\u00fdch prachov.<\/p>\n<p>Ve\u013ekou v\u00fdhodou je, \u017ee sa n\u00e1pl\u0148 po pou\u017eit\u00ed samovo\u013ene odpar\u00ed.<\/p>\n<p>Mo\u017eno ho pou\u017ei\u0165 aj na hasenie elektrick\u00fdch zariaden\u00ed pod nap\u00e4t\u00edm do 1000 V z minim\u00e1lnej vzdialenosti 1 m.<\/p>\n<p>Dod\u00e1van\u00fd je vr\u00e1tane \u0161tandardn\u00e9ho dr\u017eiaka.<\/p>\n<table>\n<tbody>\n<tr>\n<td width=\"50%\">Hasiaca schopnos\u0165:<\/td>\n<td width=\"50%\">34B<\/td>\n<\/tr>\n<tr>\n<td width=\"50%\">Hmotnos\u0165 hasiva:<\/td>\n<td width=\"50%\">2\u00a0kg<\/td>\n<\/tr>\n<tr>\n<td width=\"50%\">V\u00fdtla\u010dn\u00fd prostriedok:<\/td>\n<td width=\"50%\">CO2<\/td>\n<\/tr>\n<tr>\n<td width=\"50%\">Teplotn\u00fd rozsah pou\u017eitia:<\/td>\n<td width=\"50%\">\u221230 \u00b0C \u00f7 60 \u00b0C<\/td>\n<\/tr>\n<tr>\n<td width=\"50%\">Maxim\u00e1lna hmotnos\u0165:<\/td>\n<td width=\"50%\">7\u00a0kg<\/td>\n<\/tr>\n<\/tbody>\n<\/table>\n","protected":false},"excerpt":{"rendered":"<p>Najpou\u017e\u00edvanej\u0161\u00ed typ snehov\u00e9ho hasiaceho pr\u00edstroja. Pou\u017e\u00edva sa predov\u0161etk\u00fdm v prev\u00e1dzkach\u00a0s jemnou mechanikou, elektrick\u00fdmi zariadeniami alebo hor\u013eav\u00fdmi kvapalinami. Nie je vhodn\u00e9 pou\u017e\u00edva\u0165 pr\u00edstroj na hasenie sypk\u00fdch a hor\u013eav\u00fdch prachov. Ve\u013ekou v\u00fdhodou je, \u017ee sa n\u00e1pl\u0148 po pou\u017eit\u00ed samovo\u013ene odpar\u00ed. Mo\u017eno ho pou\u017ei\u0165 aj na hasenie elektrick\u00fdch zariaden\u00ed pod nap\u00e4t\u00edm do 1000 V z minim\u00e1lnej vzdialenosti 1 [&hellip;]<\/p>\n","protected":false},"featured_media":4832,"comment_status":"open","ping_status":"closed","template":"","meta":{"_acf_changed":false,"_uf_show_specific_survey":0,"_uf_disable_surveys":false},"product_brand":[],"product_cat":[18,19,21],"product_tag":[150,42,43,183,169],"class_list":{"0":"post-1062","1":"product","2":"type-product","3":"status-publish","4":"has-post-thumbnail","6":"product_cat-hasiace-pristroje","7":"product_cat-prenosne-hasiace-pristroje","8":"product_cat-snehove-hasiace-pristroje","9":"product_tag-2kg","10":"product_tag-co2","11":"product_tag-hasiaci-pristroj","12":"product_tag-raima","13":"product_tag-sanal","14":"wcpa_has_options","16":"first","17":"instock","18":"taxable","19":"shipping-taxable","20":"purchasable","21":"product-type-simple"},"acf":[],"wcpa_form_fields":{"rules":{"pric_overide_base_price":false,"pric_overide_base_price_if_gt_zero":false,"pric_overide_base_price_fully":false,"pric_cal_option_once":false,"pric_use_as_fee":false,"bind_quantity":false,"quantity_bind_formula":false},"fields":[{"type":"text","elementId":"wcpa-text-1701694932704","label":"POZOR!","value":"Hasiace pr\u00edstroje pred\u00e1vame iba na osobn\u00fd odber, tlakov\u00e9 n\u00e1doby nie je mo\u017en\u00e9 zasiela\u0165 kuri\u00e9rom.","pricingType":"fixed","name":"text-1701694932704","subtype":"text","cl_rule":"show","col":6,"relations":false,"form_id":3854,"form_rules":{"pric_cal_option_once":false,"exclude_from_discount":false,"pric_use_as_fee":false,"fee_label":"Poplatok","render_after_acb":false,"disp_hide_options_price":false}},{"type":"checkbox-group","elementId":"wcpa-checkbox-group-1674660255438","label":"Dar\u010dek k n\u00e1kupu","priceOptions":"fixed_for_all","pricingType":"multiply","price":"3","name":"checkbox-group-1674660255438","other_text":"Other","cl_rule":"show","col":6,"values":[{"label":"Dr\u017eiak k pr\u00edstroju","value":"option-1","price":"","pimage":"","pimage_id":"","pthumb":"","selected":true},{"label":"Skompletizovanie PHP","value":"","price":"","pimage":"","pimage_id":"","pthumb":"","selected":true}],"relations":false,"form_id":994,"form_rules":{"pric_cal_option_once":false,"exclude_from_discount":false,"pric_use_as_fee":false,"fee_label":"Poplatok","render_after_acb":false,"disp_hide_options_price":false}},{"type":"checkbox-group","elementId":"wcpa-checkbox-group-1674658740881","label":"Doplnkov\u00e1 slu\u017eba","description":"Povinn\u00e9, ak budete hasiace pr\u00edstroje pou\u017e\u00edva\u0165 v podnikate\u013esk\u00fdch priestoroch.","desc_type":true,"enablePrice":true,"priceOptions":"fixed_for_all","pricingType":"multiply","price":"3,5","name":"checkbox-group-1674658740881","other_text":"Ostatn\u00e9","cl_rule":"show","col":6,"values":[{"label":"K\u00fapi\u0165 s rev\u00edziou (3,5\u20ac)","value":"option-1","price":"2,5","pimage":"","pimage_id":"","pthumb":""}],"relations":false,"form_id":994,"form_rules":{"pric_cal_option_once":false,"exclude_from_discount":false,"pric_use_as_fee":false,"fee_label":"Poplatok","render_after_acb":false,"disp_hide_options_price":false}},{"type":"checkbox-group","elementId":"wcpa-checkbox-group-1691055912438","label":"Mo\u017enos\u0165 doobjedna\u0165","description":"Piktogram Hasiaci pr\u00edstroj na ozna\u010denie miesta, kde bude HP umiestnen\u00fd.","desc_type":true,"enablePrice":true,"priceOptions":"fixed_for_all","pricingType":"multiply","price":"1,5","name":"checkbox-group-1691055912437","other_text":"Ostatn\u00e9","cl_rule":"show","col":6,"values":[{"label":"K\u00fapi\u0165 s piktogramom (1,5 \u20ac)","value":"option-1","price":"2,5","pimage":"","pimage_id":"","pthumb":""}],"relations":false,"form_id":994,"form_rules":{"pric_cal_option_once":false,"exclude_from_discount":false,"pric_use_as_fee":false,"fee_label":"Poplatok","render_after_acb":false,"disp_hide_options_price":false}}]},"yoast_head":"<!-- This site is optimized with the Yoast SEO plugin v27.1.1 - https:\/\/yoast.com\/product\/yoast-seo-wordpress\/ -->\n<title>Snehov\u00fd hasiaci pr\u00edstroj \u2013 SANAL RAIMA K2 \u2013 2kg - 3MON Eshop<\/title>\n<meta name=\"robots\" content=\"index, follow, max-snippet:-1, max-image-preview:large, max-video-preview:-1\" \/>\n<link rel=\"canonical\" href=\"https:\/\/3mon.sk\/eshop\/produkt\/snehovy-hasiaci-pristroj-sanal-raima-k2-2kg\/\" \/>\n<meta property=\"og:locale\" content=\"sk_SK\" \/>\n<meta property=\"og:type\" content=\"article\" \/>\n<meta property=\"og:title\" content=\"Snehov\u00fd hasiaci pr\u00edstroj \u2013 SANAL RAIMA K2 \u2013 2kg - 3MON Eshop\" \/>\n<meta property=\"og:description\" content=\"Najpou\u017e\u00edvanej\u0161\u00ed typ snehov\u00e9ho hasiaceho pr\u00edstroja. Pou\u017e\u00edva sa predov\u0161etk\u00fdm v prev\u00e1dzkach\u00a0s jemnou mechanikou, elektrick\u00fdmi zariadeniami alebo hor\u013eav\u00fdmi kvapalinami. Nie je vhodn\u00e9 pou\u017e\u00edva\u0165 pr\u00edstroj na hasenie sypk\u00fdch a hor\u013eav\u00fdch prachov. Ve\u013ekou v\u00fdhodou je, \u017ee sa n\u00e1pl\u0148 po pou\u017eit\u00ed samovo\u013ene odpar\u00ed. Mo\u017eno ho pou\u017ei\u0165 aj na hasenie elektrick\u00fdch zariaden\u00ed pod nap\u00e4t\u00edm do 1000 V z minim\u00e1lnej vzdialenosti 1 [&hellip;]\" \/>\n<meta property=\"og:url\" content=\"https:\/\/3mon.sk\/eshop\/produkt\/snehovy-hasiaci-pristroj-sanal-raima-k2-2kg\/\" \/>\n<meta property=\"og:site_name\" content=\"3MON Eshop\" \/>\n<meta property=\"article:publisher\" content=\"https:\/\/www.facebook.com\/3MONsro\" \/>\n<meta property=\"article:modified_time\" content=\"2026-01-22T10:28:10+00:00\" \/>\n<meta property=\"og:image\" content=\"https:\/\/3mon.sk\/eshop\/wp-content\/uploads\/2023\/02\/51312_raima-k2-snehovy-hasiaci-pristroj-2kg.webp\" \/>\n\t<meta property=\"og:image:width\" content=\"768\" \/>\n\t<meta property=\"og:image:height\" content=\"768\" \/>\n\t<meta property=\"og:image:type\" content=\"image\/webp\" \/>\n<meta name=\"twitter:card\" content=\"summary_large_image\" \/>\n<meta name=\"twitter:label1\" content=\"Predpokladan\u00fd \u010das \u010d\u00edtania\" \/>\n\t<meta name=\"twitter:data1\" content=\"1 min\u00fata\" \/>\n<script type=\"application\/ld+json\" class=\"yoast-schema-graph\">{\"@context\":\"https:\/\/schema.org\",\"@graph\":[{\"@type\":\"WebPage\",\"@id\":\"https:\/\/3mon.sk\/eshop\/produkt\/snehovy-hasiaci-pristroj-sanal-raima-k2-2kg\/\",\"url\":\"https:\/\/3mon.sk\/eshop\/produkt\/snehovy-hasiaci-pristroj-sanal-raima-k2-2kg\/\",\"name\":\"Snehov\u00fd hasiaci pr\u00edstroj \u2013 SANAL RAIMA K2 \u2013 2kg - 3MON Eshop\",\"isPartOf\":{\"@id\":\"https:\/\/3mon.sk\/eshop\/#website\"},\"primaryImageOfPage\":{\"@id\":\"https:\/\/3mon.sk\/eshop\/produkt\/snehovy-hasiaci-pristroj-sanal-raima-k2-2kg\/#primaryimage\"},\"image\":{\"@id\":\"https:\/\/3mon.sk\/eshop\/produkt\/snehovy-hasiaci-pristroj-sanal-raima-k2-2kg\/#primaryimage\"},\"thumbnailUrl\":\"https:\/\/3mon.sk\/eshop\/wp-content\/uploads\/2023\/02\/51312_raima-k2-snehovy-hasiaci-pristroj-2kg.webp\",\"datePublished\":\"2023-02-03T11:02:17+00:00\",\"dateModified\":\"2026-01-22T10:28:10+00:00\",\"breadcrumb\":{\"@id\":\"https:\/\/3mon.sk\/eshop\/produkt\/snehovy-hasiaci-pristroj-sanal-raima-k2-2kg\/#breadcrumb\"},\"inLanguage\":\"sk-SK\",\"potentialAction\":[{\"@type\":\"ReadAction\",\"target\":[\"https:\/\/3mon.sk\/eshop\/produkt\/snehovy-hasiaci-pristroj-sanal-raima-k2-2kg\/\"]}]},{\"@type\":\"ImageObject\",\"inLanguage\":\"sk-SK\",\"@id\":\"https:\/\/3mon.sk\/eshop\/produkt\/snehovy-hasiaci-pristroj-sanal-raima-k2-2kg\/#primaryimage\",\"url\":\"https:\/\/3mon.sk\/eshop\/wp-content\/uploads\/2023\/02\/51312_raima-k2-snehovy-hasiaci-pristroj-2kg.webp\",\"contentUrl\":\"https:\/\/3mon.sk\/eshop\/wp-content\/uploads\/2023\/02\/51312_raima-k2-snehovy-hasiaci-pristroj-2kg.webp\",\"width\":768,\"height\":768,\"caption\":\"Snehov\u00fd hasiaci pr\u00edstroj \u2013 SANAL RAIMA K2 \u2013 2kg\"},{\"@type\":\"BreadcrumbList\",\"@id\":\"https:\/\/3mon.sk\/eshop\/produkt\/snehovy-hasiaci-pristroj-sanal-raima-k2-2kg\/#breadcrumb\",\"itemListElement\":[{\"@type\":\"ListItem\",\"position\":1,\"name\":\"Domovsk\u00e1 str\u00e1nka\",\"item\":\"https:\/\/3mon.sk\/eshop\/\"},{\"@type\":\"ListItem\",\"position\":2,\"name\":\"OBCHOD\",\"item\":\"https:\/\/3mon.sk\/eshop\/obchod\/\"},{\"@type\":\"ListItem\",\"position\":3,\"name\":\"Snehov\u00fd hasiaci pr\u00edstroj \u2013 SANAL RAIMA K2 \u2013 2kg\"}]},{\"@type\":\"WebSite\",\"@id\":\"https:\/\/3mon.sk\/eshop\/#website\",\"url\":\"https:\/\/3mon.sk\/eshop\/\",\"name\":\"3MON Eshop\",\"description\":\"\",\"publisher\":{\"@id\":\"https:\/\/3mon.sk\/eshop\/#organization\"},\"potentialAction\":[{\"@type\":\"SearchAction\",\"target\":{\"@type\":\"EntryPoint\",\"urlTemplate\":\"https:\/\/3mon.sk\/eshop\/?s={search_term_string}\"},\"query-input\":{\"@type\":\"PropertyValueSpecification\",\"valueRequired\":true,\"valueName\":\"search_term_string\"}}],\"inLanguage\":\"sk-SK\"},{\"@type\":\"Organization\",\"@id\":\"https:\/\/3mon.sk\/eshop\/#organization\",\"name\":\"3MON, s. r. o.\",\"url\":\"https:\/\/3mon.sk\/eshop\/\",\"logo\":{\"@type\":\"ImageObject\",\"inLanguage\":\"sk-SK\",\"@id\":\"https:\/\/3mon.sk\/eshop\/#\/schema\/logo\/image\/\",\"url\":\"https:\/\/3mon.sk\/eshop\/wp-content\/uploads\/2024\/06\/3mon_logo_new.png\",\"contentUrl\":\"https:\/\/3mon.sk\/eshop\/wp-content\/uploads\/2024\/06\/3mon_logo_new.png\",\"width\":656,\"height\":206,\"caption\":\"3MON, s. r. o.\"},\"image\":{\"@id\":\"https:\/\/3mon.sk\/eshop\/#\/schema\/logo\/image\/\"},\"sameAs\":[\"https:\/\/www.facebook.com\/3MONsro\",\"https:\/\/www.instagram.com\/3mon_rescue\/\"]}]}<\/script>\n<!-- \/ Yoast SEO plugin. -->","yoast_head_json":{"title":"Snehov\u00fd hasiaci pr\u00edstroj \u2013 SANAL RAIMA K2 \u2013 2kg - 3MON Eshop","robots":{"index":"index","follow":"follow","max-snippet":"max-snippet:-1","max-image-preview":"max-image-preview:large","max-video-preview":"max-video-preview:-1"},"canonical":"https:\/\/3mon.sk\/eshop\/produkt\/snehovy-hasiaci-pristroj-sanal-raima-k2-2kg\/","og_locale":"sk_SK","og_type":"article","og_title":"Snehov\u00fd hasiaci pr\u00edstroj \u2013 SANAL RAIMA K2 \u2013 2kg - 3MON Eshop","og_description":"Najpou\u017e\u00edvanej\u0161\u00ed typ snehov\u00e9ho hasiaceho pr\u00edstroja. Pou\u017e\u00edva sa predov\u0161etk\u00fdm v prev\u00e1dzkach\u00a0s jemnou mechanikou, elektrick\u00fdmi zariadeniami alebo hor\u013eav\u00fdmi kvapalinami. Nie je vhodn\u00e9 pou\u017e\u00edva\u0165 pr\u00edstroj na hasenie sypk\u00fdch a hor\u013eav\u00fdch prachov. Ve\u013ekou v\u00fdhodou je, \u017ee sa n\u00e1pl\u0148 po pou\u017eit\u00ed samovo\u013ene odpar\u00ed. Mo\u017eno ho pou\u017ei\u0165 aj na hasenie elektrick\u00fdch zariaden\u00ed pod nap\u00e4t\u00edm do 1000 V z minim\u00e1lnej vzdialenosti 1 [&hellip;]","og_url":"https:\/\/3mon.sk\/eshop\/produkt\/snehovy-hasiaci-pristroj-sanal-raima-k2-2kg\/","og_site_name":"3MON Eshop","article_publisher":"https:\/\/www.facebook.com\/3MONsro","article_modified_time":"2026-01-22T10:28:10+00:00","og_image":[{"width":768,"height":768,"url":"https:\/\/3mon.sk\/eshop\/wp-content\/uploads\/2023\/02\/51312_raima-k2-snehovy-hasiaci-pristroj-2kg.webp","type":"image\/webp"}],"twitter_card":"summary_large_image","twitter_misc":{"Predpokladan\u00fd \u010das \u010d\u00edtania":"1 min\u00fata"},"schema":{"@context":"https:\/\/schema.org","@graph":[{"@type":"WebPage","@id":"https:\/\/3mon.sk\/eshop\/produkt\/snehovy-hasiaci-pristroj-sanal-raima-k2-2kg\/","url":"https:\/\/3mon.sk\/eshop\/produkt\/snehovy-hasiaci-pristroj-sanal-raima-k2-2kg\/","name":"Snehov\u00fd hasiaci pr\u00edstroj \u2013 SANAL RAIMA K2 \u2013 2kg - 3MON Eshop","isPartOf":{"@id":"https:\/\/3mon.sk\/eshop\/#website"},"primaryImageOfPage":{"@id":"https:\/\/3mon.sk\/eshop\/produkt\/snehovy-hasiaci-pristroj-sanal-raima-k2-2kg\/#primaryimage"},"image":{"@id":"https:\/\/3mon.sk\/eshop\/produkt\/snehovy-hasiaci-pristroj-sanal-raima-k2-2kg\/#primaryimage"},"thumbnailUrl":"https:\/\/3mon.sk\/eshop\/wp-content\/uploads\/2023\/02\/51312_raima-k2-snehovy-hasiaci-pristroj-2kg.webp","datePublished":"2023-02-03T11:02:17+00:00","dateModified":"2026-01-22T10:28:10+00:00","breadcrumb":{"@id":"https:\/\/3mon.sk\/eshop\/produkt\/snehovy-hasiaci-pristroj-sanal-raima-k2-2kg\/#breadcrumb"},"inLanguage":"sk-SK","potentialAction":[{"@type":"ReadAction","target":["https:\/\/3mon.sk\/eshop\/produkt\/snehovy-hasiaci-pristroj-sanal-raima-k2-2kg\/"]}]},{"@type":"ImageObject","inLanguage":"sk-SK","@id":"https:\/\/3mon.sk\/eshop\/produkt\/snehovy-hasiaci-pristroj-sanal-raima-k2-2kg\/#primaryimage","url":"https:\/\/3mon.sk\/eshop\/wp-content\/uploads\/2023\/02\/51312_raima-k2-snehovy-hasiaci-pristroj-2kg.webp","contentUrl":"https:\/\/3mon.sk\/eshop\/wp-content\/uploads\/2023\/02\/51312_raima-k2-snehovy-hasiaci-pristroj-2kg.webp","width":768,"height":768,"caption":"Snehov\u00fd hasiaci pr\u00edstroj \u2013 SANAL RAIMA K2 \u2013 2kg"},{"@type":"BreadcrumbList","@id":"https:\/\/3mon.sk\/eshop\/produkt\/snehovy-hasiaci-pristroj-sanal-raima-k2-2kg\/#breadcrumb","itemListElement":[{"@type":"ListItem","position":1,"name":"Domovsk\u00e1 str\u00e1nka","item":"https:\/\/3mon.sk\/eshop\/"},{"@type":"ListItem","position":2,"name":"OBCHOD","item":"https:\/\/3mon.sk\/eshop\/obchod\/"},{"@type":"ListItem","position":3,"name":"Snehov\u00fd hasiaci pr\u00edstroj \u2013 SANAL RAIMA K2 \u2013 2kg"}]},{"@type":"WebSite","@id":"https:\/\/3mon.sk\/eshop\/#website","url":"https:\/\/3mon.sk\/eshop\/","name":"3MON Eshop","description":"","publisher":{"@id":"https:\/\/3mon.sk\/eshop\/#organization"},"potentialAction":[{"@type":"SearchAction","target":{"@type":"EntryPoint","urlTemplate":"https:\/\/3mon.sk\/eshop\/?s={search_term_string}"},"query-input":{"@type":"PropertyValueSpecification","valueRequired":true,"valueName":"search_term_string"}}],"inLanguage":"sk-SK"},{"@type":"Organization","@id":"https:\/\/3mon.sk\/eshop\/#organization","name":"3MON, s. r. o.","url":"https:\/\/3mon.sk\/eshop\/","logo":{"@type":"ImageObject","inLanguage":"sk-SK","@id":"https:\/\/3mon.sk\/eshop\/#\/schema\/logo\/image\/","url":"https:\/\/3mon.sk\/eshop\/wp-content\/uploads\/2024\/06\/3mon_logo_new.png","contentUrl":"https:\/\/3mon.sk\/eshop\/wp-content\/uploads\/2024\/06\/3mon_logo_new.png","width":656,"height":206,"caption":"3MON, s. r. o."},"image":{"@id":"https:\/\/3mon.sk\/eshop\/#\/schema\/logo\/image\/"},"sameAs":["https:\/\/www.facebook.com\/3MONsro","https:\/\/www.instagram.com\/3mon_rescue\/"]}]}},"_links":{"self":[{"href":"https:\/\/3mon.sk\/eshop\/wp-json\/wp\/v2\/product\/1062","targetHints":{"allow":["GET"]}}],"collection":[{"href":"https:\/\/3mon.sk\/eshop\/wp-json\/wp\/v2\/product"}],"about":[{"href":"https:\/\/3mon.sk\/eshop\/wp-json\/wp\/v2\/types\/product"}],"replies":[{"embeddable":true,"href":"https:\/\/3mon.sk\/eshop\/wp-json\/wp\/v2\/comments?post=1062"}],"version-history":[{"count":2,"href":"https:\/\/3mon.sk\/eshop\/wp-json\/wp\/v2\/product\/1062\/revisions"}],"predecessor-version":[{"id":1078,"href":"https:\/\/3mon.sk\/eshop\/wp-json\/wp\/v2\/product\/1062\/revisions\/1078"}],"wp:featuredmedia":[{"embeddable":true,"href":"https:\/\/3mon.sk\/eshop\/wp-json\/wp\/v2\/media\/4832"}],"wp:attachment":[{"href":"https:\/\/3mon.sk\/eshop\/wp-json\/wp\/v2\/media?parent=1062"}],"wp:term":[{"taxonomy":"product_brand","embeddable":true,"href":"https:\/\/3mon.sk\/eshop\/wp-json\/wp\/v2\/product_brand?post=1062"},{"taxonomy":"product_cat","embeddable":true,"href":"https:\/\/3mon.sk\/eshop\/wp-json\/wp\/v2\/product_cat?post=1062"},{"taxonomy":"product_tag","embeddable":true,"href":"https:\/\/3mon.sk\/eshop\/wp-json\/wp\/v2\/product_tag?post=1062"}],"curies":[{"name":"wp","href":"https:\/\/api.w.org\/{rel}","templated":true}]}}