{"id":36,"date":"2020-04-30T09:03:09","date_gmt":"2020-04-30T09:03:09","guid":{"rendered":"https:\/\/themes.muffingroup.com\/be\/firebrigade\/?page_id=36"},"modified":"2025-06-03T12:52:41","modified_gmt":"2025-06-03T10:52:41","slug":"kontakt","status":"publish","type":"page","link":"https:\/\/3mon.sk\/eshop\/kontakt\/","title":{"rendered":"KONTAKT"},"content":{"rendered":"\t\t<div data-elementor-type=\"wp-page\" data-elementor-id=\"36\" class=\"elementor elementor-36\">\n\t\t\t\t\t\t<section class=\"elementor-section elementor-top-section elementor-element elementor-element-bf1810a elementor-section-boxed elementor-section-height-default elementor-section-height-default\" data-id=\"bf1810a\" data-element_type=\"section\" data-e-type=\"section\">\r\n\t\t\r\n\t\t\t\t\t\t\t<div class=\"elementor-container elementor-column-gap-default\">\r\n\t\t\t\t\t\t\t\t\t\t\t<div class=\"elementor-column elementor-col-50 elementor-top-column elementor-element elementor-element-0370c06\" data-id=\"0370c06\" data-element_type=\"column\" data-e-type=\"column\">\r\n\t\t\t\t\t<div class=\"elementor-widget-wrap elementor-element-populated\">\r\n\t\t\t\t\t\t\t\t<div class=\"elementor-element elementor-element-3fe98f6 elementor-widget elementor-widget-heading\" data-id=\"3fe98f6\" data-element_type=\"widget\" data-e-type=\"widget\" data-widget_type=\"heading.default\">\n\t\t\t\t<div class=\"elementor-widget-container\">\n\t\t\t\t\t<h2 class=\"elementor-heading-title elementor-size-default\">Faktura\u010dn\u00e9 \u00fadaje<\/h2>\t\t\t\t<\/div>\n\t\t\t\t<\/div>\n\t\t\t\t<div class=\"elementor-element elementor-element-81fce76 elementor-widget elementor-widget-text-editor\" data-id=\"81fce76\" data-element_type=\"widget\" data-e-type=\"widget\" data-widget_type=\"text-editor.default\">\n\t\t\t\t<div class=\"elementor-widget-container\">\n\t\t\t\t\t\t\t\t\t<p><strong>3MON s. r. o.,<\/strong><br \/>Kop\u010dianska 94\/B<br \/>851 01 Bratislava<br \/><strong>I\u010cO:<\/strong> 46031391<br \/><strong>DI\u010c:<\/strong> 2023248458<br \/><strong>I\u010c DPH:<\/strong> SK2023248458<br \/><strong>B.\u00da.:<\/strong>\u00a0SK4111000000002924860069<\/p>\t\t\t\t\t\t\t\t<\/div>\n\t\t\t\t<\/div>\n\t\t\t\t\t<\/div>\r\n\t\t\t\t<\/div>\r\n\t\t\t\t<div class=\"elementor-column elementor-col-50 elementor-top-column elementor-element elementor-element-5b6c4b0\" data-id=\"5b6c4b0\" data-element_type=\"column\" data-e-type=\"column\">\r\n\t\t\t\t\t<div class=\"elementor-widget-wrap elementor-element-populated\">\r\n\t\t\t\t\t\t\t\t<div class=\"elementor-element elementor-element-6f34a25 elementor-widget elementor-widget-heading\" data-id=\"6f34a25\" data-element_type=\"widget\" data-e-type=\"widget\" data-widget_type=\"heading.default\">\n\t\t\t\t<div class=\"elementor-widget-container\">\n\t\t\t\t\t<h2 class=\"elementor-heading-title elementor-size-default\">Osobn\u00fd odber tovaru<\/h2>\t\t\t\t<\/div>\n\t\t\t\t<\/div>\n\t\t\t\t<div class=\"elementor-element elementor-element-f3fcd9e elementor-widget elementor-widget-text-editor\" data-id=\"f3fcd9e\" data-element_type=\"widget\" data-e-type=\"widget\" data-widget_type=\"text-editor.default\">\n\t\t\t\t<div class=\"elementor-widget-container\">\n\t\t\t\t\t\t\t\t\t<p><strong>3MON, s. r. o.,<\/strong><br \/>Kop\u010dianska 94\/B<br \/>851 01 Bratislava<\/p><p><strong>Mo\u017enosti platby:<\/strong><\/p><p>Vopred na bankov\u00fd \u00fa\u010det \/ Kartou pri osobnom odbere \/ Kartou online pri objedn\u00e1vke<\/p>\t\t\t\t\t\t\t\t<\/div>\n\t\t\t\t<\/div>\n\t\t\t\t\t<\/div>\r\n\t\t\t\t<\/div>\r\n\t\t\t\t\t<\/div>\r\n\t\t\t\t<\/section>\r\n\t\t\t\t<section class=\"elementor-section elementor-top-section elementor-element elementor-element-d17d5d7 elementor-section-boxed elementor-section-height-default elementor-section-height-default\" data-id=\"d17d5d7\" data-element_type=\"section\" data-e-type=\"section\">\r\n\t\t\r\n\t\t\t\t\t\t\t<div class=\"elementor-container elementor-column-gap-default\">\r\n\t\t\t\t\t\t\t\t\t\t\t<div class=\"elementor-column elementor-col-100 elementor-top-column elementor-element elementor-element-04bc9cd\" data-id=\"04bc9cd\" data-element_type=\"column\" data-e-type=\"column\">\r\n\t\t\t\t\t<div class=\"elementor-widget-wrap elementor-element-populated\">\r\n\t\t\t\t\t\t\t\t<div class=\"elementor-element elementor-element-b54a581 elementor-widget elementor-widget-heading\" data-id=\"b54a581\" data-element_type=\"widget\" data-e-type=\"widget\" data-widget_type=\"heading.default\">\n\t\t\t\t<div class=\"elementor-widget-container\">\n\t\t\t\t\t<h2 class=\"elementor-heading-title elementor-size-default\">N\u00e1jdete n\u00e1s<\/h2>\t\t\t\t<\/div>\n\t\t\t\t<\/div>\n\t\t\t\t<div class=\"elementor-element elementor-element-8eebd64 elementor-widget elementor-widget-text-editor\" data-id=\"8eebd64\" data-element_type=\"widget\" data-e-type=\"widget\" data-widget_type=\"text-editor.default\">\n\t\t\t\t<div class=\"elementor-widget-container\">\n\t\t\t\t\t\t\t\t\t<div class=\"BorlabsCookie\"><div class=\"_brlbs-content-blocker\"> <div class=\"_brlbs-embed _brlbs-google-maps\"> <img decoding=\"async\" class=\"_brlbs-thumbnail\" src=\"https:\/\/3mon.sk\/eshop\/wp-content\/plugins\/borlabs-cookie\/assets\/images\/cb-maps.png\" alt=\"Google Maps\"> <div class=\"_brlbs-caption\"> <p>By loading the map, you agree to Google's privacy policy.<br><a href=\"https:\/\/policies.google.com\/privacy?hl=en&amp;gl=en\" target=\"_blank\" rel=\"nofollow noopener noreferrer\">Learn more<\/a><\/p> <p><a class=\"_brlbs-btn\" href=\"#\" data-borlabs-cookie-unblock role=\"button\">Load map<\/a><\/p> <p><label><input type=\"checkbox\" name=\"unblockAll\" value=\"1\" checked> <small>Always unblock Google Maps<\/small><\/label><\/p> <\/div> <\/div> <\/div><div class=\"borlabs-hide\" data-borlabs-cookie-type=\"content-blocker\" data-borlabs-cookie-id=\"googlemaps\"><script type=\"text\/template\">PGlmcmFtZSBzcmM9Imh0dHBzOi8vd3d3Lmdvb2dsZS5jb20vbWFwcy9lbWJlZD9wYj0hMW0xOCExbTEyITFtMyExZDE1ODIuMzE3OTU2MzAxMTY4NiEyZDE3LjE3MTIyNzU2MTg2MzYwMyEzZDQ4LjE2NTU1NjUzNjcwOTI4ITJtMyExZjAhMmYwITNmMCEzbTIhMWkxMDI0ITJpNzY4ITRmMTMuMSEzbTMhMW0yITFzMHg0NzZjOGYyMWU2MGY4ODI5JTNBMHhmNWE0ODVhOWYxMjRkMGFkITJzM01PTiUyQyUyMHMuci5vLiE1ZTAhM20yITFzc2shMnNzayE0djE2ODgzOTY5NDAyNTYhNW0yITFzc2shMnNzayIgd2lkdGg9IjYwMCIgaGVpZ2h0PSI0NTAiIHN0eWxlPSJib3JkZXI6MDsiIGFsbG93ZnVsbHNjcmVlbj0iIiBsb2FkaW5nPSJsYXp5IiByZWZlcnJlcnBvbGljeT0ibm8tcmVmZXJyZXItd2hlbi1kb3duZ3JhZGUiPjwvaWZyYW1lPg==<\/script><\/div><\/div>\t\t\t\t\t\t\t\t<\/div>\n\t\t\t\t<\/div>\n\t\t\t\t\t<\/div>\r\n\t\t\t\t<\/div>\r\n\t\t\t\t\t<\/div>\r\n\t\t\t\t<\/section>\r\n\t\t\t\t<\/div>\n\t\t","protected":false},"excerpt":{"rendered":"<p>Faktura\u010dn\u00e9 \u00fadaje 3MON s. r. o.,Kop\u010dianska 94\/B851 01 BratislavaI\u010cO: 46031391DI\u010c: 2023248458I\u010c DPH: SK2023248458B.\u00da.:\u00a0SK4111000000002924860069 Osobn\u00fd odber tovaru 3MON, s. r. o.,Kop\u010dianska 94\/B851 01 Bratislava Mo\u017enosti platby: Vopred na bankov\u00fd \u00fa\u010det \/ Kartou pri osobnom odbere \/ Kartou online pri objedn\u00e1vke N\u00e1jdete n\u00e1s By loading the map, you agree to Google&#8217;s privacy policy.Learn more Load map Always [&hellip;]<\/p>\n","protected":false},"author":1,"featured_media":0,"parent":0,"menu_order":0,"comment_status":"closed","ping_status":"closed","template":"","meta":{"_acf_changed":false,"_uf_show_specific_survey":0,"_uf_disable_surveys":false,"footnotes":""},"class_list":["post-36","page","type-page","status-publish","hentry"],"acf":[],"yoast_head":"<!-- This site is optimized with the Yoast SEO plugin v27.1.1 - https:\/\/yoast.com\/product\/yoast-seo-wordpress\/ -->\n<title>KONTAKT - 3MON Eshop<\/title>\n<meta name=\"robots\" content=\"index, follow, max-snippet:-1, max-image-preview:large, max-video-preview:-1\" \/>\n<link rel=\"canonical\" href=\"https:\/\/3mon.sk\/eshop\/kontakt\/\" \/>\n<meta property=\"og:locale\" content=\"sk_SK\" \/>\n<meta property=\"og:type\" content=\"article\" \/>\n<meta property=\"og:title\" content=\"KONTAKT - 3MON Eshop\" \/>\n<meta property=\"og:description\" content=\"Faktura\u010dn\u00e9 \u00fadaje 3MON s. r. o.,Kop\u010dianska 94\/B851 01 BratislavaI\u010cO: 46031391DI\u010c: 2023248458I\u010c DPH: SK2023248458B.\u00da.:\u00a0SK4111000000002924860069 Osobn\u00fd odber tovaru 3MON, s. r. o.,Kop\u010dianska 94\/B851 01 Bratislava Mo\u017enosti platby: Vopred na bankov\u00fd \u00fa\u010det \/ Kartou pri osobnom odbere \/ Kartou online pri objedn\u00e1vke N\u00e1jdete n\u00e1s By loading the map, you agree to Google&#039;s privacy policy.Learn more Load map Always [&hellip;]\" \/>\n<meta property=\"og:url\" content=\"https:\/\/3mon.sk\/eshop\/kontakt\/\" \/>\n<meta property=\"og:site_name\" content=\"3MON Eshop\" \/>\n<meta property=\"article:publisher\" content=\"https:\/\/www.facebook.com\/3MONsro\" \/>\n<meta property=\"article:modified_time\" content=\"2025-06-03T10:52:41+00:00\" \/>\n<meta name=\"twitter:card\" content=\"summary_large_image\" \/>\n<meta name=\"twitter:label1\" content=\"Predpokladan\u00fd \u010das \u010d\u00edtania\" \/>\n\t<meta name=\"twitter:data1\" content=\"1 min\u00fata\" \/>\n<script type=\"application\/ld+json\" class=\"yoast-schema-graph\">{\"@context\":\"https:\/\/schema.org\",\"@graph\":[{\"@type\":\"WebPage\",\"@id\":\"https:\/\/3mon.sk\/eshop\/kontakt\/\",\"url\":\"https:\/\/3mon.sk\/eshop\/kontakt\/\",\"name\":\"KONTAKT - 3MON Eshop\",\"isPartOf\":{\"@id\":\"https:\/\/3mon.sk\/eshop\/#website\"},\"datePublished\":\"2020-04-30T09:03:09+00:00\",\"dateModified\":\"2025-06-03T10:52:41+00:00\",\"breadcrumb\":{\"@id\":\"https:\/\/3mon.sk\/eshop\/kontakt\/#breadcrumb\"},\"inLanguage\":\"sk-SK\",\"potentialAction\":[{\"@type\":\"ReadAction\",\"target\":[\"https:\/\/3mon.sk\/eshop\/kontakt\/\"]}]},{\"@type\":\"BreadcrumbList\",\"@id\":\"https:\/\/3mon.sk\/eshop\/kontakt\/#breadcrumb\",\"itemListElement\":[{\"@type\":\"ListItem\",\"position\":1,\"name\":\"Domovsk\u00e1 str\u00e1nka\",\"item\":\"https:\/\/3mon.sk\/eshop\/\"},{\"@type\":\"ListItem\",\"position\":2,\"name\":\"KONTAKT\"}]},{\"@type\":\"WebSite\",\"@id\":\"https:\/\/3mon.sk\/eshop\/#website\",\"url\":\"https:\/\/3mon.sk\/eshop\/\",\"name\":\"3MON Eshop\",\"description\":\"\",\"publisher\":{\"@id\":\"https:\/\/3mon.sk\/eshop\/#organization\"},\"potentialAction\":[{\"@type\":\"SearchAction\",\"target\":{\"@type\":\"EntryPoint\",\"urlTemplate\":\"https:\/\/3mon.sk\/eshop\/?s={search_term_string}\"},\"query-input\":{\"@type\":\"PropertyValueSpecification\",\"valueRequired\":true,\"valueName\":\"search_term_string\"}}],\"inLanguage\":\"sk-SK\"},{\"@type\":\"Organization\",\"@id\":\"https:\/\/3mon.sk\/eshop\/#organization\",\"name\":\"3MON, s. r. o.\",\"url\":\"https:\/\/3mon.sk\/eshop\/\",\"logo\":{\"@type\":\"ImageObject\",\"inLanguage\":\"sk-SK\",\"@id\":\"https:\/\/3mon.sk\/eshop\/#\/schema\/logo\/image\/\",\"url\":\"https:\/\/3mon.sk\/eshop\/wp-content\/uploads\/2024\/06\/3mon_logo_new.png\",\"contentUrl\":\"https:\/\/3mon.sk\/eshop\/wp-content\/uploads\/2024\/06\/3mon_logo_new.png\",\"width\":656,\"height\":206,\"caption\":\"3MON, s. r. o.\"},\"image\":{\"@id\":\"https:\/\/3mon.sk\/eshop\/#\/schema\/logo\/image\/\"},\"sameAs\":[\"https:\/\/www.facebook.com\/3MONsro\",\"https:\/\/www.instagram.com\/3mon_rescue\/\"]}]}<\/script>\n<!-- \/ Yoast SEO plugin. -->","yoast_head_json":{"title":"KONTAKT - 3MON Eshop","robots":{"index":"index","follow":"follow","max-snippet":"max-snippet:-1","max-image-preview":"max-image-preview:large","max-video-preview":"max-video-preview:-1"},"canonical":"https:\/\/3mon.sk\/eshop\/kontakt\/","og_locale":"sk_SK","og_type":"article","og_title":"KONTAKT - 3MON Eshop","og_description":"Faktura\u010dn\u00e9 \u00fadaje 3MON s. r. o.,Kop\u010dianska 94\/B851 01 BratislavaI\u010cO: 46031391DI\u010c: 2023248458I\u010c DPH: SK2023248458B.\u00da.:\u00a0SK4111000000002924860069 Osobn\u00fd odber tovaru 3MON, s. r. o.,Kop\u010dianska 94\/B851 01 Bratislava Mo\u017enosti platby: Vopred na bankov\u00fd \u00fa\u010det \/ Kartou pri osobnom odbere \/ Kartou online pri objedn\u00e1vke N\u00e1jdete n\u00e1s By loading the map, you agree to Google's privacy policy.Learn more Load map Always [&hellip;]","og_url":"https:\/\/3mon.sk\/eshop\/kontakt\/","og_site_name":"3MON Eshop","article_publisher":"https:\/\/www.facebook.com\/3MONsro","article_modified_time":"2025-06-03T10:52:41+00:00","twitter_card":"summary_large_image","twitter_misc":{"Predpokladan\u00fd \u010das \u010d\u00edtania":"1 min\u00fata"},"schema":{"@context":"https:\/\/schema.org","@graph":[{"@type":"WebPage","@id":"https:\/\/3mon.sk\/eshop\/kontakt\/","url":"https:\/\/3mon.sk\/eshop\/kontakt\/","name":"KONTAKT - 3MON Eshop","isPartOf":{"@id":"https:\/\/3mon.sk\/eshop\/#website"},"datePublished":"2020-04-30T09:03:09+00:00","dateModified":"2025-06-03T10:52:41+00:00","breadcrumb":{"@id":"https:\/\/3mon.sk\/eshop\/kontakt\/#breadcrumb"},"inLanguage":"sk-SK","potentialAction":[{"@type":"ReadAction","target":["https:\/\/3mon.sk\/eshop\/kontakt\/"]}]},{"@type":"BreadcrumbList","@id":"https:\/\/3mon.sk\/eshop\/kontakt\/#breadcrumb","itemListElement":[{"@type":"ListItem","position":1,"name":"Domovsk\u00e1 str\u00e1nka","item":"https:\/\/3mon.sk\/eshop\/"},{"@type":"ListItem","position":2,"name":"KONTAKT"}]},{"@type":"WebSite","@id":"https:\/\/3mon.sk\/eshop\/#website","url":"https:\/\/3mon.sk\/eshop\/","name":"3MON Eshop","description":"","publisher":{"@id":"https:\/\/3mon.sk\/eshop\/#organization"},"potentialAction":[{"@type":"SearchAction","target":{"@type":"EntryPoint","urlTemplate":"https:\/\/3mon.sk\/eshop\/?s={search_term_string}"},"query-input":{"@type":"PropertyValueSpecification","valueRequired":true,"valueName":"search_term_string"}}],"inLanguage":"sk-SK"},{"@type":"Organization","@id":"https:\/\/3mon.sk\/eshop\/#organization","name":"3MON, s. r. o.","url":"https:\/\/3mon.sk\/eshop\/","logo":{"@type":"ImageObject","inLanguage":"sk-SK","@id":"https:\/\/3mon.sk\/eshop\/#\/schema\/logo\/image\/","url":"https:\/\/3mon.sk\/eshop\/wp-content\/uploads\/2024\/06\/3mon_logo_new.png","contentUrl":"https:\/\/3mon.sk\/eshop\/wp-content\/uploads\/2024\/06\/3mon_logo_new.png","width":656,"height":206,"caption":"3MON, s. r. o."},"image":{"@id":"https:\/\/3mon.sk\/eshop\/#\/schema\/logo\/image\/"},"sameAs":["https:\/\/www.facebook.com\/3MONsro","https:\/\/www.instagram.com\/3mon_rescue\/"]}]}},"_links":{"self":[{"href":"https:\/\/3mon.sk\/eshop\/wp-json\/wp\/v2\/pages\/36","targetHints":{"allow":["GET"]}}],"collection":[{"href":"https:\/\/3mon.sk\/eshop\/wp-json\/wp\/v2\/pages"}],"about":[{"href":"https:\/\/3mon.sk\/eshop\/wp-json\/wp\/v2\/types\/page"}],"author":[{"embeddable":true,"href":"https:\/\/3mon.sk\/eshop\/wp-json\/wp\/v2\/users\/1"}],"replies":[{"embeddable":true,"href":"https:\/\/3mon.sk\/eshop\/wp-json\/wp\/v2\/comments?post=36"}],"version-history":[{"count":20,"href":"https:\/\/3mon.sk\/eshop\/wp-json\/wp\/v2\/pages\/36\/revisions"}],"predecessor-version":[{"id":4641,"href":"https:\/\/3mon.sk\/eshop\/wp-json\/wp\/v2\/pages\/36\/revisions\/4641"}],"wp:attachment":[{"href":"https:\/\/3mon.sk\/eshop\/wp-json\/wp\/v2\/media?parent=36"}],"curies":[{"name":"wp","href":"https:\/\/api.w.org\/{rel}","templated":true}]}}